{"id":93,"date":"2021-04-13T16:44:00","date_gmt":"2021-04-13T13:44:00","guid":{"rendered":"http:\/\/typetype-wp.lcl\/?page_id=93"},"modified":"2026-01-30T14:35:42","modified_gmt":"2026-01-30T11:35:42","slug":"contact","status":"publish","type":"page","link":"https:\/\/typetype.org\/es\/contact\/","title":{"rendered":"Contacto"},"content":{"rendered":"<div class=\"title-block \">\n        <div class=\"title-block__row\">\n        <h1 class=\"title-block__title\">Contacto<\/h1>\n    <\/div>\n            <div class=\"title-block__row\">\n        <div class=\"title-block__subtitle\"><p><span data-sheets-root=\"1\">TypeType es\u00a0una fundici\u00f3n tipogr\u00e1fica internacional de\u00a0referencia. Nuestro equipo trabaja para ti\u00a0desde distintas partes del mundo. Contamos con representantes en\u00a0Emiratos \u00c1rabes Unidos, Kazajist\u00e1n, Armenia y\u00a0un\u00a0distribuidor en\u00a0Estados Unidos. Todos nuestros representantes, as\u00ed como el\u00a0distribuidor, est\u00e1n autorizados para licenciar y\u00a0distribuir nuestras fuentes. Est\u00e9s donde est\u00e9s, juntos encontraremos la\u00a0contraparte m\u00e1s adecuada para ti.<\/p>\n<p>En\u00a0esta p\u00e1gina puedes contactarnos completando el\u00a0siguiente formulario. Adem\u00e1s aqu\u00ed encontrar\u00e1s toda la\u00a0informaci\u00f3n de\u00a0contacto: direcci\u00f3n f\u00edsica, direcci\u00f3n de\u00a0correo, WhatsApp y\u00a0redes sociales actuales de\u00a0TypeType.<\/span><\/p>\n<\/div>\n            <\/div>\n    <\/div>\n\n\n\n<section class=\"text-with-img row office-row   \">\n        <div class=\"text-with-img__text contact-info select-office webforms_feedback\">\n        <h2 class=\"text-with-img__title\">Informaci\u00f3n del contacto<\/h2>\n                    <input type=\"hidden\" name=\"post_id\" value=\"0\" \/>\n            <select class=\"contact-select office-select fonts-menu__select\">\n                                     \n                        <option value=\"0\">Emiratos \u00c1rabes Unidos<\/option>\n                                                                                 \n                        <option value=\"1\">Kazajst\u00e1n<\/option>\n                                                                                 \n                        <option value=\"2\">Armenia<\/option>\n                                                                                                                     \n                        <option value=\"4\">Estados Unidos<\/option>\n                                                                        <\/select>\n                <div class=\"office-content\">\n            <p><strong><a href=\"https:\/\/typetype.org\/es\/wa.php?phone=77712733566\" target=\"_blank\" rel=\"noopener\">WhatsApp<\/a><br \/>\n<\/strong>Correo electr\u00f3nico:\u00a0<a href=\"mailto:commercial@typetype.org\">commercial@typetype.org<\/a><br \/>\nDirecci\u00f3n: Local n\u00famero 26438-001, Dubai Silicon Oasis, DDP, Edificio A1, Dubai<\/p>\n        <\/div>\n    <\/div>\n            <div class=\"y-map\">\n            <div id=\"map\"><\/div>\n        <\/div>\n    <\/section>\n<div class=\"maps-code\">\n    <script>\r\nasync function initMap() {\r\n    const position = {lat: 25.118674, lng: 55.377495};\r\n\r\n    const markerImage = document.createElement(\"img\");\r\n    markerImage.src = 'https:\/\/typetype.org\/wp-content\/themes\/typetype\/assets\/img\/marker.svg';\r\n    markerImage.style.width = 'inherit';\r\n    markerImage.style.height = 'auto';\r\n\r\n    const { Map } = await google.maps.importLibrary(\"maps\");\r\n    const { AdvancedMarkerElement } = await google.maps.importLibrary(\"marker\");\r\n\r\n    const map = new Map(document.getElementById('map'), {\r\n        center: position,\r\n        zoom: 17,\r\n        mapId: '3458c05427df68e6',\r\n    });\r\n\r\n    new AdvancedMarkerElement({\r\n        position,\r\n        map,\r\n        title: 'TypeType',\r\n        content: markerImage\r\n    });\r\n}\r\n<\/script><\/div>\n<script async defer src=\"https:\/\/maps.googleapis.com\/maps\/api\/js?key=AIzaSyD51zXpAJdTw5fxKek9hj3WVzn_JGX8wCM&#038;language=en&#038;callback=initMap&#038;loading=async\"><\/script>\n\n<section class=\"contact__block_form form-blocks\">\n\t<h2 class=\"page-title\">Hacer una pregunta<\/h2>\n    <div class=\"contact__types row\">\n        <div class=\"contact__types-inner\" style=\"margin:0 auto;\">\n            <div class=\"row\" style=\"margin: 0 auto; display: block; max-width: 800px; min-width: auto\">\n                <div class=\"main-trial-font__form main-trial-font__form_feedback webforms_feedback\" style=\"width:100%; margin: 0\">\n                    <div class=\"profile\">\n                        <div class=\"container\" style=\"padding-bottom: 0\">\n                            <div class=\"profile__list row\">\n                                <div class=\"profile__item\" style=\"margin: 0; padding: 0\">\n                                    \n<div class=\"wpcf7 no-js\" id=\"wpcf7-f77-o1\" lang=\"es-ES\" dir=\"ltr\" data-wpcf7-id=\"77\">\n<div class=\"screen-reader-response\"><p role=\"status\" aria-live=\"polite\" aria-atomic=\"true\"><\/p> <ul><\/ul><\/div>\n<form action=\"\/es\/wp-json\/wp\/v2\/pages\/93#wpcf7-f77-o1\" method=\"post\" class=\"wpcf7-form init new-form wpcf7-acceptance-as-validation\" id=\"contact_form\" aria-label=\"Formulario de contacto\" novalidate=\"novalidate\" data-status=\"init\">\n<fieldset class=\"hidden-fields-container\"><input type=\"hidden\" name=\"_wpcf7\" value=\"77\" \/><input type=\"hidden\" name=\"_wpcf7_version\" value=\"6.1\" \/><input type=\"hidden\" name=\"_wpcf7_locale\" value=\"es_ES\" \/><input type=\"hidden\" name=\"_wpcf7_unit_tag\" value=\"wpcf7-f77-o1\" \/><input type=\"hidden\" name=\"_wpcf7_container_post\" value=\"0\" \/><input type=\"hidden\" name=\"_wpcf7_posted_data_hash\" value=\"\" \/>\n<\/fieldset>\n<input class=\"wpcf7-form-control wpcf7-hidden\" value=\"Contact form ES\" type=\"hidden\" name=\"subject\" \/>\n<input class=\"wpcf7-form-control wpcf7-hidden\" value=\"\" type=\"hidden\" name=\"guid\" \/>\n<input class=\"wpcf7-form-control wpcf7-hidden\" value=\"1\" type=\"hidden\" name=\"no_create_company\" \/>\n<input class=\"wpcf7-form-control wpcf7-hidden\" value=\"\" type=\"hidden\" name=\"utm_source\" \/>\n<input class=\"wpcf7-form-control wpcf7-hidden\" value=\"\" type=\"hidden\" name=\"utm_medium\" \/>\n<input class=\"wpcf7-form-control wpcf7-hidden\" value=\"\" type=\"hidden\" name=\"utm_campaign\" \/>\n<input class=\"wpcf7-form-control wpcf7-hidden\" value=\"\" type=\"hidden\" name=\"utm_term\" \/>\n<input class=\"wpcf7-form-control wpcf7-hidden\" value=\"\" type=\"hidden\" name=\"utm_content\" \/>\n<input class=\"wpcf7-form-control wpcf7-hidden\" value=\"\" type=\"hidden\" name=\"ym_uid\" \/>\n<input class=\"wpcf7-form-control wpcf7-hidden\" value=\"\" type=\"hidden\" name=\"ga\" \/>\n<input class=\"wpcf7-form-control wpcf7-hidden\" value=\"\" type=\"hidden\" name=\"gclid\" \/>\n<input class=\"wpcf7-form-control wpcf7-hidden\" value=\"\" type=\"hidden\" name=\"cl_conversion_event\" \/>\n<input class=\"wpcf7-form-control wpcf7-hidden\" value=\"Contact\" type=\"hidden\" name=\"lead_type\" \/>\n<input class=\"wpcf7-form-control wpcf7-hidden\" value=\"\" type=\"hidden\" name=\"is_login\" \/>\n<input class=\"wpcf7-form-control wpcf7-hidden\" value=\"\" type=\"hidden\" name=\"country_title\" \/>\n<div class=\"form-group\">\n   <span class=\"input-title\">Elige tu b\u00fasqueda*<\/span>\n   <span class=\"wpcf7-form-control-wrap\" data-name=\"recipient\"><select class=\"wpcf7-form-control wpcf7-select wpcf7-validates-as-required fonts-menu__select\" aria-required=\"true\" aria-invalid=\"false\" name=\"recipient\"><option value=\"\">Elige tu b\u00fasqueda<\/option><option value=\"Consultas comerciales\">Consultas comerciales<\/option><option value=\"Soporte de tienda en l\u00ednea\">Soporte de tienda en l\u00ednea<\/option><option value=\"Apoyo t\u00e9cnico\">Apoyo t\u00e9cnico<\/option><option value=\"Fuentes de prueba\">Fuentes de prueba<\/option><option value=\"Fuentes personalizadas\">Fuentes personalizadas<\/option><option value=\"Licencias\">Licencias<\/option><option value=\"Colaboraci\u00f3n y RP\">Colaboraci\u00f3n y RP<\/option><\/select><\/span>\n<\/div>\n<div class=\"form-row\">\n<div class=\"form-group\">\n   <label>\n      <span class=\"input-title\">Tu nombre*<\/span>\n      <span class=\"wpcf7-form-control-wrap\" data-name=\"username\"><input size=\"40\" maxlength=\"400\" class=\"wpcf7-form-control wpcf7-text wpcf7-validates-as-required bordered\" aria-required=\"true\" aria-invalid=\"false\" value=\"\" type=\"text\" name=\"username\" \/><\/span>\n   <\/label>\n<\/div>\n<div class=\"form-group\">\n   <label>\n      <span class=\"input-title\">Correo electr\u00f3nico*<\/span>\n      <span class=\"wpcf7-form-control-wrap\" data-name=\"email\"><input size=\"40\" maxlength=\"400\" class=\"wpcf7-form-control wpcf7-email wpcf7-validates-as-required wpcf7-text wpcf7-validates-as-email bordered\" aria-required=\"true\" aria-invalid=\"false\" value=\"\" type=\"email\" name=\"email\" \/><\/span>\n   <\/label>\n<\/div>\n<\/div>\n<div class=\"form-row\">\n<div class=\"form-group\">\n   <label>\n      <span class=\"input-title\">Empresa<\/span>\n      <span class=\"wpcf7-form-control-wrap\" data-name=\"company\"><input size=\"40\" maxlength=\"400\" class=\"wpcf7-form-control wpcf7-text bordered\" aria-invalid=\"false\" value=\"\" type=\"text\" name=\"company\" \/><\/span>\n   <\/label>\n<\/div>\n<div class=\"form-group\">\n   <label>\n      <span class=\"input-title\">N\u00famero de tel\u00e9fono<\/span>\n      <span class=\"wpcf7-form-control-wrap\" data-name=\"phone\"><input size=\"40\" maxlength=\"400\" class=\"wpcf7-form-control wpcf7-text country-phone\" aria-invalid=\"false\" value=\"\" type=\"text\" name=\"phone\" \/><\/span>\n   <\/label>\n<\/div>\n<\/div>\n   <div class=\"form-group\">\n      <label>\n          <span class=\"input-title\">Texto del mensaje*<\/span>\n          <span class=\"wpcf7-form-control-wrap\" data-name=\"message\"><textarea cols=\"40\" rows=\"2\" maxlength=\"4000\" class=\"wpcf7-form-control wpcf7-textarea wpcf7-validates-as-required\" aria-required=\"true\" aria-invalid=\"false\" name=\"message\"><\/textarea><\/span>\n      <\/label>\n   <\/div>\n   <span class=\"custom-checkbox_squad accept\">\n   <span class=\"wpcf7-form-control-wrap\" data-name=\"accept\"><span class=\"wpcf7-form-control wpcf7-acceptance\"><span class=\"wpcf7-list-item\"><label><input type=\"checkbox\" name=\"accept\" value=\"1\" aria-invalid=\"false\" \/><span class=\"wpcf7-list-item-label\"><span class=\"accept-text\">\n        <span class=\"text_grey-air\">Acepto las condiciones del <\/span> \n        <a href=\"\/es\/agreement\/\" target=\"_blank\">Acuerdo de Usuario<\/a>\n        <span class=\"text_grey-air\"> y la <\/span>\n        <a href=\"\/es\/agreement\/privacy-policy\/\" target=\"_blank\">Pol\u00edtica de Privacidad<\/a>\n      <\/span><\/span><\/label><\/span><\/span><\/span>   \n   <\/span>\n   <div class=\"btn-group\">\n         <input class=\"wpcf7-form-control wpcf7-submit has-spinner btn\" type=\"submit\" value=\"Enviar\" \/>\n   <\/div><div class=\"wpcf7-response-output\" aria-hidden=\"true\"><\/div>\n<\/form>\n<\/div>\n                                <\/div>\n                            <\/div>\n                        <\/div>\n                    <\/div>\n                <\/div>\n            <\/div>\n        <\/div>\n    <\/div> \n<\/section>\n\n\n\n\n<div class=\"container\">\n    <article class=\"socials row\">\n        <div class=\"socials-item\">\n            <h2 class=\"socials-item__title text-with-img__title text_grey-air\">Sociales<\/h2>\n        <\/div>\n                                                                                    <div class=\"socials-item\">\n                                            <a href=\"https:\/\/twitter.com\/_TYPETYPE_\" target=\"_blank\" class=\"socials-item__title\" onclick=\"ym(66985327,'reachGoal', 'Twitter'); return true;\">Twitter<\/a>\n                                        <p>La p\u00e1gina oficial de TypeType en X. Suscr\u00edbete para ser el primero en conocer descuentos, actualizaciones y nuevos casos con nuestras fuentes.<\/p>\n                <\/div>\n                                            <div class=\"socials-item\">\n                                            <a href=\"https:\/\/www.linkedin.com\/company\/typetype-foundry\/\" target=\"_blank\" class=\"socials-item__title\" onclick=\"ym(66985327,'reachGoal', 'linkedin'); return true;\">LinkedIn<\/a>\n                                        <p>Comparte informaci\u00f3n sobre nuestros proyectos, dise\u00f1o tipogr\u00e1fico y casos destacados con nuestras fuentes. <\/p>\n                <\/div>\n                                            <div class=\"socials-item\">\n                                            <a href=\"https:\/\/www.behance.net\/typetype\" target=\"_blank\" class=\"socials-item__title\" onclick=\"ym(66985327,'reachGoal', 'Behance'); return true;\">Behance<\/a>\n                                        <p>Las presentaciones gr\u00e1ficas m\u00e1s populares de todas las fuentes pueden acceder a la p\u00e1gina de Behance.<\/p>\n                <\/div>\n                                            <div class=\"socials-item\">\n                                            <a href=\"https:\/\/typetype.medium.com\/\" target=\"_blank\" class=\"socials-item__title\" onclick=\"ym(66985327,'reachGoal', 'Medium'); return true;\">Medium<\/a>\n                                        <p>La colecci\u00f3n de art\u00edculos del blog TypeType. Explora nuestros materiales sobre dise\u00f1o tipogr\u00e1fico y art\u00edculos \u00fatiles sobre fuentes.<\/p>\n                <\/div>\n                                            <div class=\"socials-item\">\n                                            <a href=\"https:\/\/www.youtube.com\/channel\/UCBz4L7CIbkrW72G4q8aFPBQ\" target=\"_blank\" class=\"socials-item__title\" onclick=\"ym(66985327,'reachGoal', 'YouTube'); return true;\">YouTube<\/a>\n                                        <p>Aqu\u00ed encontrar\u00e1s grabaciones de nuestras conferencias y seminarios web. Dispositivos de dise\u00f1o, novedades y especialistas TypeType, pel\u00edculas y muchos ejemplos.<\/p>\n                <\/div>\n                                            <div class=\"socials-item\">\n                                            <a href=\"https:\/\/www.pinterest.com\/typetypefonts\/\" target=\"_blank\" class=\"socials-item__title\" onclick=\"ym(66985327,'reachGoal', 'Pinterest'); return true;\">Pinterest<\/a>\n                                        <p>La est\u00e9tica tipogr\u00e1fica en diversas expresiones: fuentes en dise\u00f1o, presentaciones y otros materiales gr\u00e1ficos.<\/p>\n                <\/div>\n                        <\/article>  \n<\/div>\n\n<a href=\"https:\/\/typetype.org\/es\/about\/\" class=\" linked-block row\">     <span class=\"linked-block__title\">Sobre nosotros<\/span>\n    <span class=\"linked-block__text\">Leer m\u00e1s sobre TypeType<\/span> <\/a> ","protected":false},"excerpt":{"rendered":"<p>Siempre estamos abiertos a la comunicaci\u00f3n y estaremos encantados de resolver tus preguntas y dudas. Para tu comodidad hemos creado varias direcciones de correo electr\u00f3nico diferentes para diferentes tipos de solicitudes.<\/p>\n","protected":false},"author":1,"featured_media":100000158,"parent":0,"menu_order":0,"comment_status":"closed","ping_status":"closed","template":"","meta":{"_acf_changed":false,"footnotes":""},"class_list":["post-93","page","type-page","status-publish","has-post-thumbnail","hentry"],"acf":[],"_links":{"self":[{"href":"https:\/\/typetype.org\/es\/wp-json\/wp\/v2\/pages\/93","targetHints":{"allow":["GET"]}}],"collection":[{"href":"https:\/\/typetype.org\/es\/wp-json\/wp\/v2\/pages"}],"about":[{"href":"https:\/\/typetype.org\/es\/wp-json\/wp\/v2\/types\/page"}],"author":[{"embeddable":true,"href":"https:\/\/typetype.org\/es\/wp-json\/wp\/v2\/users\/1"}],"replies":[{"embeddable":true,"href":"https:\/\/typetype.org\/es\/wp-json\/wp\/v2\/comments?post=93"}],"version-history":[{"count":5,"href":"https:\/\/typetype.org\/es\/wp-json\/wp\/v2\/pages\/93\/revisions"}],"predecessor-version":[{"id":47623,"href":"https:\/\/typetype.org\/es\/wp-json\/wp\/v2\/pages\/93\/revisions\/47623"}],"wp:featuredmedia":[{"embeddable":true,"href":"https:\/\/typetype.org\/es\/wp-json\/wp\/v2\/media\/100000158"}],"wp:attachment":[{"href":"https:\/\/typetype.org\/es\/wp-json\/wp\/v2\/media?parent=93"}],"curies":[{"name":"wp","href":"https:\/\/api.w.org\/{rel}","templated":true}]}}