{"id":84,"date":"2021-04-14T18:19:59","date_gmt":"2021-04-14T15:19:59","guid":{"rendered":"http:\/\/typetype-wp.lcl\/?page_id=84"},"modified":"2026-02-05T13:28:59","modified_gmt":"2026-02-05T10:28:59","slug":"about","status":"publish","type":"page","link":"https:\/\/typetype.org\/es\/about\/","title":{"rendered":"Sobre TypeType"},"content":{"rendered":"<div class=\"title-block \">\n        <div class=\"title-block__row\">\n        <h1 class=\"title-block__title\">Creamos fuentes que inspiran<\/h1>\n    <\/div>\n            <div class=\"title-block__row\">\n        <div class=\"title-block__subtitle\"><p>Nuestra misi\u00f3n es crear fuentes modernas, est\u00e9ticamente agradables, multifuncionales y f\u00e1ciles de usar, as\u00ed como difundir conocimientos sobre dise\u00f1o tipogr\u00e1fico. Estamos constantemente mejorando y monitoreando de cerca las tendencias para crear nuevos proyectos populares y actualizar los antiguos.<\/p>\n<\/div>\n            <\/div>\n    <\/div>\n\n    <section class=\"facts-block\" id=\"facts-counters\">\n                    <div class=\"text-with-img__title\">\n                <h2 class=\"title\">Solo los hechos<\/h2>\n            <\/div>\n                <div class=\"facts-list\">\n                                            <div class=\"facts-item\">\n                    <div class=\"facts-item__count item-counter\" data-count=\"12\">\n                        <span>0<\/span>\n                        +                    <\/div>\n                    <div class=\"facts-item__description\">\n                        a\u00f1os en el mercado de fuentes                    <\/div>\n                <\/div>\n                                            <div class=\"facts-item\">\n                    <div class=\"facts-item__count item-counter\" data-count=\"75\">\n                        <span>0<\/span>\n                        +                    <\/div>\n                    <div class=\"facts-item__description\">\n                        fuentes en la colecci\u00f3n                    <\/div>\n                <\/div>\n                                            <div class=\"facts-item\">\n                    <div class=\"facts-item__count item-counter\" data-count=\"1480\">\n                        <span>0<\/span>\n                        +                    <\/div>\n                    <div class=\"facts-item__description\">\n                        escrituras                    <\/div>\n                <\/div>\n                                            <div class=\"facts-item\">\n                    <div class=\"facts-item__count item-counter\" data-count=\"80\">\n                        <span>0<\/span>\n                        +                    <\/div>\n                    <div class=\"facts-item__description\">\n                        empleados                    <\/div>\n                <\/div>\n                                            <div class=\"facts-item\">\n                    <div class=\"facts-item__count item-counter\" data-count=\"75000\">\n                        <span>0<\/span>\n                        +                    <\/div>\n                    <div class=\"facts-item__description\">\n                        p\u00e1ginas web utilizan nuestras fuentes                    <\/div>\n                <\/div>\n                                            <div class=\"facts-item\">\n                    <div class=\"facts-item__count item-counter\" data-count=\"50000\">\n                        <span>0<\/span>\n                        +                    <\/div>\n                    <div class=\"facts-item__description\">\n                        clientes de 120+ pa\u00edses                    <\/div>\n                <\/div>\n                    <\/div>\n    <\/section>\n\n\n\n            \n\n\n\n<section  class=\" text-with-img row   text-with-img_text-full text-with-img_50 \">\n\n            <div class=\"text-with-img__text\">\n                            <h2 class=\"text-with-img__title title-mf\">Acerca de la empresa<\/h2>\n                        <p>TypeType es un estudio de dise\u00f1o tipogr\u00e1fico internacional, uno de los m\u00e1s grandes del mundo. Desarrollamos tipograf\u00edas, brindamos servicios de personalizaci\u00f3n, masterizaci\u00f3n tipogr\u00e1fica (y otros).<\/p>\n<p>Nuestras fuentes se\u00a0utilizan por grandes empresas en\u00a0todo el\u00a0mundo, tales como Tom Tailor, Uniqlo, Cartoon Network, Telef\u00f3nica, Mattel, Doordash, Vogue y\u00a0otras.<\/p>\n<p>M\u00e1s de 80 empleados de diferentes pa\u00edses est\u00e1n trabajando en nuestros proyectos. El estudio cuenta con cinco departamentos: creativo, t\u00e9cnico, comercial, marketing y administrativo.<\/p>\n<p>Para nosotros es\u00a0importante apoyar y\u00a0desarrollar el\u00a0campo del dise\u00f1o tipogr\u00e1fico, por eso participamos activamente en\u00a0actividades educativas: publicamos regularmente art\u00edculos, podcasts, videos y\u00a0otros materiales sobre dise\u00f1o tipogr\u00e1fico, realizamos seminarios web, colaboramos con proyectos educativos y\u00a0universidades, invitamos estudiantes a\u00a0pr\u00e1cticas.<\/p>\n<p>Tambi\u00e9n ejercemos como socios en\u00a0eventos de\u00a0dise\u00f1o.<\/p>\n            <\/div>\n                        <img decoding=\"async\" width=\"1024\" height=\"576\" src=\"https:\/\/typetype.org\/es\/wp-content\/uploads\/a58418f3-35c5-4c27-8a7a-e174eaf8bd7f-1-1024x576-1.webp\" class=\"img-after\" alt=\"Acerca de la empresa\" \/>            <\/section>\n\n    <section class=\"history-block\">\n                    <div class=\"text-with-img__title\">\n                <h2 class=\"title\">Historia de la empresa<\/h2>\n            <\/div>\n                <div class=\"history-list\">\n                            <div class=\"history-item highlight col-25\">\n                   <div class=\"history-item__year\">\n                        2013                   <\/div>\n                   <div class=\"history-item__description\">\n                        Fundaci&oacute;n de&nbsp;TypeType                   <\/div>\n                <\/div>\n                            <div class=\"history-item col-25\">\n                   <div class=\"history-item__year\">\n                        2014                   <\/div>\n                   <div class=\"history-item__description\">\n                        Lanzamiento de&nbsp;la&nbsp;primera fuente del estudio&nbsp;&mdash; TT&nbsp;Squares                   <\/div>\n                <\/div>\n                            <div class=\"history-item col-50\">\n                   <div class=\"history-item__year\">\n                        2016                   <\/div>\n                   <div class=\"history-item__description\">\n                        &bull; Lanzamiento del primer curso educativo sobre el&nbsp;dise&ntilde;o de&nbsp;fuentes <br \/>\r\n&bull; Inauguraci&oacute;n de&nbsp;la&nbsp;oficina <br \/>\r\n&bull; Nuevo enfoque a&nbsp;la&nbsp;creaci&oacute;n de&nbsp;fuentes: ampliamos los caracteres y&nbsp;variantes de&nbsp;escrituras, introducimos OpenType<br \/>\r\n&bull; Lanzamiento de&nbsp;la&nbsp;primera fuente creada en&nbsp;el&nbsp;nuevo enfoque&nbsp;&mdash; TT&nbsp;Lakes                   <\/div>\n                <\/div>\n                            <div class=\"history-item col-25\">\n                   <div class=\"history-item__year\">\n                        2017                   <\/div>\n                   <div class=\"history-item__description\">\n                        &bull; Lanzamiento del m&aacute;s vendido&nbsp;&mdash; TT&nbsp;Norms<br \/>\r\n&bull; Creaci&oacute;n del departamento t&eacute;cnico. Mejora de&nbsp;calidad de&nbsp;las fuentes.                   <\/div>\n                <\/div>\n                            <div class=\"history-item col-25\">\n                   <div class=\"history-item__year\">\n                        2018                   <\/div>\n                   <div class=\"history-item__description\">\n                        Lanzamiento del segundo m&aacute;s vendido&nbsp;&mdash; TT&nbsp;Commons                   <\/div>\n                <\/div>\n                            <div class=\"history-item col-25\">\n                   <div class=\"history-item__year\">\n                        2019                   <\/div>\n                   <div class=\"history-item__description\">\n                        Empezamos a&nbsp;trabajar con las grandes marcas                   <\/div>\n                <\/div>\n                            <div class=\"history-item col-25\">\n                   <div class=\"history-item__year\">\n                        2021                   <\/div>\n                   <div class=\"history-item__description\">\n                        &bull; Apertura de&nbsp;la&nbsp;oficina en&nbsp;EE.&nbsp;UU. <br \/>\r\n&bull; Ampliamos el&nbsp;n&uacute;mero de&nbsp;empleados hasta 30+ <br \/>\r\n&bull; Nuevos servicios: customizaci&oacute;n, desarrollo de&nbsp;escrituras personalizadas para las grandes marcas, mastering y&nbsp;hinting                   <\/div>\n                <\/div>\n                            <div class=\"history-item col-25\">\n                   <div class=\"history-item__year\">\n                        2022                   <\/div>\n                   <div class=\"history-item__description\">\n                        Apertura de&nbsp;la&nbsp;oficina en&nbsp;Kazajist&aacute;n                   <\/div>\n                <\/div>\n                            <div class=\"history-item col-50\">\n                   <div class=\"history-item__year\">\n                        2023                   <\/div>\n                   <div class=\"history-item__description\">\n                        &bull; Inauguraci&oacute;n de&nbsp;nuestra tienda en&nbsp;l&iacute;nea <br \/>\r\n&bull; Apertura de&nbsp;la&nbsp;oficina en&nbsp;EAU<br \/>\r\n&bull; Primer meet-up de&nbsp;TypeType                   <\/div>\n                <\/div>\n                            <div class=\"history-item highlight col-25\">\n                   <div class=\"history-item__year\">\n                        2024                   <\/div>\n                   <div class=\"history-item__description\">\n                        &bull; Premio Red Dot: Best of&nbsp;the Best<br \/>\r\n&bull; Socios con Granshan y&nbsp;ADCR                   <\/div>\n                <\/div>\n                    <\/div>\n    <\/section>\n\n\n\n            \n\n\n\n<section  class=\" text-with-img row row-reverse  text-with-img_text-full text-with-img_50 \">\n\n                            <img decoding=\"async\" width=\"842\" height=\"595\" src=\"https:\/\/typetype.org\/es\/wp-content\/uploads\/dad7242c-c2a6-44c2-be56-1c9c7d930d23-1.webp\" class=\"attachment-1536x1536 size-1536x1536\" alt=\"Sobre las fuentes\" \/>                <div class=\"text-with-img__text\">\n                            <h2 class=\"text-with-img__title title-mf\">Sobre las fuentes<\/h2>\n                        <p><span data-sheets-root=\"1\">La\u00a0colecci\u00f3n TypeType incluye m\u00e1s de\u00a075 tipos de\u00a0letra comerciales de\u00a0varios tipos: decorativas y\u00a0textuales, sans serif y\u00a0serif, manuscrita y\u00a0slab, contorno y\u00a0monoespacio. Muchos de\u00a0ellos contienen fuentes variables que el\u00a0usuario puede personalizar de\u00a0forma independiente seg\u00fan uno o\u00a0m\u00e1s par\u00e1metros (ancho, negrita, inclinaci\u00f3n).<\/span><\/p>\n<p>Todas nuestras fuentes se\u00a0actualizan y\u00a0constantemente para que cumplan con los requisitos t\u00e9cnicos y\u00a0est\u00e9ticos modernos. Incluyen un\u00a0conjunto funcional de\u00a0funciones OpenType y\u00a0un\u00a0amplio soporte de\u00a0idiomas (en\u00a0particular, una gran cantidad de\u00a0idiomas basados \u200b\u200b\u200b\u200ben el\u00a0alfabeto cir\u00edlico).<\/p>\n<p>Los m\u00e1s vendidos del estudio incluyen 7 tipos de\u00a0letra: TT\u00a0Norms\u00ae Pro, TT\u00a0Commons\u2122 Pro, TT\u00a0Fors, TT\u00a0Firs Neue, TT\u00a0Hoves Pro, TT\u00a0Interphases Pro, TT\u00a0Ramillas.<\/p>\n<p>Las fuentes TypeType ganan regularmente premios en\u00a0importantes concursos internacionales como Red Dot, Granshan, Muse, Workspace, Indigo y\u00a0otros.<\/p>\n            <\/div>\n    <\/section>\n\n<section class=\"contact__block_form form-blocks\">\n\t<h2 class=\"page-title\">Hacer una pregunta<\/h2>\n    <div class=\"contact__types row\">\n        <div class=\"contact__types-inner\" style=\"margin:0 auto;\">\n            <div class=\"row\" style=\"margin: 0 auto; display: block; max-width: 800px; min-width: auto\">\n                <div class=\"main-trial-font__form main-trial-font__form_feedback webforms_feedback\" style=\"width:100%; margin: 0\">\n                    <div class=\"profile\">\n                        <div class=\"container\" style=\"padding-bottom: 0\">\n                            <div class=\"profile__list row\">\n                                <div class=\"profile__item\" style=\"margin: 0; padding: 0\">\n                                    \n<div class=\"wpcf7 no-js\" id=\"wpcf7-f34083-o1\" lang=\"es-ES\" dir=\"ltr\" data-wpcf7-id=\"34083\">\n<div class=\"screen-reader-response\"><p role=\"status\" aria-live=\"polite\" aria-atomic=\"true\"><\/p> <ul><\/ul><\/div>\n<form action=\"\/es\/wp-json\/wp\/v2\/pages\/84#wpcf7-f34083-o1\" method=\"post\" class=\"wpcf7-form init new-form wpcf7-acceptance-as-validation\" id=\"about_form\" aria-label=\"Formulario de contacto\" novalidate=\"novalidate\" data-status=\"init\">\n<fieldset class=\"hidden-fields-container\"><input type=\"hidden\" name=\"_wpcf7\" value=\"34083\" \/><input type=\"hidden\" name=\"_wpcf7_version\" value=\"6.1\" \/><input type=\"hidden\" name=\"_wpcf7_locale\" value=\"es_ES\" \/><input type=\"hidden\" name=\"_wpcf7_unit_tag\" value=\"wpcf7-f34083-o1\" \/><input type=\"hidden\" name=\"_wpcf7_container_post\" value=\"0\" \/><input type=\"hidden\" name=\"_wpcf7_posted_data_hash\" value=\"\" \/>\n<\/fieldset>\n<input class=\"wpcf7-form-control wpcf7-hidden\" value=\"About form ES\" type=\"hidden\" name=\"subject\" \/>\n<input class=\"wpcf7-form-control wpcf7-hidden\" value=\"\" type=\"hidden\" name=\"guid\" \/>\n<input class=\"wpcf7-form-control wpcf7-hidden\" value=\"1\" type=\"hidden\" name=\"no_create_company\" \/>\n<input class=\"wpcf7-form-control wpcf7-hidden\" value=\"\" type=\"hidden\" name=\"utm_source\" \/>\n<input class=\"wpcf7-form-control wpcf7-hidden\" value=\"\" type=\"hidden\" name=\"utm_medium\" \/>\n<input class=\"wpcf7-form-control wpcf7-hidden\" value=\"\" type=\"hidden\" name=\"utm_campaign\" \/>\n<input class=\"wpcf7-form-control wpcf7-hidden\" value=\"\" type=\"hidden\" name=\"utm_term\" \/>\n<input class=\"wpcf7-form-control wpcf7-hidden\" value=\"\" type=\"hidden\" name=\"utm_content\" \/>\n<input class=\"wpcf7-form-control wpcf7-hidden\" value=\"\" type=\"hidden\" name=\"ym_uid\" \/>\n<input class=\"wpcf7-form-control wpcf7-hidden\" value=\"\" type=\"hidden\" name=\"ga\" \/>\n<input class=\"wpcf7-form-control wpcf7-hidden\" value=\"\" type=\"hidden\" name=\"gclid\" \/>\n<input class=\"wpcf7-form-control wpcf7-hidden\" value=\"\" type=\"hidden\" name=\"cl_conversion_event\" \/>\n<input class=\"wpcf7-form-control wpcf7-hidden\" value=\"About\" type=\"hidden\" name=\"lead_type\" \/>\n<input class=\"wpcf7-form-control wpcf7-hidden\" value=\"\" type=\"hidden\" name=\"is_login\" \/>\n<input class=\"wpcf7-form-control wpcf7-hidden\" value=\"\" type=\"hidden\" name=\"country_title\" \/>\n<div class=\"form-group\">\n   <span class=\"input-title\">Elige tu b\u00fasqueda*<\/span>\n   <span class=\"wpcf7-form-control-wrap\" data-name=\"recipient\"><select class=\"wpcf7-form-control wpcf7-select wpcf7-validates-as-required fonts-menu__select\" aria-required=\"true\" aria-invalid=\"false\" name=\"recipient\"><option value=\"\">Elige tu b\u00fasqueda<\/option><option value=\"Consultas comerciales\">Consultas comerciales<\/option><option value=\"Soporte de tienda en l\u00ednea\">Soporte de tienda en l\u00ednea<\/option><option value=\"Apoyo t\u00e9cnico\">Apoyo t\u00e9cnico<\/option><option value=\"Fuentes de prueba\">Fuentes de prueba<\/option><option value=\"Fuentes personalizadas\">Fuentes personalizadas<\/option><option value=\"Licencias\">Licencias<\/option><option value=\"Colaboraci\u00f3n y RP\">Colaboraci\u00f3n y RP<\/option><\/select><\/span>\n<\/div>\n<div class=\"form-row\">\n<div class=\"form-group\">\n   <label>\n      <span class=\"input-title\">Tu nombre*<\/span>\n      <span class=\"wpcf7-form-control-wrap\" data-name=\"username\"><input size=\"40\" maxlength=\"400\" class=\"wpcf7-form-control wpcf7-text wpcf7-validates-as-required bordered\" aria-required=\"true\" aria-invalid=\"false\" value=\"\" type=\"text\" name=\"username\" \/><\/span>\n   <\/label>\n<\/div>\n<div class=\"form-group\">\n   <label>\n      <span class=\"input-title\">Correo electr\u00f3nico*<\/span>\n      <span class=\"wpcf7-form-control-wrap\" data-name=\"email\"><input size=\"40\" maxlength=\"400\" class=\"wpcf7-form-control wpcf7-email wpcf7-validates-as-required wpcf7-text wpcf7-validates-as-email bordered\" aria-required=\"true\" aria-invalid=\"false\" value=\"\" type=\"email\" name=\"email\" \/><\/span>\n   <\/label>\n<\/div>\n<\/div>\n<div class=\"form-group\">\n   <label>\n      <span class=\"input-title\">Empresa<\/span>\n      <span class=\"wpcf7-form-control-wrap\" data-name=\"company\"><input size=\"40\" maxlength=\"400\" class=\"wpcf7-form-control wpcf7-text bordered\" aria-invalid=\"false\" value=\"\" type=\"text\" name=\"company\" \/><\/span>\n   <\/label>\n<\/div>\n<div class=\"form-group\">\n   <label>\n      <span class=\"input-title\">N\u00famero de tel\u00e9fono<\/span>\n      <span class=\"wpcf7-form-control-wrap\" data-name=\"phone\"><input size=\"40\" maxlength=\"400\" class=\"wpcf7-form-control wpcf7-text country-phone\" aria-invalid=\"false\" value=\"\" type=\"text\" name=\"phone\" \/><\/span>\n   <\/label>\n<\/div>\n   <div class=\"form-group\">\n      <label>\n          <span class=\"input-title\">Texto del mensaje*<\/span>\n          <span class=\"wpcf7-form-control-wrap\" data-name=\"message\"><textarea cols=\"40\" rows=\"2\" maxlength=\"4000\" class=\"wpcf7-form-control wpcf7-textarea wpcf7-validates-as-required\" aria-required=\"true\" aria-invalid=\"false\" name=\"message\"><\/textarea><\/span>\n      <\/label>\n   <\/div>\n   <span class=\"custom-checkbox_squad accept\">\n   <span class=\"wpcf7-form-control-wrap\" data-name=\"accept\"><span class=\"wpcf7-form-control wpcf7-acceptance\"><span class=\"wpcf7-list-item\"><label><input type=\"checkbox\" name=\"accept\" value=\"1\" aria-invalid=\"false\" \/><span class=\"wpcf7-list-item-label\"><span class=\"accept-text\">\n        <span class=\"text_grey-air\">Acepto las condiciones del <\/span> \n        <a href=\"\/es\/agreement\/\" target=\"_blank\">Acuerdo de Usuario<\/a>\n        <span class=\"text_grey-air\"> y la <\/span>\n        <a href=\"\/es\/agreement\/privacy-policy\/\" target=\"_blank\">Pol\u00edtica de Privacidad<\/a>\n    <\/span><\/span><\/label><\/span><\/span><\/span>   \n   <\/span>\n   <div class=\"btn-group\">\n         <input class=\"wpcf7-form-control wpcf7-submit has-spinner btn\" type=\"submit\" value=\"Enviar\" \/>\n   <\/div><div class=\"wpcf7-response-output\" aria-hidden=\"true\"><\/div>\n<\/form>\n<\/div>\n                                <\/div>\n                            <\/div>\n                        <\/div>\n                    <\/div>\n                <\/div>\n            <\/div>\n        <\/div>\n    <\/div> \n<\/section>\n\n\n<a href=\"https:\/\/typetype.org\/es\/about\/team\/\" class=\" linked-block row\">     <span class=\"linked-block__title\">Nuestro Equipo<\/span>\n    <span class=\"linked-block__text\">Conozca m\u00e1s sobre nuestro personal<\/span> <\/a> ","protected":false},"excerpt":{"rendered":"<p>Desde 2013 el\u00a0estudio de\u00a0dise\u00f1o tipogr\u00e1fico TypeType ha\u00a0estado desarrollando fuentes funcionales y\u00a0est\u00e9ticas, tipos de\u00a0letra comerciales personalizados y\u00a0brindando servicios de\u00a0masterizaci\u00f3n tipogr\u00e1fica.<\/p>\n","protected":false},"author":1,"featured_media":100000135,"parent":0,"menu_order":0,"comment_status":"closed","ping_status":"closed","template":"","meta":{"_acf_changed":false,"footnotes":""},"class_list":["post-84","page","type-page","status-publish","has-post-thumbnail","hentry"],"acf":[],"_links":{"self":[{"href":"https:\/\/typetype.org\/es\/wp-json\/wp\/v2\/pages\/84","targetHints":{"allow":["GET"]}}],"collection":[{"href":"https:\/\/typetype.org\/es\/wp-json\/wp\/v2\/pages"}],"about":[{"href":"https:\/\/typetype.org\/es\/wp-json\/wp\/v2\/types\/page"}],"author":[{"embeddable":true,"href":"https:\/\/typetype.org\/es\/wp-json\/wp\/v2\/users\/1"}],"replies":[{"embeddable":true,"href":"https:\/\/typetype.org\/es\/wp-json\/wp\/v2\/comments?post=84"}],"version-history":[{"count":5,"href":"https:\/\/typetype.org\/es\/wp-json\/wp\/v2\/pages\/84\/revisions"}],"predecessor-version":[{"id":47765,"href":"https:\/\/typetype.org\/es\/wp-json\/wp\/v2\/pages\/84\/revisions\/47765"}],"wp:featuredmedia":[{"embeddable":true,"href":"https:\/\/typetype.org\/es\/wp-json\/wp\/v2\/media\/100000135"}],"wp:attachment":[{"href":"https:\/\/typetype.org\/es\/wp-json\/wp\/v2\/media?parent=84"}],"curies":[{"name":"wp","href":"https:\/\/api.w.org\/{rel}","templated":true}]}}