{"id":3697,"date":"2021-05-03T17:27:59","date_gmt":"2021-05-03T14:27:59","guid":{"rendered":"https:\/\/typetype.org\/es\/?page_id=3697"},"modified":"2026-03-24T12:28:02","modified_gmt":"2026-03-24T09:28:02","slug":"hinting-2","status":"publish","type":"page","link":"https:\/\/typetype.org\/es\/hinting\/","title":{"rendered":"Hinting"},"content":{"rendered":"<div class=\"custom-screen \" style=\"max-width:100%\">\n            <div class=\"custom-screen__row\">\n            <h1 class=\"custom-screen__title\">Optimizaci&oacute;n de&nbsp;fuentes a&nbsp;medida<\/h1>\n        <\/div>\n                <div class=\"custom-screen__row\">\n            <div class=\"custom-screen__subtitle\">Tu&nbsp;fuente se&nbsp;visualizar&aacute; con la&nbsp;m&aacute;xima precisi&oacute;n en&nbsp;cualquier dispositivo y&nbsp;programa, incluso con baja resoluci&oacute;n de&nbsp;pantalla o&nbsp;en&nbsp;tama&ntilde;os de&nbsp;texto peque&ntilde;os.<\/div>\n                    <\/div>\n                <div class=\"custom-screen__row row-btns\">\n        <div class=\"row-btns__one\">\n                                                <button data-url=\"#hinting_form\" data-position=\"under title\" data-text=\"Enviar solicitud\" class=\"btn--large btn click_hinting\">Enviar solicitud<\/button>\n                                    <\/div>\n        <div class=\"row-btns__two\">\n                                                <\/div>\n    <\/div>\n    <\/div>\n\n\n\n<section  class=\" text-with-img row     \">\n\n            <div class=\"text-with-img__text\">\n                            <h2 class=\"text-with-img__title title-mf\">Hinting de fuente<\/h2>\n                        <p><!-- wp:acf\/custom-fonts-screen {\"name\":\"acf\/custom-fonts-screen\",\"data\":{\"field_632bf976ddace\":\"1\",\"field_632dae300c615\":\"0\",\"field_660942a6d680d\":\"100%\",\"field_632bf9baddacf\":\"Wir vermarkten Ihre Schrift\",\"field_6553be6d094cf\":\"div\",\"field_632bf9daddad0\":\"Professionell angepasstes Hinting f\u00fcr Ihre Schrift \",\"field_6534fbe63d6e6\":\"\",\"field_632bf9e7ddad1\":{\"row-0\":{\"field_632bf9feddad2\":\"Anfrage abschicken\",\"field_632bfa0dddad3\":\"#hinting_form\",\"field_632bfa2bddad4\":\"1\",\"field_64022cae306a2\":\"\"}}},\"mode\":\"edit\"} \/-->El\u00a0hinting mejora la\u00a0apariencia del texto y\u00a0su\u00a0legibilidad en\u00a0resoluciones de\u00a0pantalla bajas o\u00a0tama\u00f1os de\u00a0fuente peque\u00f1os.<\/p>\n<p>El\u00a0hinting (o\u00a0instrucciones) TrueType: sugerencias que se\u00a0superponen al\u00a0escalar los contornos de\u00a0los caracteres de\u00a0la\u00a0fuente y\u00a0reflejan mejor las formas originalmente previstas por el\u00a0dise\u00f1ador en\u00a0cualquier tama\u00f1o, dispositivo, resoluci\u00f3n y\u00a0software.<\/p>\n<p><span data-sheets-root=\"1\">Producimos el\u00a0hinting TrueType tanto para estilos individuales est\u00e1ticos como para fuentes variables. Usamos Visual TrueType y\u00a0una serie de\u00a0programas t\u00e9cnicos propios para optimizar el\u00a0trabajo con hinting.<\/span><\/p>\n            <\/div>\n                        <img decoding=\"async\" width=\"1350\" height=\"400\" src=\"https:\/\/typetype.org\/es\/wp-content\/uploads\/sites\/11\/hinting-1-1.gif\" class=\"img-after\" alt=\"Hinting de fuente\" \/>            <\/section>\n\n\n\n<section  class=\" text-with-img row row-reverse    about-type__justify\">\n\n                            <img decoding=\"async\" width=\"1\" height=\"1\" src=\"https:\/\/typetype.org\/es\/wp-content\/uploads\/sites\/11\/hinting.svg\" class=\"attachment-1536x1536 size-1536x1536\" alt=\"Cuatro tareas clave que resuelve el hinting:\" \/>                <div class=\"text-with-img__text\">\n                            <h2 class=\"text-with-img__title title-mf\">Cuatro tareas clave que resuelve el hinting:<\/h2>\n                        <p><span data-sheets-root=\"1\">1. Proporciona contraste: el\u00a0hinting le\u00a0permite devolver a\u00a0la\u00a0fuente el\u00a0contraste previsto por el\u00a0dise\u00f1ador;<\/span><\/p>\n<p><span data-sheets-root=\"1\">2. Aumenta la\u00a0legibilidad: con textos de\u00a0tama\u00f1o peque\u00f1o, esta sugerencia lucha por la\u00a0legibilidad de\u00a0los caracteres;<\/span><\/p>\n<p><span data-sheets-root=\"1\">3. Admite el\u00a0espaciado: el\u00a0hinting no\u00a0permite que las letras se\u00a0peguen y\u00a0controla la\u00a0distancia entre las letras seg\u00fan lo\u00a0previsto por el\u00a0autor;<\/span><\/p>\n<p>4. Maintains a\u00a0plain text line\u00a0\u2014 hinting makes the letters in\u00a0all text sizes stay within the line and not to\u00a0jump out of\u00a0it.<\/p>\n            <\/div>\n    <\/section>\n\n\n\n<section  class=\" text-with-img row     \">\n\n            <div class=\"text-with-img__text\">\n                            <h2 class=\"text-with-img__title title-mf\">Hinting<\/h2>\n                        <p><span data-sheets-root=\"1\">El\u00a0hinting tiene varios matices seg\u00fan el\u00a0sistema operativo o\u00a0el\u00a0navegador en\u00a0el\u00a0que se\u00a0muestra la\u00a0fuente. Estamos constantemente mejorando los scripts que mejoran y\u00a0optimizan nuestro hinting. Para nuestros clientes, elaboramos el\u00a0hinting detallado en\u00a0todos los casos solicitados para que las fuentes se\u00a0muestren con la\u00a0mayor precisi\u00f3n posible. Adem\u00e1s, realizamos auditor\u00edas de\u00a0fuentes para empresas tipogr\u00e1ficas y\u00a0ofrecemos recomendaciones adecuadas.<\/span><\/p>\n<p><span data-sheets-root=\"1\">Lea m\u00e1s sobre las sugerencias en\u00a0<a href=\"https:\/\/typetype.org\/es\/blog\/font-hinting-from-first-developments-to-use-in-practice\/\">el\u00a0art\u00edculo<\/a>.<\/span><\/p>\n            <\/div>\n                        <img decoding=\"async\" width=\"1536\" height=\"914\" src=\"https:\/\/typetype.org\/es\/wp-content\/uploads\/sites\/11\/hint_text-1-1536x914.jpg\" class=\"img-after\" alt=\"Hinting\" srcset=\"https:\/\/typetype.org\/es\/wp-content\/uploads\/sites\/11\/hint_text-1-1536x914.jpg 1536w, https:\/\/typetype.org\/es\/wp-content\/uploads\/sites\/11\/hint_text-1-795x473.jpg 795w, https:\/\/typetype.org\/es\/wp-content\/uploads\/sites\/11\/hint_text-1-1200x714.jpg 1200w, https:\/\/typetype.org\/es\/wp-content\/uploads\/sites\/11\/hint_text-1-768x457.jpg 768w, https:\/\/typetype.org\/es\/wp-content\/uploads\/sites\/11\/hint_text-1-80x48.jpg 80w, https:\/\/typetype.org\/es\/wp-content\/uploads\/sites\/11\/hint_text-1-600x357.jpg 600w, https:\/\/typetype.org\/es\/wp-content\/uploads\/sites\/11\/hint_text-1-300x179.jpg 300w, https:\/\/typetype.org\/es\/wp-content\/uploads\/sites\/11\/hint_text-1-1024x610.jpg 1024w, https:\/\/typetype.org\/es\/wp-content\/uploads\/sites\/11\/hint_text-1.jpg 1680w\" sizes=\"(max-width: 1536px) 100vw, 1536px\" \/>            <\/section>\n\n<section class=\"row form-blocks\">\n    <div class=\"main-trial-font__form  main-trial-font__form_feedback webforms_feedback\">\n        <div class=\"profile\">\n            <div class=\"container\">\n                <div class=\"profile__list row\">\n                    <div class=\"profile__item\">\n                        \n<div class=\"wpcf7 no-js\" id=\"wpcf7-f4785-o1\" lang=\"es-ES\" dir=\"ltr\" data-wpcf7-id=\"4785\">\n<div class=\"screen-reader-response\"><p role=\"status\" aria-live=\"polite\" aria-atomic=\"true\"><\/p> <ul><\/ul><\/div>\n<form action=\"\/es\/wp-json\/wp\/v2\/pages\/3697#wpcf7-f4785-o1\" method=\"post\" class=\"wpcf7-form init new-form wpcf7-acceptance-as-validation\" id=\"hinting_form\" aria-label=\"Formulario de contacto\" novalidate=\"novalidate\" data-status=\"init\">\n<fieldset class=\"hidden-fields-container\"><input type=\"hidden\" name=\"_wpcf7\" value=\"4785\" \/><input type=\"hidden\" name=\"_wpcf7_version\" value=\"6.1\" \/><input type=\"hidden\" name=\"_wpcf7_locale\" value=\"es_ES\" \/><input type=\"hidden\" name=\"_wpcf7_unit_tag\" value=\"wpcf7-f4785-o1\" \/><input type=\"hidden\" name=\"_wpcf7_container_post\" value=\"0\" \/><input type=\"hidden\" name=\"_wpcf7_posted_data_hash\" value=\"\" \/>\n<\/fieldset>\n<input class=\"wpcf7-form-control wpcf7-hidden\" value=\"Hinting form ES\" type=\"hidden\" name=\"subject\" \/>\n<input class=\"wpcf7-form-control wpcf7-hidden\" value=\"\" type=\"hidden\" name=\"guid\" \/>\n<input class=\"wpcf7-form-control wpcf7-hidden\" value=\"\" type=\"hidden\" name=\"utm_source\" \/>\n<input class=\"wpcf7-form-control wpcf7-hidden\" value=\"\" type=\"hidden\" name=\"utm_medium\" \/>\n<input class=\"wpcf7-form-control wpcf7-hidden\" value=\"\" type=\"hidden\" name=\"utm_campaign\" \/>\n<input class=\"wpcf7-form-control wpcf7-hidden\" value=\"\" type=\"hidden\" name=\"utm_term\" \/>\n<input class=\"wpcf7-form-control wpcf7-hidden\" value=\"\" type=\"hidden\" name=\"utm_content\" \/>\n<input class=\"wpcf7-form-control wpcf7-hidden\" value=\"\" type=\"hidden\" name=\"ym_uid\" \/>\n<input class=\"wpcf7-form-control wpcf7-hidden\" value=\"\" type=\"hidden\" name=\"ga\" \/>\n<input class=\"wpcf7-form-control wpcf7-hidden\" value=\"\" type=\"hidden\" name=\"gclid\" \/>\n<input class=\"wpcf7-form-control wpcf7-hidden\" value=\"\" type=\"hidden\" name=\"cl_conversion_event\" \/>\n<input class=\"wpcf7-form-control wpcf7-hidden\" value=\"Hinting\" type=\"hidden\" name=\"lead_type\" \/>\n<input class=\"wpcf7-form-control wpcf7-hidden\" value=\"\" type=\"hidden\" name=\"is_login\" \/>\n   <div class=\"form-group\">\n      <h2 class=\"title\">\u00bfC\u00f3mo ordenar el hinting?<\/h2>\n      <p>Si necesitas ayuda con el hinting de fuentes, completa el formulario m\u00e1s abajo y nos comunicaremos contigo lo antes posible.<\/p>\n   <\/div>\n   <div class=\"form-group\">\n      <label>\n          <span class=\"input-title\">Tu nombre*<\/span>\n          <span class=\"wpcf7-form-control-wrap\" data-name=\"username\"><input size=\"40\" maxlength=\"400\" class=\"wpcf7-form-control wpcf7-text wpcf7-validates-as-required bordered\" aria-required=\"true\" aria-invalid=\"false\" value=\"\" type=\"text\" name=\"username\" \/><\/span>\n      <\/label>\n   <\/div>\n   <div class=\"form-group\">\n      <label>\n          <span class=\"input-title\">Correo electr\u00f3nico*<\/span>\n          <span class=\"wpcf7-form-control-wrap\" data-name=\"email\"><input size=\"40\" maxlength=\"400\" class=\"wpcf7-form-control wpcf7-email wpcf7-validates-as-required wpcf7-text wpcf7-validates-as-email bordered\" aria-required=\"true\" aria-invalid=\"false\" value=\"\" type=\"email\" name=\"email\" \/><\/span>\n      <\/label>\n   <\/div>\n   <div class=\"form-group\">\n      <label>\n          <span class=\"input-title\">Texto del mensaje*<\/span>\n          <span class=\"wpcf7-form-control-wrap\" data-name=\"message\"><textarea cols=\"40\" rows=\"2\" maxlength=\"2000\" class=\"wpcf7-form-control wpcf7-textarea wpcf7-validates-as-required\" aria-required=\"true\" aria-invalid=\"false\" name=\"message\"><\/textarea><\/span>\n      <\/label>\n   <\/div>\n   <span class=\"custom-checkbox_squad accept\">\n   <span class=\"wpcf7-form-control-wrap\" data-name=\"accept\"><span class=\"wpcf7-form-control wpcf7-acceptance\"><span class=\"wpcf7-list-item\"><label><input type=\"checkbox\" name=\"accept\" value=\"1\" aria-invalid=\"false\" \/><span class=\"wpcf7-list-item-label\"><span class=\"accept-text\">\n        <span class=\"text_grey-air\">Acepto las condiciones del <\/span> \n        <a href=\"\/es\/agreement\/\" target=\"_blank\">Acuerdo de Usuario<\/a>\n        <span class=\"text_grey-air\"> y la <\/span>\n        <a href=\"\/es\/agreement\/privacy-policy\/\" target=\"_blank\">Pol\u00edtica de Privacidad<\/a>\n      <\/span><\/span><\/label><\/span><\/span><\/span>\n   <\/span>\n   <div class=\"btn-group\">\n         <input class=\"wpcf7-form-control wpcf7-submit has-spinner btn\" type=\"submit\" value=\"Enviar\" \/>\n   <\/div><div class=\"wpcf7-response-output\" aria-hidden=\"true\"><\/div>\n<\/form>\n<\/div>\n                    <\/div>\n                <\/div>\n            <\/div>\n        <\/div>\n    <\/div>\n<\/section>\n\n    <section class=\" section-services section-relinking\">\n        <div class=\"text-with-img__title\">\n            <h2 class=\"title\">Te puede interesar<\/h2>\n        <\/div>\n        <div class=\"blog container\">\n            <div class=\"blog__list\" data-is-last-page=\"N\">\n                            <div class=\"blog__item\">\n                                        <a class=\"blog__item__img\" href=\"https:\/\/typetype.org\/es\/custom-fonts\/\" title=\"Customizaci\u00f3n\">\n                                                   <img decoding=\"async\" width=\"760\" height=\"570\" src=\"https:\/\/typetype.org\/es\/wp-content\/uploads\/Kastomizatsiya-380x285-1.png\" class=\"attachment-medium_large size-medium_large\" alt=\"Customizaci\u00f3n\" \/>                                            <\/a>\n                    <div class=\"blog__item__title\">\n                        <a href=\"https:\/\/typetype.org\/es\/custom-fonts\/\" title=\"Customizaci\u00f3n\">Customizaci\u00f3n<\/a>\n                    <\/div>\n                    <p><span data-sheets-root=\"1\">La\u00a0extensa colecci\u00f3n TypeType incluye tipos de\u00a0letra \u00fanicos y\u00a0universales. Sin embargo, cada proyecto tiene necesidades diferentes, por lo\u00a0que si\u00a0te\u00a0gusta una de\u00a0las fuentes de\u00a0nuestra colecci\u00f3n, pero deseas realizar cambios personalizados en\u00a0o\u00a0solicitar una fuente completamente original, puedes contactarnos.<\/span><\/p>\n  \n                    <a href=\"https:\/\/typetype.org\/es\/custom-fonts\/\" class=\"read-more btn--medium-grey\" aria-label=\"Buscar etiqueta: Customizaci\u00f3n\">Buscar etiqueta<\/a>\n                <\/div>\n                            <div class=\"blog__item\">\n                                        <a class=\"blog__item__img\" href=\"https:\/\/typetype.org\/es\/cyrillization\/\" title=\"Cir\u00edlico\">\n                                                   <img decoding=\"async\" width=\"760\" height=\"570\" src=\"https:\/\/typetype.org\/es\/wp-content\/uploads\/Kirillizatsiya-380x285-1.png\" class=\"attachment-medium_large size-medium_large\" alt=\"Cir\u00edlico\" \/>                                            <\/a>\n                    <div class=\"blog__item__title\">\n                        <a href=\"https:\/\/typetype.org\/es\/cyrillization\/\" title=\"Cir\u00edlico\">Cir\u00edlico<\/a>\n                    <\/div>\n                    <p><span data-sheets-root=\"1\">Puede haber varios casos en\u00a0los que necesites ayuda para implementar caracteres cir\u00edlicos en\u00a0una fuente. Por ejemplo, est\u00e1s dise\u00f1ando una fuente y\u00a0planeas agregarle cir\u00edlico, pero no\u00a0hablas ning\u00fan idioma que use cir\u00edlico. O\u00a0est\u00e1s ingresando a\u00a0nuevos mercados y\u00a0necesitas agregar cir\u00edlico a\u00a0tu\u00a0fuente corporativa existente. Creemos que para solicitar el\u00a0cir\u00edlico, debes acudir a\u00a0hablantes nativos con experiencia comprobada en\u00a0dise\u00f1o tipogr\u00e1fico.<\/span><\/p>\n  \n                    <a href=\"https:\/\/typetype.org\/es\/cyrillization\/\" class=\"read-more btn--medium-grey\" aria-label=\"Buscar etiqueta: Cir\u00edlico\">Buscar etiqueta<\/a>\n                <\/div>\n                            <div class=\"blog__item\">\n                                        <a class=\"blog__item__img\" href=\"https:\/\/typetype.org\/es\/mastering\/\" title=\"Masterizaci\u00f3n\">\n                                                   <img decoding=\"async\" width=\"760\" height=\"570\" src=\"https:\/\/typetype.org\/es\/wp-content\/uploads\/Mastering-380x285-1.png\" class=\"attachment-medium_large size-medium_large\" alt=\"Masterizaci\u00f3n\" \/>                                            <\/a>\n                    <div class=\"blog__item__title\">\n                        <a href=\"https:\/\/typetype.org\/es\/mastering\/\" title=\"Masterizaci\u00f3n\">Masterizaci\u00f3n<\/a>\n                    <\/div>\n                    <p class=\"p1\">Un servicio donde podemos tomar tus bocetos, letras, letras vectoriales o incluso garabatos de cualquier editor de fuentes y convertirlos en una fuente completamente funcional. Estamos listos para ayudarte tanto con el dominio complejo llave en mano como con la resoluci\u00f3n de problemas visuales o t\u00e9cnicos individuales.<\/p>\n  \n                    <a href=\"https:\/\/typetype.org\/es\/mastering\/\" class=\"read-more btn--medium-grey\" aria-label=\"Buscar etiqueta: Masterizaci\u00f3n\">Buscar etiqueta<\/a>\n                <\/div>\n                        <\/div>\n        <\/div>\n    <\/section>\n","protected":false},"excerpt":{"rendered":"<p>El hinting es una parte integral de la producci\u00f3n de una fuente de calidad. Este proceso optimiza las fuentes para una mejor legibilidad en monitores de computadora. Es esencial para todas las fuentes y est\u00e1 dise\u00f1ado para mantener la legibilidad en dispositivos con resoluciones bajas y tama\u00f1os de pantalla peque\u00f1os.<\/p>\n","protected":false},"author":1,"featured_media":10000021963,"parent":0,"menu_order":0,"comment_status":"closed","ping_status":"closed","template":"","meta":{"_acf_changed":false,"footnotes":""},"class_list":["post-3697","page","type-page","status-publish","has-post-thumbnail","hentry"],"acf":[],"_links":{"self":[{"href":"https:\/\/typetype.org\/es\/wp-json\/wp\/v2\/pages\/3697","targetHints":{"allow":["GET"]}}],"collection":[{"href":"https:\/\/typetype.org\/es\/wp-json\/wp\/v2\/pages"}],"about":[{"href":"https:\/\/typetype.org\/es\/wp-json\/wp\/v2\/types\/page"}],"author":[{"embeddable":true,"href":"https:\/\/typetype.org\/es\/wp-json\/wp\/v2\/users\/1"}],"replies":[{"embeddable":true,"href":"https:\/\/typetype.org\/es\/wp-json\/wp\/v2\/comments?post=3697"}],"version-history":[{"count":5,"href":"https:\/\/typetype.org\/es\/wp-json\/wp\/v2\/pages\/3697\/revisions"}],"predecessor-version":[{"id":47963,"href":"https:\/\/typetype.org\/es\/wp-json\/wp\/v2\/pages\/3697\/revisions\/47963"}],"wp:featuredmedia":[{"embeddable":true,"href":"https:\/\/typetype.org\/es\/wp-json\/wp\/v2\/media\/10000021963"}],"wp:attachment":[{"href":"https:\/\/typetype.org\/es\/wp-json\/wp\/v2\/media?parent=3697"}],"curies":[{"name":"wp","href":"https:\/\/api.w.org\/{rel}","templated":true}]}}