{"id":32590,"date":"2024-08-02T10:35:33","date_gmt":"2024-08-02T07:35:33","guid":{"rendered":"https:\/\/typetype.org\/es\/?page_id=32590"},"modified":"2025-07-11T13:18:03","modified_gmt":"2025-07-11T10:18:03","slug":"font-comparer","status":"publish","type":"page","link":"https:\/\/typetype.org\/es\/font-comparer\/","title":{"rendered":"Comparar fuentes"},"content":{"rendered":"<div class=\"custom-screen \" style=\"max-width:100%\">\n            <div class=\"custom-screen__row\">\n            <h1 class=\"custom-screen__title\">Comparaci\u00f3n de fuentes en l\u00ednea<\/h1>\n        <\/div>\n                <\/div>","protected":false},"excerpt":{"rendered":"<p>Compare fuentes una al lado de la otra en la misma p\u00e1gina con una herramienta de comparaci\u00f3n de fuentes en l\u00ednea. Utilice esta sencilla p\u00e1gina web para ver las diferencias entre fuentes con ejemplos de texto para elegir la opci\u00f3n de tipograf\u00eda m\u00e1s adecuada para sus proyectos.<\/p>\n","protected":false},"author":10,"featured_media":10000033633,"parent":0,"menu_order":0,"comment_status":"closed","ping_status":"closed","template":"templates\/page-font-tester.php","meta":{"_acf_changed":false,"footnotes":""},"class_list":["post-32590","page","type-page","status-publish","has-post-thumbnail","hentry"],"acf":[],"_links":{"self":[{"href":"https:\/\/typetype.org\/es\/wp-json\/wp\/v2\/pages\/32590","targetHints":{"allow":["GET"]}}],"collection":[{"href":"https:\/\/typetype.org\/es\/wp-json\/wp\/v2\/pages"}],"about":[{"href":"https:\/\/typetype.org\/es\/wp-json\/wp\/v2\/types\/page"}],"author":[{"embeddable":true,"href":"https:\/\/typetype.org\/es\/wp-json\/wp\/v2\/users\/10"}],"replies":[{"embeddable":true,"href":"https:\/\/typetype.org\/es\/wp-json\/wp\/v2\/comments?post=32590"}],"version-history":[{"count":5,"href":"https:\/\/typetype.org\/es\/wp-json\/wp\/v2\/pages\/32590\/revisions"}],"predecessor-version":[{"id":35501,"href":"https:\/\/typetype.org\/es\/wp-json\/wp\/v2\/pages\/32590\/revisions\/35501"}],"wp:featuredmedia":[{"embeddable":true,"href":"https:\/\/typetype.org\/es\/wp-json\/wp\/v2\/media\/10000033633"}],"wp:attachment":[{"href":"https:\/\/typetype.org\/es\/wp-json\/wp\/v2\/media?parent=32590"}],"curies":[{"name":"wp","href":"https:\/\/api.w.org\/{rel}","templated":true}]}}