{"id":29210,"date":"2024-04-01T15:02:56","date_gmt":"2024-04-01T12:02:56","guid":{"rendered":"https:\/\/typetype.org\/es\/?page_id=29210"},"modified":"2025-07-11T13:19:52","modified_gmt":"2025-07-11T10:19:52","slug":"font-tester","status":"publish","type":"page","link":"https:\/\/typetype.org\/es\/font-tester\/","title":{"rendered":"Probador de fuentes"},"content":{"rendered":"<div class=\"custom-screen \" style=\"max-width:100%\">\n            <div class=\"custom-screen__row\">\n            <h1 class=\"custom-screen__title\">Probador de fuentes<\/h1>\n        <\/div>\n                <div class=\"custom-screen__row\">\n            <div class=\"custom-screen__subtitle\">Prueba las fuentes TypeType gratis y comp\u00e1ralas en l\u00ednea<\/div>\n                    <\/div>\n            <\/div>","protected":false},"excerpt":{"rendered":"<p>TypeType ofrece una herramienta gratuita de prueba de fuentes en l\u00ednea. El probador de fuentes te permite comparar fuentes r\u00e1pida- y f\u00e1cilmente y elegir la que desees; simplemente ingresa el texto de demostraci\u00f3n y configura las opciones de visualizaci\u00f3n para una vista previa.<\/p>\n","protected":false},"author":10,"featured_media":10000029395,"parent":0,"menu_order":0,"comment_status":"closed","ping_status":"closed","template":"templates\/page-font-tester.php","meta":{"_acf_changed":false,"footnotes":""},"class_list":["post-29210","page","type-page","status-publish","has-post-thumbnail","hentry"],"acf":[],"_links":{"self":[{"href":"https:\/\/typetype.org\/es\/wp-json\/wp\/v2\/pages\/29210","targetHints":{"allow":["GET"]}}],"collection":[{"href":"https:\/\/typetype.org\/es\/wp-json\/wp\/v2\/pages"}],"about":[{"href":"https:\/\/typetype.org\/es\/wp-json\/wp\/v2\/types\/page"}],"author":[{"embeddable":true,"href":"https:\/\/typetype.org\/es\/wp-json\/wp\/v2\/users\/10"}],"replies":[{"embeddable":true,"href":"https:\/\/typetype.org\/es\/wp-json\/wp\/v2\/comments?post=29210"}],"version-history":[{"count":5,"href":"https:\/\/typetype.org\/es\/wp-json\/wp\/v2\/pages\/29210\/revisions"}],"predecessor-version":[{"id":34165,"href":"https:\/\/typetype.org\/es\/wp-json\/wp\/v2\/pages\/29210\/revisions\/34165"}],"wp:featuredmedia":[{"embeddable":true,"href":"https:\/\/typetype.org\/es\/wp-json\/wp\/v2\/media\/10000029395"}],"wp:attachment":[{"href":"https:\/\/typetype.org\/es\/wp-json\/wp\/v2\/media?parent=29210"}],"curies":[{"name":"wp","href":"https:\/\/api.w.org\/{rel}","templated":true}]}}