{"id":25,"date":"2021-04-10T20:59:35","date_gmt":"2021-04-10T17:59:35","guid":{"rendered":"http:\/\/typetype-wp.lcl\/?page_id=25"},"modified":"2025-07-11T14:34:31","modified_gmt":"2025-07-11T11:34:31","slug":"privacy-policy","status":"publish","type":"page","link":"https:\/\/typetype.org\/es\/agreement\/privacy-policy\/","title":{"rendered":"Pol\u00edtica de Privacidad"},"content":{"rendered":"\n<h1 class=\"text-with-img__title  \">Aviso de privacidad del sitio web de TypeType<\/h1>\n\n\n<p>TypeType respeta la&nbsp;privacidad de&nbsp;los visitantes de&nbsp;sus sitios web y&nbsp;de&nbsp;otras personas cuya informaci\u00f3n personal utilizamos.<\/p>\n\n\n\n<p>Este Aviso de&nbsp;Privacidad de&nbsp;TypeType (\u00ab<strong>Aviso de&nbsp;Privacidad<\/strong>\u00bb) establece las pr\u00e1cticas de&nbsp;privacidad de&nbsp;TypeType (\u00ab<strong>TypeType<\/strong>\u00bb, \u00ab<strong>nosotros<\/strong>\u00bb o&nbsp;\u00ab<strong>nuestro<\/strong>\u00bb).<\/p>\n\n\n\n<p>Proporcionamos este Aviso de&nbsp;Privacidad para demostrar nuestro compromiso con la&nbsp;protecci\u00f3n de&nbsp;su&nbsp;privacidad. Nos reservamos el&nbsp;derecho de&nbsp;actualizar el&nbsp;Aviso de&nbsp;Privacidad en&nbsp;cualquier momento, sin previo aviso. Le&nbsp;recomendamos visitar esta p\u00e1gina peri\u00f3dicamente y&nbsp;revisar la&nbsp;versi\u00f3n vigente en&nbsp;ese momento.<\/p>\n\n\n\n<p>ISi tiene alguna pregunta o&nbsp;inquietud sobre este Aviso de&nbsp;Privacidad, utilice la&nbsp;secci\u00f3n \u00abCont\u00e1ctenos\u00bb a&nbsp;continuaci\u00f3n.<br>act&nbsp;us\u00bb section below.<\/p>\n\n\n\n<p>Le&nbsp;recomendamos leer este Aviso de&nbsp;Privacidad en&nbsp;su&nbsp;totalidad para asegurarse de&nbsp;estar completamente informado.<\/p>\n\n\n\n<h2 class=\"wp-block-heading\">La&nbsp;informaci\u00f3n recopilada por TypeType<\/h2>\n\n\n\n<p>La&nbsp;informaci\u00f3n personal se&nbsp;refiere a&nbsp;los datos que lo&nbsp;identifican o&nbsp;nos permiten contactarlo, como su&nbsp;nombre o&nbsp;direcci\u00f3n de&nbsp;correo electr\u00f3nico. La&nbsp;informaci\u00f3n personal que podemos recopilar sobre usted se&nbsp;divide, en&nbsp;t\u00e9rminos generales, en&nbsp;las siguientes categor\u00edas:<\/p>\n\n\n\n<h3 class=\"wp-block-heading\">A) Informaci\u00f3n que usted proporciona voluntariamente<\/h3>\n\n\n\n<p>Ciertas secciones de&nbsp;nuestro sitio web pueden solicitarle que proporcione informaci\u00f3n personal de&nbsp;manera voluntaria. Por ejemplo, podemos pedirle sus datos de&nbsp;contacto para suscribirse a&nbsp;nuestras comunicaciones de&nbsp;marketing y\/o enviarnos consultas. Tambi\u00e9n podemos solicitarle comentarios o&nbsp;un&nbsp;testimonio, que podr\u00edamos mostrar en&nbsp;nuestro sitio web u&nbsp;otros materiales promocionales con su&nbsp;consentimiento. La&nbsp;informaci\u00f3n personal que se&nbsp;le&nbsp;solicite, as\u00ed como los motivos por los cuales se&nbsp;le&nbsp;pide, se&nbsp;le&nbsp;explicar\u00e1n claramente en&nbsp;el&nbsp;momento en&nbsp;que se&nbsp;le&nbsp;requiera proporcionar dicha informaci\u00f3n.<\/p>\n\n\n\n<h3 class=\"wp-block-heading\">M\u00e1s informaci\u00f3n:<\/h3>\n\n\n\n<p>Podemos recopilar y&nbsp;almacenar informaci\u00f3n personal, como tu&nbsp;nombre, direcci\u00f3n de&nbsp;correo electr\u00f3nico y&nbsp;n\u00famero de&nbsp;tel\u00e9fono, para responder a&nbsp;consultas y&nbsp;procesar o&nbsp;completar pedidos o&nbsp;solicitudes. Podemos utilizar esta informaci\u00f3n para proporcionarte los bienes y&nbsp;servicios que solicites y&nbsp;para informarte sobre otros bienes y&nbsp;servicios que puedan ser de&nbsp;tu&nbsp;inter\u00e9s. Tambi\u00e9n utilizamos esta informaci\u00f3n para personalizar tu&nbsp;experiencia en&nbsp;nuestro sitio web.<\/p>\n\n\n\n<p>Asimismo, podemos conservar informaci\u00f3n sobre transacciones y&nbsp;experiencias, como datos sobre tus transacciones con nosotros y&nbsp;nuestras comunicaciones contigo. Ejemplos de&nbsp;ello incluyen el&nbsp;historial de&nbsp;tu&nbsp;cuenta, solicitudes de&nbsp;informaci\u00f3n y&nbsp;nuestras respuestas. Podemos combinar la&nbsp;informaci\u00f3n del usuario que recopilamos con otros datos disponibles de&nbsp;diversas fuentes para llevar a&nbsp;cabo nuestras actividades comerciales, ofrecer nuestros bienes y&nbsp;servicios y&nbsp;realizar publicidad y&nbsp;promociones de&nbsp;manera m\u00e1s efectiva.<\/p>\n\n\n\n<p>Para pedidos de&nbsp;productos o&nbsp;servicios, Typetype puede requerir informaci\u00f3n adicional para procesar o&nbsp;completar tu&nbsp;pedido o&nbsp;solicitud. Salvo lo&nbsp;indicado en&nbsp;este Aviso de&nbsp;Privacidad, Typetype no&nbsp;compartir\u00e1 tu&nbsp;informaci\u00f3n personal con terceros sin tu&nbsp;consentimiento, excepto cuando sea necesario para (i) procesar o&nbsp;completar tu&nbsp;pedido, (ii) responder a&nbsp;tu&nbsp;solicitud o&nbsp;consulta, o&nbsp;(iii) cumplir con cualquier ley aplicable, orden judicial u&nbsp;otro procedimiento legal.<\/p>\n\n\n\n<p>Typetype puede utilizar uno o&nbsp;m\u00e1s procesadores de&nbsp;pago externos para facilitar la&nbsp;realizaci\u00f3n de&nbsp;pedidos y&nbsp;pagos. Typetype no&nbsp;recopila tu&nbsp;informaci\u00f3n personal cuando realizas un&nbsp;pago a&nbsp;trav\u00e9s de&nbsp;uno de&nbsp;estos procesadores. En&nbsp;su&nbsp;lugar, dicha informaci\u00f3n es&nbsp;recopilada, almacenada y&nbsp;procesada por el&nbsp;procesador de&nbsp;pagos externo. Tomaremos medidas razonables para garantizar que cualquier procesador de&nbsp;pagos externo proteja tu&nbsp;informaci\u00f3n personal de&nbsp;acuerdo con este Aviso de&nbsp;Privacidad. Informaremos en&nbsp;nuestro sitio web cuando est\u00e9s utilizando los servicios de&nbsp;un&nbsp;procesador de&nbsp;pagos externo.<\/p>\n\n\n\n<p>Podemos solicitarte informaci\u00f3n de&nbsp;identificaci\u00f3n personal en&nbsp;otros momentos, por ejemplo, cuando te&nbsp;comuniques con nosotros o&nbsp;solicites que nos comuniquemos contigo.<\/p>\n\n\n\n<h3 class=\"wp-block-heading\">B) Informaci\u00f3n que recopilamos autom\u00e1ticamente<\/h3>\n\n\n\n<p>Cuando visitas nuestro sitio web, es&nbsp;posible que recopilemos cierta informaci\u00f3n autom\u00e1ticamente desde tu&nbsp;dispositivo. En&nbsp;algunos pa\u00edses, incluidos los pa\u00edses de&nbsp;la&nbsp;Uni\u00f3n Europea y\/o del Espacio Econ\u00f3mico Europeo (\u00ab<strong>UE\/EEE<\/strong>\u00bb), esta informaci\u00f3n puede considerarse informaci\u00f3n personal seg\u00fan las leyes de&nbsp;protecci\u00f3n de&nbsp;datos aplicables.<\/p>\n\n\n\n<p>Espec\u00edficamente, la&nbsp;informaci\u00f3n que recopilamos autom\u00e1ticamente puede incluir datos como tu&nbsp;direcci\u00f3n&nbsp;IP, tipo de&nbsp;dispositivo, identificadores \u00fanicos del dispositivo, tipo de&nbsp;navegador, ubicaci\u00f3n geogr\u00e1fica general (por ejemplo, a&nbsp;nivel de&nbsp;pa\u00eds o&nbsp;ciudad) y&nbsp;otra informaci\u00f3n t\u00e9cnica. Tambi\u00e9n podemos recopilar datos sobre c\u00f3mo tu&nbsp;dispositivo ha&nbsp;interactuado con nuestro sitio web, incluyendo las p\u00e1ginas visitadas y&nbsp;los enlaces en&nbsp;los que has hecho clic.<\/p>\n\n\n\n<p>La&nbsp;recopilaci\u00f3n de&nbsp;esta informaci\u00f3n nos permite comprender mejor a&nbsp;los visitantes que acceden a&nbsp;nuestro sitio web, saber de&nbsp;d\u00f3nde provienen y&nbsp;qu\u00e9 contenido de&nbsp;nuestro sitio les resulta de&nbsp;inter\u00e9s. Utilizamos esta informaci\u00f3n con fines anal\u00edticos internos y&nbsp;para mejorar la&nbsp;calidad y&nbsp;relevancia de&nbsp;nuestro sitio web para nuestros visitantes.<\/p>\n\n\n\n<p>Parte de&nbsp;esta informaci\u00f3n puede recopilarse mediante cookies y&nbsp;tecnolog\u00edas de&nbsp;seguimiento similares, tal como se&nbsp;explica con m\u00e1s detalle en&nbsp;nuestro <a href=\"https:\/\/typetype.org\/es\/agreement\/cookies\/\">Aviso sobre Cookies<\/a>.<\/p>\n\n\n\n<h3 class=\"wp-block-heading\">C) Informaci\u00f3n que obtenemos de&nbsp;fuentes externas<\/h3>\n\n\n\n<p>De&nbsp;vez en&nbsp;cuando, podemos recibir informaci\u00f3n personal sobre ti&nbsp;de&nbsp;fuentes externas (incluidas empresas que proporcionan informaci\u00f3n de&nbsp;clientes potenciales para marketing), pero solo cuando hayamos verificado que dichas terceras partes cuentan con tu&nbsp;consentimiento o&nbsp;est\u00e1n legalmente autorizadas u&nbsp;obligadas a&nbsp;divulgarnos tu&nbsp;informaci\u00f3n personal.<\/p>\n\n\n\n<p>Los tipos de&nbsp;informaci\u00f3n que recopilamos de&nbsp;terceros incluyen tu&nbsp;nombre e&nbsp;informaci\u00f3n de&nbsp;contacto. Utilizamos la&nbsp;informaci\u00f3n que recibimos de&nbsp;estas fuentes para proporcionarte informaci\u00f3n sobre nuestros productos y&nbsp;servicios, compartir conocimientos sobre nuestra industria y&nbsp;con otros fines de&nbsp;marketing directo.<\/p>\n\n\n\n<h2 class=\"wp-block-heading\">C\u00f3mo Typetype utiliza tu&nbsp;informaci\u00f3n<\/h2>\n\n\n\n<p>Utilizamos la&nbsp;informaci\u00f3n recopilada sobre ti&nbsp;por diversos motivos, incluidos los siguientes, seg\u00fan corresponda:<\/p>\n\n\n\n<ul class=\"wp-block-list\">\n<li>Responder a&nbsp;tus solicitudes o&nbsp;proporcionarte la&nbsp;informaci\u00f3n que has solicitado.<\/li>\n\n\n\n<li>Comunicarnos contigo sobre actualizaciones de&nbsp;los servicios de&nbsp;Typetype.<\/li>\n\n\n\n<li>Proporcionar, respaldar, personalizar, mantener y&nbsp;mejorar los servicios.<\/li>\n\n\n\n<li>Cumplir y&nbsp;hacer cumplir los requisitos legales, acuerdos y&nbsp;pol\u00edticas aplicables.<\/li>\n\n\n\n<li>Prevenir, detectar, identificar, investigar, responder y&nbsp;proteger contra posibles o&nbsp;reales reclamaciones, responsabilidades, comportamientos prohibidos y&nbsp;actividades delictivas.<\/li>\n\n\n\n<li>Permitir que empresas o&nbsp;sitios web de&nbsp;terceros con los que estamos afiliados vendan o&nbsp;proporcionen productos o&nbsp;servicios a&nbsp;trav\u00e9s de&nbsp;los servicios o&nbsp;en&nbsp;relaci\u00f3n con ellos (ya&nbsp;sea de&nbsp;forma independiente o&nbsp;conjuntamente con nosotros).<\/li>\n\n\n\n<li>Realizar otras actividades comerciales, como an\u00e1lisis de&nbsp;datos, identificaci\u00f3n de&nbsp;tendencias de&nbsp;uso, evaluaci\u00f3n de&nbsp;la&nbsp;efectividad de&nbsp;nuestros servicios y&nbsp;mejora de&nbsp;nuestras funciones, productos y&nbsp;servicios.<\/li>\n\n\n\n<li>Llevar a&nbsp;cabo otras actividades de&nbsp;acuerdo con este Aviso de&nbsp;Privacidad.<\/li>\n<\/ul>\n\n\n\n<h3 class=\"wp-block-heading\">M\u00e1s informaci\u00f3n:<\/h3>\n\n\n\n<p>Si&nbsp;realizas una solicitud de&nbsp;productos o&nbsp;servicios, utilizamos tu&nbsp;informaci\u00f3n para procesar y&nbsp;entregar tu&nbsp;pedido. Si&nbsp;los productos o&nbsp;servicios provienen de&nbsp;un&nbsp;socio comercial, podemos compartir la&nbsp;informaci\u00f3n relevante con dicho socio para llevar a&nbsp;cabo la&nbsp;transacci\u00f3n.<\/p>\n\n\n\n<p>Dependemos de&nbsp;terceros para elementos clave de&nbsp;nuestras operaciones, por lo&nbsp;que podemos proporcionar tu&nbsp;informaci\u00f3n personal, como tu&nbsp;nombre, direcci\u00f3n e&nbsp;informaci\u00f3n de&nbsp;cuenta, a&nbsp;estos terceros para que puedan desempe\u00f1ar su&nbsp;funci\u00f3n. Esto incluye proveedores de&nbsp;servicios, instituciones financieras y&nbsp;empresas de&nbsp;marketing que nos ayudan a&nbsp;promocionar nuestros productos. Tomaremos las medidas adecuadas para proteger tu&nbsp;informaci\u00f3n en&nbsp;estas circunstancias. Estos terceros pueden tener sus propias pol\u00edticas de&nbsp;privacidad, pero no&nbsp;est\u00e1n autorizados a&nbsp;utilizar los datos para sus propios fines.<\/p>\n\n\n\n<p>Tambi\u00e9n podemos compartir la&nbsp;informaci\u00f3n qu\n1f40\ne recopilamos sobre ti&nbsp;con terceros, incluidos minoristas, emisores y&nbsp;procesadores de&nbsp;tarjetas de&nbsp;cr\u00e9dito, bancos, otras instituciones financieras y&nbsp;agencias gubernamentales.<\/p>\n\n\n\n<p>Durante el&nbsp;curso normal de&nbsp;nuestras operaciones, Typetype puede compartir tu&nbsp;informaci\u00f3n seg\u00fan sea necesario para gestionar tus cuentas o&nbsp;pedidos y&nbsp;para los dem\u00e1s fines establecidos en&nbsp;este Aviso de&nbsp;Privacidad.<\/p>\n\n\n\n<p>Podemos utilizar tu&nbsp;informaci\u00f3n personal para mejorar nuestras estrategias de&nbsp;marketing y&nbsp;promoci\u00f3n, analizar estad\u00edsticamente el&nbsp;uso del sitio, mejorar nuestro contenido y&nbsp;oferta de&nbsp;productos, y&nbsp;personalizar el&nbsp;contenido, dise\u00f1o y&nbsp;servicios de&nbsp;nuestro sitio web.<\/p>\n\n\n\n<p>Tambi\u00e9n podemos usar tu&nbsp;informaci\u00f3n para enviarte comunicaciones dirigidas a&nbsp;tus intereses. En&nbsp;algunos casos, podr\u00edamos solicitarte informaci\u00f3n adicional sobre tus intereses personales o&nbsp;comerciales, experiencia o&nbsp;necesidades, la&nbsp;cual utilizar\u00edamos para personalizar a\u00fan m\u00e1s nuestros servicios para&nbsp;ti.<\/p>\n\n\n\n<p>Podemos utilizar tu&nbsp;direcci\u00f3n de&nbsp;correo electr\u00f3nico, direcci\u00f3n postal y&nbsp;n\u00famero de&nbsp;tel\u00e9fono para comunicarnos contigo respecto a&nbsp;notificaciones administrativas, nuevas ofertas de&nbsp;productos y&nbsp;otras comunicaciones relacionadas con nuestros productos y&nbsp;servicios. Si&nbsp;no&nbsp;deseas recibir estas comunicaciones, por favor cont\u00e1ctanos seg\u00fan lo&nbsp;indicado en&nbsp;este Aviso de&nbsp;Privacidad.<\/p>\n\n\n\n<p>Asimismo, podemos utilizar o&nbsp;divulgar informaci\u00f3n para resolver disputas, investigar problemas o&nbsp;hacer cumplir nuestros T\u00e9rminos de&nbsp;Uso o&nbsp;acuerdos de&nbsp;compra. En&nbsp;ciertos casos, podr\u00edamos revisar el&nbsp;estado o&nbsp;la&nbsp;actividad de&nbsp;m\u00faltiples usuarios con este prop\u00f3sito. Tambi\u00e9n podemos divulgar o&nbsp;acceder a&nbsp;informaci\u00f3n cuando creamos de&nbsp;buena fe&nbsp;que la&nbsp;ley lo&nbsp;exige o&nbsp;si&nbsp;consideramos necesario hacerlo para mantener el&nbsp;servicio y&nbsp;mejorar nuestros productos y&nbsp;servicios.<\/p>\n\n\n\n<p>Podemos divulgar tu&nbsp;informaci\u00f3n personal a&nbsp;las siguientes categor\u00edas de&nbsp;destinatarios:<\/p>\n\n\n\n<ul class=\"wp-block-list\">\n<li><strong>Empresas afiliadas.<\/strong> Podemos compartir informaci\u00f3n personal con empresas afiliadas a&nbsp;nosotros (por ejemplo, aquellas que nos controlan, que son controladas por nosotros o&nbsp;que est\u00e1n bajo un&nbsp;control com\u00fan con nosotros). Tambi\u00e9n podemos compartir informaci\u00f3n recopilada entre los sitios web que nosotros o&nbsp;nuestras afiliadas gestionamos.<\/li>\n\n\n\n<li><strong>Proveedores de&nbsp;servicios.<\/strong> Podemos compartir tu&nbsp;informaci\u00f3n personal con empresas que prestan servicios en&nbsp;nuestro nombre, como el&nbsp;procesamiento de&nbsp;pedidos, la&nbsp;entrega de&nbsp;paquetes, el&nbsp;env\u00edo de&nbsp;correos postales y&nbsp;electr\u00f3nicos, el&nbsp;an\u00e1lisis de&nbsp;datos de&nbsp;clientes, la&nbsp;asistencia en&nbsp;marketing, la&nbsp;investigaci\u00f3n de&nbsp;actividades fraudulentas, la&nbsp;realizaci\u00f3n de&nbsp;encuestas a&nbsp;clientes y&nbsp;la&nbsp;prestaci\u00f3n de&nbsp;servicio de&nbsp;atenci\u00f3n al&nbsp;cliente.<\/li>\n\n\n\n<li><strong>Anunciantes conductuales.<\/strong> Podemos permitir que terceros especializados en&nbsp;publicidad conductual utilicen tecnolog\u00eda para recopilar informaci\u00f3n sobre tu&nbsp;uso de&nbsp;nuestro sitio web, con el&nbsp;fin de&nbsp;ofrecerte publicidad personalizada sobre productos y&nbsp;servicios de&nbsp;tu&nbsp;inter\u00e9s. Estos anuncios pueden aparecer tanto en&nbsp;nuestro sitio web como en&nbsp;otros sitios web.<\/li>\n\n\n\n<li><strong>Posibles compradores.<\/strong> Podemos compartir tu&nbsp;informaci\u00f3n personal en&nbsp;caso de&nbsp;que vendamos total o&nbsp;parcialmente nuestro negocio, activos comerciales, o&nbsp;en&nbsp;el&nbsp;contexto de&nbsp;una fusi\u00f3n o&nbsp;adquisici\u00f3n empresarial.<\/li>\n\n\n\n<li>A&nbsp;<strong>cualquier otra parte<\/strong> <strong>para cumplir con una obligaci\u00f3n legal<\/strong>; para proteger los derechos legales de&nbsp;nuestra empresa, empleados, agentes, clientes y&nbsp;representantes (o&nbsp;para participar de&nbsp;otro modo en&nbsp;un&nbsp;proceso judicial relacionado con ellos); para garantizar la&nbsp;seguridad de&nbsp;nuestros visitantes; para proteger contra el&nbsp;fraude; o&nbsp;con tu&nbsp;consentimiento.<\/li>\n<\/ul>\n\n\n\n<h2 class=\"wp-block-heading\">Seguridad<\/h2>\n\n\n\n<p>Empleamos m\u00e9todos de&nbsp;seguridad razonables y&nbsp;actualizados para prevenir accesos no&nbsp;autorizados, mantener la&nbsp;precisi\u00f3n de&nbsp;los datos y&nbsp;garantizar el&nbsp;uso adecuado de&nbsp;la&nbsp;informaci\u00f3n.<\/p>\n\n\n\n<p>Si&nbsp;creas una cuenta con nosotros a&nbsp;trav&eacute;s de&nbsp;este sitio web, la&nbsp;informaci&oacute;n de&nbsp;tu&nbsp;cuenta y&nbsp;tu&nbsp;perfil estar&aacute;n protegidos por una contrase&ntilde;a. Se&nbsp;recomienda no&nbsp;divulgar tu&nbsp;contrase&ntilde;a a&nbsp;nadie. Nuestro personal nunca te&nbsp;pedir&aacute; tu&nbsp;contrase&ntilde;a en&nbsp;una llamada telef&oacute;nica o&nbsp;correo electr&oacute;nico no&nbsp;solicitados. Recuerda cerrar sesi&oacute;n en&nbsp;tu&nbsp;cuenta y&nbsp;cerrar la&nbsp;ventana del navegador cuando hayas terminado tu&nbsp;sesi&oacute;n. Esto ayuda a&nbsp;evitar que otras personas accedan a&nbsp;tu&nbsp;informaci&oacute;n personal y&nbsp;correspondencia si&nbsp;compartes un&nbsp;ordenador con alguien m&aacute;s o&nbsp;utilizas un&nbsp;ordenador en&nbsp;un&nbsp;lugar p&uacute;blico donde otras personas puedan acceder a&nbsp;&eacute;l.<\/p>\n<!-\r\n1f40\r\n- \/wp:paragraph -->\n\n<p>Cada vez que divulgues voluntariamente informaci&oacute;n personal en&nbsp;l&iacute;nea, por ejemplo, en&nbsp;foros, a&nbsp;trav&eacute;s del correo electr&oacute;nico o&nbsp;en&nbsp;chats, esa informaci&oacute;n puede ser recopilada y&nbsp;utilizada por terceros. Ninguna transmisi&oacute;n de&nbsp;datos a&nbsp;trav&eacute;s de&nbsp;Internet o&nbsp;de&nbsp;una red inal&aacute;mbrica puede garantizarse como completamente segura. Por lo&nbsp;tanto, aunque intentamos proteger tu&nbsp;informaci&oacute;n personal, no&nbsp;podemos asegurar ni&nbsp;garantizar la&nbsp;seguridad de&nbsp;los datos que nos transmitas, y&nbsp;lo&nbsp;haces bajo tu&nbsp;propia responsabilidad.<\/p>\n\n\n<h2 class=\"wp-block-heading\">Conservaci&oacute;n de&nbsp;datos<\/h2>\n\n\n<p>Conservamos la&nbsp;informaci&oacute;n personal que recopilamos de&nbsp;ti&nbsp;cuando tenemos una necesidad comercial leg&iacute;tima en&nbsp;curso para hacerlo o&nbsp;para cumplir con los requisitos legales aplicables.<\/p>\n\n\n<p>Cuando ya&nbsp;no&nbsp;tengamos una necesidad comercial leg&iacute;tima para procesar tu&nbsp;informaci&oacute;n personal, la&nbsp;eliminaremos o&nbsp;la&nbsp;anonimizaremos. Si&nbsp;esto no&nbsp;es&nbsp;posible (por ejemplo, porque tu&nbsp;informaci&oacute;n personal se&nbsp;encuentra almacenada en&nbsp;copias de&nbsp;seguridad), la&nbsp;almacenaremos de&nbsp;forma segura y&nbsp;la&nbsp;aislaremos de&nbsp;cualquier otro procesamiento hasta que sea posible su&nbsp;eliminaci&oacute;n.<\/p>\n\n\n<h2 class=\"wp-block-heading\">Tus derechos de&nbsp;privacidad y&nbsp;opciones<\/h2>\n\n\n<p>Puedes acceder a&nbsp;la&nbsp;informaci&oacute;n que recopilamos en&nbsp;l&iacute;nea y&nbsp;mantenemos a&nbsp;trav&eacute;s de&nbsp;los m&eacute;todos de&nbsp;actualizaci&oacute;n habituales. Para actualizar, corregir o&nbsp;eliminar esta informaci&oacute;n, puedes contactar con help@typetype.org.<\/p>\n\n\n<p>Adem&aacute;s de&nbsp;lo&nbsp;anterior, es&nbsp;posible que tengas los siguientes derechos en&nbsp;materia de&nbsp;protecci&oacute;n de&nbsp;datos:<\/p>\n\n\n<ul class=\"wp-block-list\">\n\n<li>Si&nbsp;deseas <strong>acceder, corregir, actualizar o&nbsp;solicitar la&nbsp;eliminaci&oacute;n<\/strong> de&nbsp;tu&nbsp;informaci&oacute;n personal, puedes hacerlo en&nbsp;cualquier momento contact&aacute;ndonos en&nbsp;<a href=\"mailto:help@typetype.org\">help@typetype.org<\/a>.<\/li>\n\n\n<li>Adem&aacute;s, puedes <strong>oponerte al&nbsp;procesamiento<\/strong> de&nbsp;tu&nbsp;informaci&oacute;n personal, solicitar la&nbsp;<strong>restricci&oacute;n de&nbsp;su&nbsp;procesamiento<\/strong> o&nbsp;<strong>pedir la&nbsp;portabilidad<\/strong> de&nbsp;tus datos personales. Para ejercer estos derechos, puedes comunicarte con nosotros a&nbsp;trav&eacute;s de&nbsp;<a href=\"mailto:help@typetype.org\">help@typetype.org<\/a>.<\/li>\n\n\n<li>Tienes derecho a&nbsp;<strong>darte de&nbsp;baja de&nbsp;nuestras comunicaciones de&nbsp;marketing<\/strong> en&nbsp;cualquier momento. Puedes ejercer este derecho haciendo clic en&nbsp;el&nbsp;enlace de&nbsp;&laquo;cancelar suscripci&oacute;n&raquo; u&nbsp;&laquo;optar por no&nbsp;recibir&raquo; en&nbsp;los correos electr&oacute;nicos de&nbsp;marketing que te&nbsp;enviamos. Para optar por no&nbsp;recibir otros tipos de&nbsp;marketing (como correo postal o&nbsp;telemarketing), cont&aacute;ctanos en&nbsp;<a href=\"mailto:help@typetype.org\">help@typetype.org<\/a>.<\/li>\n\n\n<li>Asimismo, si&nbsp;hemos recopilado y&nbsp;procesado tu&nbsp;informaci&oacute;n personal con tu&nbsp;consentimiento, puedes retirarlo en&nbsp;cualquier momento. La&nbsp;<strong>retirada del consentimiento<\/strong> no&nbsp;afectar&aacute; la&nbsp;legalidad del procesamiento realizado antes de&nbsp;tu&nbsp;retiro ni&nbsp;afectar&aacute; el&nbsp;tratamiento de&nbsp;tu&nbsp;informaci&oacute;n personal basado en&nbsp;otros fundamentos legales distintos del consentimiento.<\/li>\n\n\n<li>Tienes <strong>derecho a&nbsp;presentar una reclamaci&oacute;n ante una autoridad de&nbsp;protecci&oacute;n de&nbsp;datos<\/strong> sobre nuestra recopilaci&oacute;n y&nbsp;uso de&nbsp;tu&nbsp;informaci&oacute;n personal. Para m&aacute;s informaci&oacute;n, contacta con la&nbsp;autoridad de&nbsp;protecci&oacute;n de&nbsp;datos de&nbsp;tu&nbsp;localidad.<\/li>\n\n<\/ul>\n\n\n<p>Respondemos a&nbsp;todas las solicitudes que recibimos de&nbsp;personas que desean ejercer sus derechos de&nbsp;protecci&oacute;n de&nbsp;datos de&nbsp;acuerdo con las leyes de&nbsp;protecci&oacute;n de&nbsp;datos aplicables.<\/p>\n\n\n<p>Nota: Ten en&nbsp;cuenta que la&nbsp;eliminaci&oacute;n de&nbsp;tus datos personales implica la&nbsp;eliminaci&oacute;n de&nbsp;tu&nbsp;informaci&oacute;n de&nbsp;nuestros registros. Si&nbsp;has adquirido licencias para nuestros productos o&nbsp;servicios, la&nbsp;eliminaci&oacute;n de&nbsp;tu&nbsp;informaci&oacute;n tambi&eacute;n te&nbsp;eliminar&aacute; de&nbsp;la&nbsp;base de&nbsp;datos de&nbsp;usuarios legales registrados de&nbsp;fuentes.<\/p>\n\n\n<h2 class=\"wp-block-heading\">Pr&aacute;cticas de&nbsp;terceros<\/h2>\n\n\n<p>La&nbsp;pol&iacute;tica de&nbsp;privacidad de&nbsp;un&nbsp;anunciante, procesador de&nbsp;pagos o&nbsp;proveedor de&nbsp;servicios con el&nbsp;que puedas contactar a&nbsp;trav&eacute;s de&nbsp;nuestro sitio puede diferir de&nbsp;este Aviso de&nbsp;Privacidad. Te&nbsp;recomendamos leer dicha pol&iacute;tica antes de&nbsp;responder a&nbsp;una oferta o&nbsp;interactuar con esa parte.<\/p>\n\n\n<h2 class=\"wp-block-heading\">Base legal para el&nbsp;procesamiento de&nbsp;informaci&oacute;n personal de&nbsp;individuos en&nbsp;el&nbsp;EEE<\/h2>\n\n\n<p>Si&nbsp;eres un&nbsp;visitante del EEE, la&nbsp;base legal para recopilar y&nbsp;utilizar la&nbsp;informaci&oacute;n personal descrita anteriormente depender&#038;aacu\r\n6a0\r\nte; del tipo de&nbsp;informaci&oacute;n y&nbsp;del contexto espec&iacute;fico en&nbsp;el&nbsp;que la&nbsp;recopilemos.<\/p>\n\n\n<p>Sin embargo, normalmente recopilamos tu&nbsp;informaci&oacute;n personal solo cuando tenemos tu&nbsp;consentimiento para hacerlo, cuando es&nbsp;necesaria para ejecutar un&nbsp;contrato contigo o&nbsp;cuando el&nbsp;procesamiento se&nbsp;basa en&nbsp;nuestros intereses leg&iacute;timos y&nbsp;estos no&nbsp;se&nbsp;ven anulados por tus derechos y&nbsp;libertades fundamentales en&nbsp;materia de&nbsp;protecci&oacute;n de&nbsp;datos.<\/p>\n\n\n<p>Si&nbsp;tienes preguntas o&nbsp;necesitas m&aacute;s informaci&oacute;n sobre la&nbsp;base legal en&nbsp;la&nbsp;que nos basamos para recopilar y&nbsp;utilizar tu&nbsp;informaci&oacute;n personal, por favor cont&aacute;ctanos en&nbsp;<a href=\"mailto:help@typetype.org\">help@typetype.org<\/a>.<\/p>\n\n\n<h2 class=\"wp-block-heading\">Cont&aacute;ctanos<\/h2>\n\n\n<p>Si&nbsp;tienes alguna pregunta o&nbsp;inquietud sobre el&nbsp;uso de&nbsp;tu&nbsp;informaci&oacute;n personal, por favor contacta con <a href=\"mailto:help@typetype.org\">help@typetype.org<\/a>.<\/p>\n\n","protected":false},"excerpt":{"rendered":"<p>Proporcionamos esta pol\u00edtica de\u00a0Privacidad para demostrar nuestro compromiso de\u00a0proteger la\u00a0privacidad del usuario.<\/p>\n","protected":false},"author":1,"featured_media":100000335,"parent":23,"menu_order":0,"comment_status":"closed","ping_status":"closed","template":"templates\/page-text.php","meta":{"_acf_changed":false,"footnotes":""},"class_list":["post-25","page","type-page","status-publish","has-post-thumbnail","hentry"],"acf":[],"_links":{"self":[{"href":"https:\/\/typetype.org\/es\/wp-json\/wp\/v2\/pages\/25","targetHints":{"allow":["GET"]}}],"collection":[{"href":"https:\/\/typetype.org\/es\/wp-json\/wp\/v2\/pages"}],"about":[{"href":"https:\/\/typetype.org\/es\/wp-json\/wp\/v2\/types\/page"}],"author":[{"embeddable":true,"href":"https:\/\/typetype.org\/es\/wp-json\/wp\/v2\/users\/1"}],"replies":[{"embeddable":true,"href":"https:\/\/typetype.org\/es\/wp-json\/wp\/v2\/comments?post=25"}],"version-history":[{"count":5,"href":"https:\/\/typetype.org\/es\/wp-json\/wp\/v2\/pages\/25\/revisions"}],"predecessor-version":[{"id":42302,"href":"https:\/\/typetype.org\/es\/wp-json\/wp\/v2\/pages\/25\/revisions\/42302"}],"up":[{"embeddable":true,"href":"https:\/\/typetype.org\/es\/wp-json\/wp\/v2\/pages\/23"}],"wp:featuredmedia":[{"embeddable":true,"href":"https:\/\/typetype.org\/es\/wp-json\/wp\/v2\/media\/100000335"}],"wp:attachment":[{"href":"https:\/\/typetype.org\/es\/wp-json\/wp\/v2\/media?parent=25"}],"curies":[{"name":"wp","href":"https:\/\/api.w.org\/{rel}","templated":true}]}}