{"id":245,"date":"2021-04-15T16:09:00","date_gmt":"2021-04-15T13:09:00","guid":{"rendered":"http:\/\/typetype-wp.lcl\/?page_id=245"},"modified":"2025-07-11T14:29:38","modified_gmt":"2025-07-11T11:29:38","slug":"career","status":"publish","type":"page","link":"https:\/\/typetype.org\/es\/about\/career\/","title":{"rendered":"Trabajo en TypeType"},"content":{"rendered":"\n\n<section  class=\" text-with-img row     \">\n\n            <div class=\"text-with-img__text\">\n                            <h1 class=\"text-with-img__title title-mf\">Trabajo en TypeType<\/h1>\n                        <p>Si\u00a0est\u00e1s buscando trabajo de\u00a0tiempo completo, quieres trabajar con nosotros como aut\u00f3nomo o\u00a0realizar una pasant\u00eda, consult la\u00a0lista de\u00a0vacantes a\u00a0continuaci\u00f3n.<\/p>\n            <\/div>\n                        <img decoding=\"async\" width=\"1536\" height=\"768\" src=\"https:\/\/typetype.org\/es\/wp-content\/uploads\/sites\/11\/Type-Type-1082-1536x768.jpeg\" class=\"img-after\" alt=\"Trabajo en TypeType\" srcset=\"https:\/\/typetype.org\/es\/wp-content\/uploads\/sites\/11\/Type-Type-1082-1536x768.jpeg 1536w, https:\/\/typetype.org\/es\/wp-content\/uploads\/sites\/11\/Type-Type-1082-944x473.jpeg 944w, https:\/\/typetype.org\/es\/wp-content\/uploads\/sites\/11\/Type-Type-1082-1200x600.jpeg 1200w, https:\/\/typetype.org\/es\/wp-content\/uploads\/sites\/11\/Type-Type-1082-768x384.jpeg 768w, https:\/\/typetype.org\/es\/wp-content\/uploads\/sites\/11\/Type-Type-1082-2048x1024.jpeg 2048w, https:\/\/typetype.org\/es\/wp-content\/uploads\/sites\/11\/Type-Type-1082-80x40.jpeg 80w, https:\/\/typetype.org\/es\/wp-content\/uploads\/sites\/11\/Type-Type-1082-600x300.jpeg 600w, https:\/\/typetype.org\/es\/wp-content\/uploads\/sites\/11\/Type-Type-1082-300x150.jpeg 300w, https:\/\/typetype.org\/es\/wp-content\/uploads\/sites\/11\/Type-Type-1082-1024x512.jpeg 1024w\" sizes=\"(max-width: 1536px) 100vw, 1536px\" \/>            <\/section>\n\n\n<section class=\"career__list\">\n    <h2 style=\"-webkit-margin-after: revert; margin-block-end: revert;\" class=\"page-title\">Carrera<\/h2>\n                                <article class=\"career__types  row\">\n                                            <h2 class=\"career__types-title\">Posiciones abiertas<\/h2>\n                                        <div class=\"career__types-inner\">\n                        <div class=\"career__types-item\">\n                            <div class=\"career__types-item__vacancy\">\n                                <h3 class=\"career__types-item__title\">Dise\u00f1ador tipogr\u00e1fico<\/h3>\n                                <div class=\"description\">\n                                    <p>Buscamos un dise\u00f1ador tipogr\u00e1fico con el dominio del editor de fuentes Glyphs. Se valorar\u00e1 el conocimiento b\u00e1sico de la historia de las fuentes, la teor\u00eda de la construcci\u00f3n de fuentes y la experiencia de trabajo con FontLab o Robofont. Trabajo en la oficina.<\/p>\n                                    <div class=\"subscription\">\n                                        <span>support@typetype.org<\/span>\n                                        <span class=\"text_grey-air\">nota: Dise\u00f1ador tipogr\u00e1fico<\/span>                                     <\/div>\n                                <\/div>\n                            <\/div>\n                            <div class=\"career__types-item__text\">\n                                <span>Tiempo completo<\/span>\n                                <div class=\"inner\">\n                                    <span>Trabajo de oficina<\/span>\n\n                                    <svg class=\"icon-cross-in-circle js-vacancy-open\" version=\"1.1\" xmlns=\"http:\/\/www.w3.org\/2000\/svg\" xmlns:xlink=\"http:\/\/www.w3.org\/1999\/xlink\" x=\"0px\" y=\"0px\" viewBox=\"0 0 24 24\" style=\"enable-background:new 0 0 24 24;\" xml:space=\"preserve\">\n\t\t\t\t\t\t\t\t\t\t<circle style=\"fill:#ED5725;\" class=\"st0\" cx=\"12\" cy=\"12\" r=\"12\"><\/circle>\n                                        <path style=\"fill:#FFFFFF;\" d=\"M17,11h-4V7c0-0.6-0.4-1-1-1s-1,0.4-1,1v4H7c-0.6,0-1,0.4-1,1s0.4,1,1,1h4v4c0,0.6,0.4,1,1,1s1-0.4,1-1v-4h4c0.6,0,1-0.4,1-1S17.6,11,17,11z\"><\/path>\n\t\t\t\t\t\t\t\t\t<\/svg>\n                                <\/div>\n                            <\/div>\n                        <\/div>\n                     <\/div>\n                <\/article>\n                            <article class=\"career__types  row\">\n                                            <span class=\"career__types-title\"><\/span>\n                                        <div class=\"career__types-inner\">\n                        <div class=\"career__types-item\">\n                            <div class=\"career__types-item__vacancy\">\n                                <h3 class=\"career__types-item__title\">Dise\u00f1ador tipogr\u00e1fico j\u00fanior<\/h3>\n                                <div class=\"description\">\n                                    <p>Buscamos un dise\u00f1ador tipogr\u00e1fico junior con habilidades b\u00e1sicas en el editor de fuentes Glyphs. Trabajo en la oficina.<\/p>\n                                    <div class=\"subscription\">\n                                        <span>support@typetype.org<\/span>\n                                        <span class=\"text_grey-air\">nota: Dise\u00f1ador tipogr\u00e1fico j\u00fanior<\/span>                                     <\/div>\n                                <\/div>\n                            <\/div>\n                            <div class=\"career__types-item__text\">\n                                <span>Tiempo completo<\/span>\n                                <div class=\"inner\">\n                                    <span>Trabajo de oficina<\/span>\n\n                                    <svg class=\"icon-cross-in-circle js-vacancy-open\" version=\"1.1\" xmlns=\"http:\/\/www.w3.org\/2000\/svg\" xmlns:xlink=\"http:\/\/www.w3.org\/1999\/xlink\" x=\"0px\" y=\"0px\" viewBox=\"0 0 24 24\" style=\"enable-background:new 0 0 24 24;\" xml:space=\"preserve\">\n\t\t\t\t\t\t\t\t\t\t<circle style=\"fill:#ED5725;\" class=\"st0\" cx=\"12\" cy=\"12\" r=\"12\"><\/circle>\n                                        <path style=\"fill:#FFFFFF;\" d=\"M17,11h-4V7c0-0.6-0.4-1-1-1s-1,0.4-1,1v4H7c-0.6,0-1,0.4-1,1s0.4,1,1,1h4v4c0,0.6,0.4,1,1,1s1-0.4,1-1v-4h4c0.6,0,1-0.4,1-1S17.6,11,17,11z\"><\/path>\n\t\t\t\t\t\t\t\t\t<\/svg>\n                                <\/div>\n                            <\/div>\n                        <\/div>\n                     <\/div>\n                <\/article>\n                <\/section>\n\n\n            \n\n<a href=\"https:\/\/typetype.org\/es\/contact\/\" class=\" linked-block row\">     <span class=\"linked-block__title\">Contacto<\/span>\n    <span class=\"linked-block__text\">Cont\u00e1ctanos si tiene alguna pregunta<\/span> <\/a> ","protected":false},"excerpt":{"rendered":"<p>Si est\u00e1s buscando trabajo de tiempo completo, quieres trabajar con nosotros como aut\u00f3nomo o realizar una pasant\u00eda, consult la lista de vacantes a continuaci\u00f3n.<\/p>\n","protected":false},"author":1,"featured_media":100000258,"parent":84,"menu_order":0,"comment_status":"closed","ping_status":"closed","template":"","meta":{"_acf_changed":false,"footnotes":""},"class_list":["post-245","page","type-page","status-publish","has-post-thumbnail","hentry"],"acf":[],"_links":{"self":[{"href":"https:\/\/typetype.org\/es\/wp-json\/wp\/v2\/pages\/245","targetHints":{"allow":["GET"]}}],"collection":[{"href":"https:\/\/typetype.org\/es\/wp-json\/wp\/v2\/pages"}],"about":[{"href":"https:\/\/typetype.org\/es\/wp-json\/wp\/v2\/types\/page"}],"author":[{"embeddable":true,"href":"https:\/\/typetype.org\/es\/wp-json\/wp\/v2\/users\/1"}],"replies":[{"embeddable":true,"href":"https:\/\/typetype.org\/es\/wp-json\/wp\/v2\/comments?post=245"}],"version-history":[{"count":5,"href":"https:\/\/typetype.org\/es\/wp-json\/wp\/v2\/pages\/245\/revisions"}],"predecessor-version":[{"id":35530,"href":"https:\/\/typetype.org\/es\/wp-json\/wp\/v2\/pages\/245\/revisions\/35530"}],"up":[{"embeddable":true,"href":"https:\/\/typetype.org\/es\/wp-json\/wp\/v2\/pages\/84"}],"wp:featuredmedia":[{"embeddable":true,"href":"https:\/\/typetype.org\/es\/wp-json\/wp\/v2\/media\/100000258"}],"wp:attachment":[{"href":"https:\/\/typetype.org\/es\/wp-json\/wp\/v2\/media?parent=245"}],"curies":[{"name":"wp","href":"https:\/\/api.w.org\/{rel}","templated":true}]}}