{"id":21,"date":"2021-04-10T20:46:00","date_gmt":"2021-04-10T17:46:00","guid":{"rendered":"http:\/\/typetype-wp.lcl\/?page_id=21"},"modified":"2026-01-14T13:04:50","modified_gmt":"2026-01-14T10:04:50","slug":"cookies","status":"publish","type":"page","link":"https:\/\/typetype.org\/es\/agreement\/cookies\/","title":{"rendered":"Aviso de Cookies"},"content":{"rendered":"\n<h1 class=\"text-with-img__title  \">Cookies Notice &#8211; typetype.org\/es<\/h1>\n\n\n<p>Podemos recopilar informaci\u00f3n sobre su&nbsp;dispositivo, incluyendo, si&nbsp;es&nbsp;posible, su&nbsp;direcci\u00f3n&nbsp;IP, sistema operativo y&nbsp;tipo de&nbsp;navegador, para garantizar el&nbsp;funcionamiento de&nbsp;ciertas funciones del sitio web, la&nbsp;administraci\u00f3n del sistema y&nbsp;la&nbsp;posibilidad de&nbsp;que terceros personalicen y&nbsp;le&nbsp;proporcionen contenido, incluida la&nbsp;publicidad.<\/p>\n\n\n\n<p>Estamos obligados a&nbsp;proporcionarle informaci\u00f3n clara y&nbsp;completa sobre las cookies que utilizamos, y&nbsp;si&nbsp;esta p\u00e1gina no&nbsp;responde a&nbsp;todas sus preguntas, por favor, p\u00f3ngase en&nbsp;contacto con nosotros por correo electr\u00f3nico a&nbsp;<a href=\"mailto:help@typetype.org\">help@typetype.org<\/a>.<\/p>\n\n\n\n<h3 class=\"wp-block-heading\">\u00bfQu\u00e9 son las cookies?<\/h3>\n\n\n\n<p>Las cookies son peque\u00f1os archivos de&nbsp;datos que se&nbsp;almacenan en&nbsp;su&nbsp;computadora o&nbsp;dispositivo m\u00f3vil cuando visita un&nbsp;sitio web. Las cookies son ampliamente utilizadas por los propietarios de&nbsp;sitios web para que sus p\u00e1ginas operen o&nbsp;funcionen de&nbsp;manera m\u00e1s eficiente, as\u00ed como para proporcionar informaci\u00f3n de&nbsp;seguimiento.<\/p>\n\n\n\n<p>Las cookies instaladas por el&nbsp;propietario del sitio web, en&nbsp;este caso Ltda. <br>\u201cTypeType\u201d<span style=\"font-family: -apple-system, BlinkMacSystemFont, &quot;Segoe UI&quot;, Roboto, Oxygen-Sans, Ubuntu, Cantarell, &quot;Helvetica Neue&quot;, sans-serif;\">, <\/span>se&nbsp;denominan \u201ccookies de&nbsp;primera parte\u201d. Las cookies instaladas por proveedores externos se&nbsp;denominan \u201ccookies de&nbsp;terceros\u201d. Las cookies de&nbsp;terceros permiten ofrecer funciones de&nbsp;terceros en&nbsp;el&nbsp;sitio web o&nbsp;a&nbsp;trav\u00e9s de&nbsp;\u00e9l (por ejemplo, publicidad, contenido interactivo y&nbsp;an\u00e1lisis). Las partes que configuran estas cookies de&nbsp;terceros pueden reconocer su&nbsp;computadora tanto cuando visita el&nbsp;sitio web correspondiente como cuando accede a&nbsp;determinados otros sitios web.<\/p>\n\n\n\n<p>Utilizamos cookies y&nbsp;tecnolog\u00edas similares, que se&nbsp;dividen en&nbsp;las siguientes categor\u00edas:<\/p>\n\n\n\n<p>Cookies estrictamente necesarias, que son esenciales para el&nbsp;funcionamiento del sitio web, incluyendo el&nbsp;inicio de&nbsp;sesi\u00f3n o&nbsp;el&nbsp;pago de&nbsp;bienes y&nbsp;servicios.<\/p>\n\n\n\n<p>Cookies anal\u00edticas y&nbsp;de&nbsp;personalizaci\u00f3n, que recopilan informaci\u00f3n para su&nbsp;uso de&nbsp;forma agregada, con el&nbsp;fin de&nbsp;ayudarnos a&nbsp;comprender c\u00f3mo se&nbsp;utilizan nuestros sitios web (por ejemplo, reconocer y&nbsp;contar el&nbsp;n\u00famero de&nbsp;visitantes y&nbsp;observar c\u00f3mo navegan por el&nbsp;sitio), evaluar la&nbsp;eficacia de&nbsp;las campa\u00f1as de&nbsp;marketing o&nbsp;personalizar nuestros sitios web para usted.<\/p>\n\n\n\n<p>Cookies de&nbsp;rendimiento y&nbsp;operatividad, que se&nbsp;utilizan para mejorar el&nbsp;desempe\u00f1o y&nbsp;la&nbsp;funcionalidad de&nbsp;nuestros sitios web, pero no&nbsp;son esenciales para su&nbsp;funcionamiento. Sin embargo, su&nbsp;ausencia podr\u00eda limitar ciertas funcionalidades, como la&nbsp;reproducci\u00f3n de&nbsp;videos.<\/p>\n\n\n\n<p>Cookies de&nbsp;segmentaci\u00f3n y&nbsp;publicidad, que registran sus visitas al&nbsp;sitio web, las p\u00e1ginas que ha&nbsp;abierto y&nbsp;los enlaces que ha&nbsp;usado, con el&nbsp;objetivo de&nbsp;personalizar el&nbsp;sitio web y&nbsp;los anuncios seg\u00fan sus intereses. (Tambi\u00e9n podemos compartir esta informaci\u00f3n con terceros para este prop\u00f3sito).<\/p>\n\n\n\n<p>Cookies de&nbsp;redes sociales, que le&nbsp;permiten compartir p\u00e1ginas y&nbsp;contenido de&nbsp;nuestros sitios web a&nbsp;trav\u00e9s de&nbsp;redes sociales de&nbsp;terceros y&nbsp;otros sitios web. Estas cookies tambi\u00e9n pueden utilizarse con fines publicitarios.<\/p>\n\n\n\n<p>Para obtener m\u00e1s informaci\u00f3n sobre los tipos de&nbsp;cookies que utilizamos y&nbsp;los fines para los que las empleamos, consulte la&nbsp;tabla a&nbsp;continuaci\u00f3n:<\/p>\n\n\n\n<figure class=\"wp-block-table\"><table><tbody><tr><td><strong>Tipos de&nbsp;Cookies<\/strong><\/td><td><strong>Qui\u00e9n proporciona las cookies<\/strong><\/td><td><strong>C\u00f3mo rechazar<\/strong><\/td><\/tr><tr><td><strong>Cookies<\/strong> esenciales del sitio web. Estas cookies son necesarias para proporcionarle los servicios disponibles en&nbsp;nuestros sitios web y&nbsp;para habilitar ciertas funciones, como el&nbsp;acceso a&nbsp;\u00e1reas protegidas.<\/td><td>TypeType<\/td><td>Dado que estas cookies son estrictamente necesarias para proporcionarle los servicios de&nbsp;los sitios web, no&nbsp;puede rechazarlas.<br><br>Puede bloquearlas o&nbsp;eliminarlas cambiando la&nbsp;configuraci\u00f3n de&nbsp;su&nbsp;navegador, como se&nbsp;describe a&nbsp;continuaci\u00f3n en&nbsp;la&nbsp;secci\u00f3n <br>\u201c\u00bfC\u00f3mo puedo controlar las cookies?\u201d<span style=\"font-family: inherit; font-size: inherit; font-weight: inherit; color: initial;\">.<\/span><\/td><\/tr><tr><td><strong>Cookies de&nbsp;rendimiento y&nbsp;operatividad.<\/strong> Estas cookies se&nbsp;utilizan para mejorar el&nbsp;rendimiento y&nbsp;la&nbsp;funcionalidad de&nbsp;nuestros sitios web, aunque no&nbsp;son imprescindibles para su&nbsp;uso. Sin embargo, sin estas cookies, algunas funciones (como la&nbsp;reproducci\u00f3n de&nbsp;videos) podr\u00edan no&nbsp;estar disponibles.<\/td><td>TypeType<\/td><td>Para rechazar estas cookies, siga las instrucciones que se&nbsp;indican a&nbsp;continuaci\u00f3n en&nbsp;la&nbsp;secci\u00f3n \u201c\u00bfC\u00f3mo puedo controlar las cookies?\u201d, pero tenga en&nbsp;cuenta que la&nbsp;funcionalidad del sitio se&nbsp;ver\u00e1 reducida o&nbsp;podr\u00eda no&nbsp;estar disponible.<\/td><\/tr><tr><td><strong>Cookies anal\u00edticas y&nbsp;de&nbsp;personalizaci\u00f3n.<\/strong> Estas cookies recopilan informaci\u00f3n que se&nbsp;utiliza de&nbsp;forma agregada para ayudarnos a&nbsp;comprender c\u00f3mo se&nbsp;utilizan nuestros sitios web, evaluar la&nbsp;efectividad de&nbsp;las campa\u00f1as de&nbsp;marketing o&nbsp;personalizar nuestros sitios web seg\u00fan sus preferencias.<\/td><td>TypeType<br><br>Google Analytics (<a href=\"http:\/\/www.google-analytics.com\/\" target=\"_blank\" rel=\"noreferrer noopener\">www.google-analytics.com<\/a>)<\/td><td>Para rechazar estas cookies, siga las instrucciones que se\u00a0indican a\u00a0continuaci\u00f3n en\u00a0la\u00a0secci\u00f3n \u201c\u00bfC\u00f3mo puedo controlar las cookies?\u201d. Como alternativa, por favor, utilice el\u00a0enlace de\u00a0rechazo correspondiente que se\u00a0encuentra a\u00a0continuaci\u00f3n: <a href=\"https:\/\/tools.google.com\/dlpage\/gaoptout\" target=\"_blank\" rel=\"noreferrer noopener\">Google Analytics Opt Out<\/a><\/td><\/tr><tr><td><strong>Cookies de&nbsp;segmentaci\u00f3n y&nbsp;publicidad. <\/strong>Estas cookies se&nbsp;utilizan para personalizar los mensajes publicitarios seg\u00fan sus intereses. Cumplen funciones como evitar que un&nbsp;mismo anuncio aparezca repetidamente, garantizar la&nbsp;correcta visualizaci\u00f3n de&nbsp;los anuncios para los anunciantes&nbsp;y, en&nbsp;algunos casos, seleccionar anuncios basados en&nbsp;sus preferencias.<\/td><td>TypeType<br><br>Google Analytics (<a href=\"http:\/\/www.google-analytics.com\/\" target=\"_blank\" rel=\"noreferrer noopener\">www.google-analytics.com<\/a>)<br>Twitter (<a href=\"http:\/\/www.twitter.com\/\" target=\"_blank\" rel=\"noreferrer noopener\">www.twitter.com<\/a>)<br>Youtube (<a href=\"http:\/\/www.youtube.com\/\" target=\"_blank\" rel=\"noreferrer noopener\">www.youtube.com<\/a>) <\/td><td>Para rechazar estas cookies, siga las instrucciones que se\u00a0indican a\u00a0continuaci\u00f3n en\u00a0la\u00a0secci\u00f3n \u201c\u00bfC\u00f3mo puedo controlar las cookies?\u201d. Para obtener m\u00e1s informaci\u00f3n sobre estas y\u00a0otras redes publicitarias, as\u00ed como sobre c\u00f3mo puede rechazar la\u00a0recopilaci\u00f3n de\u00a0informaci\u00f3n por parte de\u00a0terceros, visite las p\u00e1ginas de\u00a0Network Advertising Initiative <a href=\"https:\/\/www.networkadvertising.org\/choices\/\" target=\"_blank\" rel=\"noreferrer noopener\">OptOut <\/a>y\u00a0Digital Advertising Alliance <a href=\"https:\/\/www.aboutads.info\/choices\/\" target=\"_blank\" rel=\"noreferrer noopener\">OptOut<\/a>.<br>Consulte tambi\u00e9n los enlaces de\u00a0rechazo a\u00a0continuaci\u00f3n: <a href=\"https:\/\/tools.google.com\/dlpage\/gaoptout\" target=\"_blank\" rel=\"noreferrer noopener\">Google Analytics Opt Out<\/a><\/td><\/tr><tr><td><strong>Cookies de&nbsp;redes sociales:<\/strong> estas cookies se&nbsp;utilizan para permitirle compartir p\u00e1ginas y&nbsp;contenido de&nbsp;nuestro sitio web a&nbsp;trav\u00e9s de&nbsp;redes sociales de&nbsp;terceros y&nbsp;otros sitios web. Tambi\u00e9n pueden ser utilizadas con fines publicitarios.<\/td><td>Linkedin (<a href=\"http:\/\/www.linkedin.com\/\" target=\"_blank\" rel=\"noreferrer noopener\">www.linkedin.com<\/a>)<br>Twitter (<a href=\"http:\/\/www.twitter.com\/\" target=\"_blank\" rel=\"noreferrer noopener\">www.twitter.com<\/a>)<br>Youtube (<a href=\"http:\/\/www.youtube.com\/\" target=\"_blank\" rel=\"noreferrer noopener\">www.youtube.com<\/a>)<br>Pinterest (<a href=\"http:\/\/www.pinterest.com\/\" target=\"_blank\" rel=\"noreferrer noopener\">www.pinterest.com<\/a>)<\/td><td>Para rechazar estas cookies, siga las instrucciones indicadas a&nbsp;continuaci\u00f3n en&nbsp;la&nbsp;secci\u00f3n \u201c\u00bfC\u00f3mo puedo controlar las cookies?\u201d.<br>Tambi\u00e9n puede decidir c\u00f3mo estas empresas manejar\u00e1n su&nbsp;informaci\u00f3n a&nbsp;trav\u00e9s de&nbsp;la&nbsp;configuraci\u00f3n de&nbsp;su&nbsp;perfil en&nbsp;dichas redes sociales.<\/td><\/tr><\/tbody><\/table><\/figure>\n\n\n\n<h3 class=\"wp-block-heading\">\u00bfY qu\u00e9 hay de&nbsp;otras tecnolog\u00edas de&nbsp;seguimiento, como los web beacons?<\/h3>\n\n\n\n<p>Las cookies no&nbsp;son la&nbsp;\u00fanica forma de&nbsp;reconocer o&nbsp;rastrear a&nbsp;los visitantes de&nbsp;un&nbsp;sitio web. Ocasionalmente, podemos utilizar otras tecnolog\u00edas similares, como los web beacons (a&nbsp;veces llamados \u201cp\u00edxeles de&nbsp;seguimiento\u201c o&nbsp;\u201cim\u00e1genes transparentes\u201d). Estos son peque\u00f1os archivos gr\u00e1ficos que contienen un&nbsp;identificador \u00fanico que nos permite saber cu\u00e1ndo alguien ha&nbsp;visitado nuestros sitios web o&nbsp;ha&nbsp;abierto un&nbsp;correo electr\u00f3nico que le&nbsp;hemos enviado. Esto nos permite, por ejemplo, rastrear el&nbsp;flujo de&nbsp;tr\u00e1fico de&nbsp;los usuarios de&nbsp;una p\u00e1gina de&nbsp;nuestros sitios web a&nbsp;otra, entregar cookies o&nbsp;interactuar con ellas, determinar si&nbsp;ha&nbsp;llegado a&nbsp;nuestros sitios web a&nbsp;trav\u00e9s de&nbsp;publicidad en&nbsp;l\u00ednea publicada en&nbsp;un&nbsp;sitio web de&nbsp;terceros, mejorar el&nbsp;rendimiento del sitio y&nbsp;medir el&nbsp;\u00e9xito de&nbsp;las campa\u00f1as de&nbsp;marketing por correo electr\u00f3nico. En&nbsp;muchos casos, estas tecnolog\u00edas dependen del correcto funcionamiento de&nbsp;las cookies, por lo&nbsp;que rechazar las cookies afectar\u00e1 su&nbsp;funcionamiento.<\/p>\n\n\n\n<h3 class=\"wp-block-heading\">\u00bfUtilizan cookies flash, tambi\u00e9n conocidas como objetos locales compartidos?<\/h3>\n\n\n\n<p>Nuestros sitios web tambi\u00e9n pueden utilizar las llamadas \u201ccookies flash\u201d (tambi\u00e9n conocidas como \u201cobjetos locales compartidos\u201c o&nbsp;\u201cLSO\u201d) para recopilar y&nbsp;almacenar informaci\u00f3n sobre el&nbsp;uso que hace de&nbsp;nuestros servicios, prevenir fraudes y&nbsp;llevar a&nbsp;cabo otras operaciones en&nbsp;el&nbsp;sitio.<\/p>\n\n\n\n<p>Si&nbsp;no&nbsp;desea que las \u201ccookies flash\u201d se&nbsp;almacenen en&nbsp;su&nbsp;computadora, puede ajustar la&nbsp;configuraci\u00f3n de&nbsp;su&nbsp;reproductor Flash para bloquear el&nbsp;almacenamiento de&nbsp;estas cookies utilizando las herramientas disponibles en&nbsp;el&nbsp;panel de&nbsp;configuraci\u00f3n del almacenamiento del sitio web (<a href=\"http:\/\/www.macromedia.com\/support\/documentation\/en\/flashplayer\/help\/settings_manager07.html\" target=\"_blank\" rel=\"noreferrer noopener\">http:\/\/www.macromedia.com\/support\/documentation\/en\/flashplayer\/help\/settings_manager07.html<\/a>). Tambi\u00e9n puede gestionar las \u201ccookies flash\u201c accediendo al&nbsp;panel de&nbsp;configuraci\u00f3n global de&nbsp;almacenamiento (<a href=\"http:\/\/www.macromedia.com\/support\/documentation\/en\/flashplayer\/help\/settings_manager03.html\" target=\"_blank\" rel=\"noreferrer noopener\">http:\/\/www.macromedia.com\/support\/documentation\/en\/flashplayer\/help\/settings_manager03.html<\/a>) y&nbsp;siguiendo las instrucciones (que pueden incluir explicaciones sobre c\u00f3mo eliminar las \u201ccookies flash\u201c existentes, c\u00f3mo evitar que se&nbsp;almacenen en&nbsp;su&nbsp;computadora sin su&nbsp;conocimiento&nbsp;y, para Flash Player 8&nbsp;y versiones posteriores, c\u00f3mo bloquear las \u201ccookies flash\u201c que no&nbsp;son proporcionadas por el&nbsp;operador del sitio en&nbsp;el&nbsp;que se&nbsp;encuentra actualmente).<\/p>\n\n\n\n<p>Tenga en&nbsp;cuenta que configurar Flash Player para rechazar las \u201ccookies flash\u201c o&nbsp;limitar su&nbsp;aceptaci\u00f3n puede reducir o&nbsp;dificultar el&nbsp;funcionamiento de&nbsp;algunas aplicaciones Flash, incluidas, posiblemente, aquellas utilizadas por nuestros servicios o&nbsp;en&nbsp;contenido en&nbsp;l\u00ednea.<\/p>\n\n\n\n<h3 class=\"wp-block-heading\">\u00bfOfrecen publicidad dirigida?<\/h3>\n\n\n\n<p>Terceros pueden colocar cookies en&nbsp;su&nbsp;computadora o&nbsp;dispositivo m\u00f3vil para mostrar publicidad en&nbsp;nuestros sitios web. Estas empresas pueden utilizar informaci\u00f3n sobre sus visitas a&nbsp;este y&nbsp;otros sitios web para ofrecer anuncios relevantes sobre productos y&nbsp;servicios que puedan interesarle. Tambi\u00e9n pueden emplear tecnolog\u00eda destinada a&nbsp;medir la&nbsp;efectividad de&nbsp;los anuncios. Esto se&nbsp;puede lograr mediante el&nbsp;uso de&nbsp;cookies o&nbsp;web beacons para recopilar informaci\u00f3n sobre sus visitas a&nbsp;este y&nbsp;otros sitios web, con el&nbsp;fin de&nbsp;proporcionar anuncios relacionados con productos y&nbsp;servicios que puedan ser de&nbsp;su&nbsp;inter\u00e9s. La&nbsp;informaci\u00f3n recopilada a&nbsp;trav\u00e9s de&nbsp;este proceso no&nbsp;permite a&nbsp;nosotros ni&nbsp;a&nbsp;ellos identificar su&nbsp;nombre, datos de&nbsp;contacto u&nbsp;otra informaci\u00f3n personal, a&nbsp;menos que usted decida proporcionarla.<\/p>\n\n\n\n<h3 class=\"wp-block-heading\">\u00bfC\u00f3mo puedo controlar las cookies?<\/h3>\n\n\n\n<p>Dispone del derecho de&nbsp;decidir si&nbsp;acepta o&nbsp;rechaza las cookies. Puede configurar sus preferencias de&nbsp;cookies siguiendo las instrucciones proporcionadas en&nbsp;la&nbsp;tabla de&nbsp;cookies anterior.<\/p>\n\n\n\n<p>Puede configurar o&nbsp;modificar los controles de&nbsp;su&nbsp;navegador web para aceptar o&nbsp;rechazar las cookies. Si&nbsp;decide rechazar las cookies, a\u00fan podr\u00e1 utilizar nuestro sitio web, aunque su&nbsp;acceso a&nbsp;algunas funciones y&nbsp;secciones puede estar limitado. Dado que los m\u00e9todos para rechazar cookies a&nbsp;trav\u00e9s de&nbsp;los controles del navegador var\u00edan seg\u00fan el&nbsp;navegador, debe consultar el&nbsp;men\u00fa de&nbsp;ayuda de&nbsp;su&nbsp;navegador para obtener m\u00e1s informaci\u00f3n.<\/p>\n\n\n\n<p>Para obtener m\u00e1s informaci\u00f3n sobre las cookies, incluyendo cu\u00e1les se&nbsp;han instalado y&nbsp;c\u00f3mo gestionarlas o&nbsp;eliminarlas, visite <a href=\"http:\/\/www.aboutcookies.org\" target=\"_blank\" rel=\"noreferrer noopener\">www.aboutcookies.org<\/a> o&nbsp;<a href=\"http:\/\/www.allaboutcookies.org\" target=\"_blank\" rel=\"noreferrer noopener\">www.allaboutcookies.org<\/a>.<\/p>\n\n\n\n<h3 class=\"wp-block-heading\">\u00bfCon qu\u00e9 frecuencia actualizar\u00e1n este Aviso de&nbsp;Cookies?<\/h3>\n\n\n\n<p>Podemos actualizar este Aviso de&nbsp;Cookies ocasionalmente para reflejar, por ejemplo, cambios en&nbsp;las cookies que utilizamos o&nbsp;por otras razones operativas, legales o&nbsp;regulatorias. Por lo&nbsp;tanto, le&nbsp;recomendamos visitar este Aviso de&nbsp;Cookies con regularidad para mantenerse informado sobre nuestro uso de&nbsp;cookies y&nbsp;tecnolog\u00edas relacionadas.<\/p>\n\n\n\n<p>La&nbsp;fecha en&nbsp;la&nbsp;parte superior de&nbsp;este Aviso de&nbsp;Cookies indica la&nbsp;\u00faltima vez que se&nbsp;actualiz\u00f3.<\/p>\n\n\n\n<h3 class=\"wp-block-heading\">\u00bfD\u00f3nde puedo obtener m\u00e1s informaci\u00f3n?<\/h3>\n\n\n\n<p>Si&nbsp;tiene alguna pregunta sobre nuestro uso de&nbsp;cookies u&nbsp;otras tecnolog\u00edas, por favor, escr\u00edbanos a&nbsp;<a href=\"mailto:help@typetype.org\">help@typetype.org<\/a>.<\/p>\n","protected":false},"excerpt":{"rendered":"<p>We\u00a0may collect information about your device, including your\u00a0IP address, operating system and browser type to\u00a0enable certain features of\u00a0the website to\u00a0work.<\/p>\n","protected":false},"author":1,"featured_media":100000335,"parent":23,"menu_order":0,"comment_status":"closed","ping_status":"closed","template":"templates\/page-text.php","meta":{"_acf_changed":false,"footnotes":""},"class_list":["post-21","page","type-page","status-publish","has-post-thumbnail","hentry"],"acf":[],"_links":{"self":[{"href":"https:\/\/typetype.org\/es\/wp-json\/wp\/v2\/pages\/21","targetHints":{"allow":["GET"]}}],"collection":[{"href":"https:\/\/typetype.org\/es\/wp-json\/wp\/v2\/pages"}],"about":[{"href":"https:\/\/typetype.org\/es\/wp-json\/wp\/v2\/types\/page"}],"author":[{"embeddable":true,"href":"https:\/\/typetype.org\/es\/wp-json\/wp\/v2\/users\/1"}],"replies":[{"embeddable":true,"href":"https:\/\/typetype.org\/es\/wp-json\/wp\/v2\/comments?post=21"}],"version-history":[{"count":5,"href":"https:\/\/typetype.org\/es\/wp-json\/wp\/v2\/pages\/21\/revisions"}],"predecessor-version":[{"id":47108,"href":"https:\/\/typetype.org\/es\/wp-json\/wp\/v2\/pages\/21\/revisions\/47108"}],"up":[{"embeddable":true,"href":"https:\/\/typetype.org\/es\/wp-json\/wp\/v2\/pages\/23"}],"wp:featuredmedia":[{"embeddable":true,"href":"https:\/\/typetype.org\/es\/wp-json\/wp\/v2\/media\/100000335"}],"wp:attachment":[{"href":"https:\/\/typetype.org\/es\/wp-json\/wp\/v2\/media?parent=21"}],"curies":[{"name":"wp","href":"https:\/\/api.w.org\/{rel}","templated":true}]}}