{"id":12086,"date":"2022-10-12T20:25:03","date_gmt":"2022-10-12T17:25:03","guid":{"rendered":"https:\/\/typetype.org\/es\/?page_id=12086"},"modified":"2024-09-23T12:13:15","modified_gmt":"2024-09-23T09:13:15","slug":"fonts-sale","status":"publish","type":"page","link":"https:\/\/typetype.org\/es\/fonts-sale\/","title":{"rendered":"Fuentes con descuento"},"content":{"rendered":"\n<p>Comprar fuentes tipogr\u00e1ficas con descuento. \u00a1Compra tipos de letra a buen precio!<\/p>\n\n\n\n<p>La secci\u00f3n presenta fuentes elegantes y de alta calidad para el dise\u00f1o de proyectos comerciales y personales. Hay fuentes de diferentes estilos y tipos: bonitas fuentes decorativas para encabezados, fuentes serif est\u00e9ticas para dise\u00f1o de marcas y empaques, sans serifs universales para uso en aplicaciones m\u00f3viles y sitios web.<\/p>\n\n\n\n<p>La lista de fuentes que puedes comprar a muy buen precio se actualiza cada semana. Sigue a TypeType en las redes sociales o suscr\u00edbete a nuestra newsletter para recibir novedades sobre nuevos descuentos.<\/p>\n\n\n\n<p>Ten en cuenta que los descuentos se aplican a toda la familia de fuentes. Puedes comprar un juego completo o seleccionar los estilos o subfamilias necesarios.<\/p>\n","protected":false},"excerpt":{"rendered":"<p>\u00a1Las mejores fuentes TypeType con grandes descuentos! Una amplia selecci\u00f3n de ofertas especiales con descuentos de hasta el 60%: no te pierdas los beneficios.<\/p>\n","protected":false},"author":2,"featured_media":100000335,"parent":0,"menu_order":0,"comment_status":"closed","ping_status":"closed","template":"page-sale.php","meta":{"_acf_changed":false,"footnotes":""},"class_list":["post-12086","page","type-page","status-publish","has-post-thumbnail","hentry"],"acf":[],"_links":{"self":[{"href":"https:\/\/typetype.org\/es\/wp-json\/wp\/v2\/pages\/12086","targetHints":{"allow":["GET"]}}],"collection":[{"href":"https:\/\/typetype.org\/es\/wp-json\/wp\/v2\/pages"}],"about":[{"href":"https:\/\/typetype.org\/es\/wp-json\/wp\/v2\/types\/page"}],"author":[{"embeddable":true,"href":"https:\/\/typetype.org\/es\/wp-json\/wp\/v2\/users\/2"}],"replies":[{"embeddable":true,"href":"https:\/\/typetype.org\/es\/wp-json\/wp\/v2\/comments?post=12086"}],"version-history":[{"count":5,"href":"https:\/\/typetype.org\/es\/wp-json\/wp\/v2\/pages\/12086\/revisions"}],"predecessor-version":[{"id":34155,"href":"https:\/\/typetype.org\/es\/wp-json\/wp\/v2\/pages\/12086\/revisions\/34155"}],"wp:featuredmedia":[{"embeddable":true,"href":"https:\/\/typetype.org\/es\/wp-json\/wp\/v2\/media\/100000335"}],"wp:attachment":[{"href":"https:\/\/typetype.org\/es\/wp-json\/wp\/v2\/media?parent=12086"}],"curies":[{"name":"wp","href":"https:\/\/api.w.org\/{rel}","templated":true}]}}