{"id":93,"date":"2021-04-13T16:44:00","date_gmt":"2021-04-13T13:44:00","guid":{"rendered":"http:\/\/typetype-wp.lcl\/?page_id=93"},"modified":"2026-01-30T14:33:21","modified_gmt":"2026-01-30T11:33:21","slug":"contact","status":"publish","type":"page","link":"https:\/\/typetype.org\/de\/contact\/","title":{"rendered":"Kontakt"},"content":{"rendered":"<div class=\"title-block \">\n        <div class=\"title-block__row\">\n        <h1 class=\"title-block__title\">Kontakt<\/h1>\n    <\/div>\n            <div class=\"title-block__row\">\n        <div class=\"title-block__subtitle\"><p data-pm-slice=\"1 1 []\">TypeType ist ein f\u00fchrendes internationales Schriftstudio. Unsere Teammitglieder arbeiten rund um\u00a0den Globus f\u00fcr euch. Wir haben Vertretungen in\u00a0den Vereinigten Arabischen Emiraten, Kasachstan, Armenien und einen Vertriebspartner in\u00a0den Vereinigten Staaten. Alle unsere Vertreter und Vertriebspartner sind berechtigt, unsere Schriften zu\u00a0lizenzieren und zu\u00a0vertreiben. Ganz gleich, wo\u00a0du\u00a0dich befindest, gemeinsam finden wir die f\u00fcr dich am\u00a0besten geeignete Vertriebsinstanz.<\/p>\n<p data-pm-slice=\"1 1 []\">Auf dieser Seite kannst du\u00a0mit uns Kontakt aufnehmen, indem du\u00a0das untenstehende Formular ausf\u00fcllst. Au\u00dferdem findest du\u00a0hier alle Kontaktinformationen: aktuelle Adresse, Postanschrift, WhatsApp und die sozialen Netzwerke in\u00a0welchen TypeType vertreten ist.<\/p>\n<\/div>\n            <\/div>\n    <\/div>\n\n\n\n<section class=\"text-with-img row office-row   \">\n        <div class=\"text-with-img__text contact-info select-office webforms_feedback\">\n        <h2 class=\"text-with-img__title\">Kontaktinformationen<\/h2>\n                    <input type=\"hidden\" name=\"post_id\" value=\"0\" \/>\n            <select class=\"contact-select office-select fonts-menu__select\">\n                                     \n                        <option value=\"0\">United Arab Emirates<\/option>\n                                                                                 \n                        <option value=\"1\">United States<\/option>\n                                                                                 \n                        <option value=\"2\">Kazakhstan<\/option>\n                                                                                 \n                        <option value=\"3\">Armenia<\/option>\n                                                                                                            <\/select>\n                <div class=\"office-content\">\n            <p><strong><a href=\"https:\/\/typetype.org\/de\/wa.php?phone=77712733566\" target=\"_blank\" rel=\"noopener\">WhatsApp<\/a><br \/>\n<\/strong>Email: <a href=\"mailto:commercial@typetype.org\">commercial@typetype.org<\/a><br \/>\nAdresse: Premises number 26438-001, Dubai Silicon Oasis, DDP, Building A1, Dubai<\/p>\n        <\/div>\n    <\/div>\n            <div class=\"y-map\">\n            <div id=\"map\"><\/div>\n        <\/div>\n    <\/section>\n<div class=\"maps-code\">\n    <script>\r\nasync function initMap() {\r\n    const position = {lat: 25.118674, lng: 55.377495};\r\n\r\n    const markerImage = document.createElement(\"img\");\r\n    markerImage.src = 'https:\/\/typetype.org\/wp-content\/themes\/typetype\/assets\/img\/marker.svg';\r\n    markerImage.style.width = 'inherit';\r\n    markerImage.style.height = 'auto';\r\n\r\n    const { Map } = await google.maps.importLibrary(\"maps\");\r\n    const { AdvancedMarkerElement } = await google.maps.importLibrary(\"marker\");\r\n\r\n    const map = new Map(document.getElementById('map'), {\r\n        center: position,\r\n        zoom: 17,\r\n        mapId: '3458c05427df68e6',\r\n    });\r\n\r\n    new AdvancedMarkerElement({\r\n        position,\r\n        map,\r\n        title: 'TypeType',\r\n        content: markerImage\r\n    });\r\n}\r\n<\/script><\/div>\n<script async defer src=\"https:\/\/maps.googleapis.com\/maps\/api\/js?key=AIzaSyD51zXpAJdTw5fxKek9hj3WVzn_JGX8wCM&#038;language=en&#038;callback=initMap&#038;loading=async\"><\/script>\n\n\n\n<section class=\"contact__block_form form-blocks\">\n\t<h2 class=\"page-title\">Kontaktiere uns<\/h2>\n    <div class=\"contact__types row\">\n        <div class=\"contact__types-inner\" style=\"margin:0 auto;\">\n            <div class=\"row\" style=\"margin: 0 auto; display: block; max-width: 800px; min-width: auto\">\n                <div class=\"main-trial-font__form main-trial-font__form_feedback webforms_feedback\" style=\"width:100%; margin: 0\">\n                    <div class=\"profile\">\n                        <div class=\"container\" style=\"padding-bottom: 0\">\n                            <div class=\"profile__list row\">\n                                <div class=\"profile__item\" style=\"margin: 0; padding: 0\">\n                                    \n<div class=\"wpcf7 no-js\" id=\"wpcf7-f77-o1\" lang=\"de-DE\" dir=\"ltr\" data-wpcf7-id=\"77\">\n<div class=\"screen-reader-response\"><p role=\"status\" aria-live=\"polite\" aria-atomic=\"true\"><\/p> <ul><\/ul><\/div>\n<form action=\"\/de\/wp-json\/wp\/v2\/pages\/93#wpcf7-f77-o1\" method=\"post\" class=\"wpcf7-form init new-form wpcf7-acceptance-as-validation\" id=\"contact_form\" aria-label=\"Kontaktformular\" novalidate=\"novalidate\" data-status=\"init\">\n<fieldset class=\"hidden-fields-container\"><input type=\"hidden\" name=\"_wpcf7\" value=\"77\" \/><input type=\"hidden\" name=\"_wpcf7_version\" value=\"6.1\" \/><input type=\"hidden\" name=\"_wpcf7_locale\" value=\"de_DE\" \/><input type=\"hidden\" name=\"_wpcf7_unit_tag\" value=\"wpcf7-f77-o1\" \/><input type=\"hidden\" name=\"_wpcf7_container_post\" value=\"0\" \/><input type=\"hidden\" name=\"_wpcf7_posted_data_hash\" value=\"\" \/>\n<\/fieldset>\n<input class=\"wpcf7-form-control wpcf7-hidden\" value=\"Contact form DE\" type=\"hidden\" name=\"subject\" \/>\n<input class=\"wpcf7-form-control wpcf7-hidden\" value=\"\" type=\"hidden\" name=\"guid\" \/>\n<input class=\"wpcf7-form-control wpcf7-hidden\" value=\"1\" type=\"hidden\" name=\"no_create_company\" \/>\n<input class=\"wpcf7-form-control wpcf7-hidden\" value=\"\" type=\"hidden\" name=\"utm_source\" \/>\n<input class=\"wpcf7-form-control wpcf7-hidden\" value=\"\" type=\"hidden\" name=\"utm_medium\" \/>\n<input class=\"wpcf7-form-control wpcf7-hidden\" value=\"\" type=\"hidden\" name=\"utm_campaign\" \/>\n<input class=\"wpcf7-form-control wpcf7-hidden\" value=\"\" type=\"hidden\" name=\"utm_term\" \/>\n<input class=\"wpcf7-form-control wpcf7-hidden\" value=\"\" type=\"hidden\" name=\"utm_content\" \/>\n<input class=\"wpcf7-form-control wpcf7-hidden\" value=\"\" type=\"hidden\" name=\"ym_uid\" \/>\n<input class=\"wpcf7-form-control wpcf7-hidden\" value=\"\" type=\"hidden\" name=\"ga\" \/>\n<input class=\"wpcf7-form-control wpcf7-hidden\" value=\"\" type=\"hidden\" name=\"gclid\" \/>\n<input class=\"wpcf7-form-control wpcf7-hidden\" value=\"\" type=\"hidden\" name=\"cl_conversion_event\" \/>\n<input class=\"wpcf7-form-control wpcf7-hidden\" value=\"Contact\" type=\"hidden\" name=\"lead_type\" \/>\n<input class=\"wpcf7-form-control wpcf7-hidden\" value=\"\" type=\"hidden\" name=\"is_login\" \/>\n<input class=\"wpcf7-form-control wpcf7-hidden\" value=\"\" type=\"hidden\" name=\"country_title\" \/>\n<div class=\"form-group\">\n   <span class=\"input-title\">Bitte geben Sie Ihr Anliegen an.*<\/span>\n   <span class=\"wpcf7-form-control-wrap\" data-name=\"recipient\"><select class=\"wpcf7-form-control wpcf7-select wpcf7-validates-as-required fonts-menu__select\" aria-required=\"true\" aria-invalid=\"false\" name=\"recipient\"><option value=\"\">Bitte geben Sie Ihr Anliegen an.<\/option><option value=\"Kommerzielle Anfragen\">Kommerzielle Anfragen<\/option><option value=\"Kostenlose Beratung\">Kostenlose Beratung<\/option><option value=\"Unterst\u00fctzung f\u00fcr Online-Shops\">Unterst\u00fctzung f\u00fcr Online-Shops<\/option><option value=\"Technische Unterst\u00fctzung\">Technische Unterst\u00fctzung<\/option><option value=\"Test-Schriften\">Test-Schriften<\/option><option value=\"Benutzerdefinierte Schriftarten\">Benutzerdefinierte Schriftarten<\/option><option value=\"Lizenzierung\">Lizenzierung<\/option><option value=\"Zusammenarbeit &amp; PR\">Zusammenarbeit &amp; PR<\/option><\/select><\/span>\n<\/div>\n<div class=\"form-row\">\n<div class=\"form-group\">\n   <label>\n      <span class=\"input-title\">Name*<\/span>\n      <span class=\"wpcf7-form-control-wrap\" data-name=\"username\"><input size=\"40\" maxlength=\"400\" class=\"wpcf7-form-control wpcf7-text wpcf7-validates-as-required bordered\" aria-required=\"true\" aria-invalid=\"false\" value=\"\" type=\"text\" name=\"username\" \/><\/span>\n   <\/label>\n<\/div>\n<div class=\"form-group\">\n   <label>\n      <span class=\"input-title\">E-Mail*<\/span>\n      <span class=\"wpcf7-form-control-wrap\" data-name=\"email\"><input size=\"40\" maxlength=\"400\" class=\"wpcf7-form-control wpcf7-email wpcf7-validates-as-required wpcf7-text wpcf7-validates-as-email bordered\" aria-required=\"true\" aria-invalid=\"false\" value=\"\" type=\"email\" name=\"email\" \/><\/span>\n   <\/label>\n<\/div>\n<\/div>\n<div class=\"form-row\">\n<div class=\"form-group\">\n   <label>\n      <span class=\"input-title\">Dein Unternehmen<\/span>\n      <span class=\"wpcf7-form-control-wrap\" data-name=\"company\"><input size=\"40\" maxlength=\"400\" class=\"wpcf7-form-control wpcf7-text bordered\" aria-invalid=\"false\" value=\"\" type=\"text\" name=\"company\" \/><\/span>\n   <\/label>\n<\/div>\n<div class=\"form-group\">\n   <label>\n      <span class=\"input-title\">Telefonnummer<\/span>\n      <span class=\"wpcf7-form-control-wrap\" data-name=\"phone\"><input size=\"40\" maxlength=\"400\" class=\"wpcf7-form-control wpcf7-text country-phone\" aria-invalid=\"false\" value=\"\" type=\"text\" name=\"phone\" \/><\/span>\n   <\/label>\n<\/div>\n<\/div>\n   <div class=\"form-group\">\n      <label>\n          <span class=\"input-title\">Nachricht*<\/span>\n          <span class=\"wpcf7-form-control-wrap\" data-name=\"message\"><textarea cols=\"40\" rows=\"2\" maxlength=\"4000\" class=\"wpcf7-form-control wpcf7-textarea wpcf7-validates-as-required\" aria-required=\"true\" aria-invalid=\"false\" name=\"message\"><\/textarea><\/span>\n      <\/label>\n   <\/div>\n   <span class=\"custom-checkbox_squad accept\">\n   <span class=\"wpcf7-form-control-wrap\" data-name=\"accept\"><span class=\"wpcf7-form-control wpcf7-acceptance\"><span class=\"wpcf7-list-item\"><label><input type=\"checkbox\" name=\"accept\" value=\"1\" aria-invalid=\"false\" \/><span class=\"wpcf7-list-item-label\"><span class=\"accept-text\">\n         <span class=\"text_grey-air\">Ich akzeptiere <\/span> \n         <a href=\"\/de\/agreement\/\" target=\"_blank\">die Benutzervereinbarung<\/a>\n         <span class=\"text_grey-air\"> und <\/span>\n         <a href=\"\/de\/agreement\/privacy-policy\/\" target=\"_blank\">die Datenschutzrichtlinie<\/a>\n      <\/span><\/span><\/label><\/span><\/span><\/span>   \n   <\/span>\n   <div class=\"btn-group\">\n         <input class=\"wpcf7-form-control wpcf7-submit has-spinner btn\" type=\"submit\" value=\"Absenden\" \/>\n   <\/div><div class=\"wpcf7-response-output\" aria-hidden=\"true\"><\/div>\n<\/form>\n<\/div>\n                                <\/div>\n                            <\/div>\n                        <\/div>\n                    <\/div>\n                <\/div>\n            <\/div>\n        <\/div>\n    <\/div> \n<\/section>\n\n\n<div class=\"container\">\n    <article class=\"socials row\">\n        <div class=\"socials-item\">\n            <h2 class=\"socials-item__title text-with-img__title text_grey-air\">Soziale Netzwerke<\/h2>\n        <\/div>\n                                                                                    <div class=\"socials-item\">\n                                            <a href=\"https:\/\/twitter.com\/_TYPETYPE_\" target=\"_blank\" class=\"socials-item__title\" onclick=\"ym(66985327,'reachGoal', 'Twitter'); return true;\">Twitter<\/a>\n                                        <p>Die offizielle TypeType-Seite auf X. Folgen Sie uns, um als Erster \u00fcber Rabatte, Updates und neue Cases mit unseren Schriften informiert zu werden.<\/p>\n                <\/div>\n                                            <div class=\"socials-item\">\n                                            <a href=\"https:\/\/www.linkedin.com\/company\/typetype-foundry\/\" target=\"_blank\" class=\"socials-item__title\" onclick=\"ym(66985327,'reachGoal', 'linkedin'); return true;\">LinkedIn<\/a>\n                                        <p>Hier erhalten Sie Einblicke in unsere Projekte, das Schriftdesign und bemerkenswerte F\u00e4lle, in denen unsere Schriften zum Einsatz kommen.<\/p>\n                <\/div>\n                                            <div class=\"socials-item\">\n                                            <a href=\"https:\/\/www.behance.net\/typetype\" target=\"_blank\" class=\"socials-item__title\" onclick=\"ym(66985327,'reachGoal', 'Behance'); return true;\">Behance<\/a>\n                                        <p>Verbesserte und qualitativ hochwertige visuelle Pr\u00e4sentationen unserer Schriften finden Sie auf unserer Seite bei Behance.<\/p>\n                <\/div>\n                                            <div class=\"socials-item\">\n                                            <a href=\"https:\/\/typetype.medium.com\/\" target=\"_blank\" class=\"socials-item__title\" onclick=\"ym(66985327,'reachGoal', 'Medium'); return true;\">Medium<\/a>\n                                        <p>Die Artikelsammlung des TypeType-Blogs. Entdecken Sie unsere Schriftentwurfsmaterialien und n\u00fctzliche Artikel \u00fcber Schriften.<\/p>\n                <\/div>\n                                            <div class=\"socials-item\">\n                                            <a href=\"https:\/\/www.youtube.com\/channel\/UCBz4L7CIbkrW72G4q8aFPBQ\" target=\"_blank\" class=\"socials-item__title\" onclick=\"ym(66985327,'reachGoal', 'YouTube'); return true;\">YouTube<\/a>\n                                        <p>Hier finden Sie die Aufzeichnungen unserer Vortr\u00e4ge und Webinare. Vortr\u00e4ge von TypeType-Designern, -Gr\u00fcndern und -Spezialisten, Online-Konferenzen, Filme \u00fcber die Schriftgestaltung und mehr.<\/p>\n                <\/div>\n                                            <div class=\"socials-item\">\n                                            <a href=\"https:\/\/www.pinterest.com\/typetypefonts\/\" target=\"_blank\" class=\"socials-item__title\" onclick=\"ym(66985327,'reachGoal', 'Pinterest'); return true;\">Pinterest<\/a>\n                                        <p>Schrift\u00e4sthetik in verschiedenen Formen: Schriften in Design, Pr\u00e4sentationen und weitere grafische Materialien.<\/p>\n                <\/div>\n                        <\/article>  \n<\/div>\n\n<a href=\"https:\/\/typetype.org\/de\/about\/\" class=\" linked-block row\">     <span class=\"linked-block__title\">\u00dcber uns<\/span>\n    <span class=\"linked-block__text\">Lesen Sie mehr \u00fcber TypeType foundry<\/span> <\/a> ","protected":false},"excerpt":{"rendered":"<p>Wir haben immer ein offenes Ohr f\u00fcr Sie und beantworten gerne alle Ihre Fragen und Anregungen. Um Ihnen die Arbeit zu erleichtern, haben wir verschiedene E-Mail-Adressen f\u00fcr unterschiedliche Arten von Anfragen eingerichtet.<\/p>\n","protected":false},"author":1,"featured_media":100000158,"parent":0,"menu_order":0,"comment_status":"closed","ping_status":"closed","template":"","meta":{"_acf_changed":false,"footnotes":""},"class_list":["post-93","page","type-page","status-publish","has-post-thumbnail","hentry"],"acf":[],"_links":{"self":[{"href":"https:\/\/typetype.org\/de\/wp-json\/wp\/v2\/pages\/93","targetHints":{"allow":["GET"]}}],"collection":[{"href":"https:\/\/typetype.org\/de\/wp-json\/wp\/v2\/pages"}],"about":[{"href":"https:\/\/typetype.org\/de\/wp-json\/wp\/v2\/types\/page"}],"author":[{"embeddable":true,"href":"https:\/\/typetype.org\/de\/wp-json\/wp\/v2\/users\/1"}],"replies":[{"embeddable":true,"href":"https:\/\/typetype.org\/de\/wp-json\/wp\/v2\/comments?post=93"}],"version-history":[{"count":5,"href":"https:\/\/typetype.org\/de\/wp-json\/wp\/v2\/pages\/93\/revisions"}],"predecessor-version":[{"id":46986,"href":"https:\/\/typetype.org\/de\/wp-json\/wp\/v2\/pages\/93\/revisions\/46986"}],"wp:featuredmedia":[{"embeddable":true,"href":"https:\/\/typetype.org\/de\/wp-json\/wp\/v2\/media\/100000158"}],"wp:attachment":[{"href":"https:\/\/typetype.org\/de\/wp-json\/wp\/v2\/media?parent=93"}],"curies":[{"name":"wp","href":"https:\/\/api.w.org\/{rel}","templated":true}]}}