{"id":3697,"date":"2021-05-03T17:27:59","date_gmt":"2021-05-03T14:27:59","guid":{"rendered":"https:\/\/typetype.org\/de\/?page_id=3697"},"modified":"2026-03-24T12:25:57","modified_gmt":"2026-03-24T09:25:57","slug":"hinting-2","status":"publish","type":"page","link":"https:\/\/typetype.org\/de\/hinting\/","title":{"rendered":"Hinting"},"content":{"rendered":"<div class=\"custom-screen \" style=\"max-width:100%\">\n            <div class=\"custom-screen__row\">\n            <h1 class=\"custom-screen__title\">Font Hinting und Optimierung<\/h1>\n        <\/div>\n                <div class=\"custom-screen__row\">\n            <div class=\"custom-screen__subtitle\">Ihre Schrift wird auf allen Ger&auml;ten und Anwendungen mit au&szlig;ergew&ouml;hnlicher Genauigkeit wiedergegeben, selbst bei niedrigen Bildschirmaufl&ouml;sungen und kleinen Punktgr&ouml;&szlig;en.<\/div>\n                    <\/div>\n                <div class=\"custom-screen__row row-btns\">\n        <div class=\"row-btns__one\">\n                                                <button data-url=\"#hinting_form\" data-position=\"under title\" data-text=\"Anfrage abschicken\" class=\"btn--large btn\">Anfrage abschicken<\/button>\n                                    <\/div>\n        <div class=\"row-btns__two\">\n                                                <\/div>\n    <\/div>\n    <\/div>\n\n\n\n<section  class=\" text-with-img row     \">\n\n            <div class=\"text-with-img__text\">\n                            <h2 class=\"text-with-img__title title-mf\">Schriftart hinting<\/h2>\n                        <p>Hinting verbessert das Aussehen und die Lesbarkeit des Textes bei niedriger Bildschirmaufl\u00f6sung und kleiner Schriftgr\u00f6\u00dfe.<\/p>\n<p>TrueType Hinting (oder Instruktion) bedeutet Hinweise, die mit Hilfe einer speziellen Software in\u00a0die Schriftdatei eingebettet werden. Man k\u00f6nnte sagen, dass es\u00a0sich dabei um\u00a0Beschr\u00e4nkungen handelt, die den Schriftzeichen w\u00e4hrend der Skalierung auferlegt werden und die die vom Designer urspr\u00fcnglich programmierten Formen in\u00a0jeder K\u00f6rpergr\u00f6\u00dfe, auf jedem Ger\u00e4t, jeder Aufl\u00f6sung und jeder Software am\u00a0besten wiedergeben.<\/p>\n<p>Wir f\u00fchren das TrueType-Hinting sowohl f\u00fcr einzelne statische Schriften als auch f\u00fcr variable Schriften durch und verwenden Visual TrueType und mehrere propriet\u00e4re technische Unterprogramme, um\u00a0die Hinting-Arbeit zu\u00a0optimieren.<\/p>\n            <\/div>\n                        <img decoding=\"async\" width=\"1350\" height=\"400\" src=\"https:\/\/typetype.org\/de\/wp-content\/uploads\/sites\/5\/hinting-1-1.gif\" class=\"img-after\" alt=\"Schriftart hinting\" \/>            <\/section>\n\n\n\n<section  class=\" text-with-img row row-reverse    about-type__justify\">\n\n                            <img decoding=\"async\" width=\"1\" height=\"1\" src=\"https:\/\/typetype.org\/de\/wp-content\/uploads\/sites\/5\/hinting.svg\" class=\"attachment-1536x1536 size-1536x1536\" alt=\"Vier wichtige Aufgaben, die durch Hinting gel\u00f6st werden\" \/>                <div class=\"text-with-img__text\">\n                            <h2 class=\"text-with-img__title title-mf\">Vier wichtige Aufgaben, die durch Hinting gel\u00f6st werden<\/h2>\n                        <ol>\n<li>Aufrechterhaltung des Kontrasts\u00a0\u2014 die Andeutung erm\u00f6glicht es, den vom Designer beabsichtigten Kontrast in\u00a0die Schrift zur\u00fcckzubringen.<\/li>\n<li>Verbesserung der Lesbarkeit\u00a0\u2014 in\u00a0kleinen Textgr\u00f6\u00dfen ist Hinting f\u00fcr die Lesbarkeit der Zeichen verantwortlich.<\/li>\n<li>Schaffung von Abst\u00e4nden\u00a0\u2014 Hinting l\u00e4sst die Buchstaben nicht ineinander \u00fcbergehen und kontrolliert die Buchstabenabst\u00e4nde, wie sie vom Autor vorgesehen waren.<\/li>\n<li>Beh\u00e4lt eine klare Textzeile bei\u00a0\u2014 Hinting sorgt daf\u00fcr, dass die Buchstaben in\u00a0allen Textgr\u00f6\u00dfen innerhalb der Zeile bleiben und nicht aus ihr herausspringen.<\/li>\n<\/ol>\n            <\/div>\n    <\/section>\n\n\n\n<section  class=\" text-with-img row     \">\n\n            <div class=\"text-with-img__text\">\n                            <h2 class=\"text-with-img__title title-mf\">Hinting<\/h2>\n                        <p>Das Hinting unterliegt je\u00a0nach Betriebssystem oder Browser, in\u00a0dem die Schrift angezeigt wird, einer Reihe von Eigenheiten. Wir aktualisieren st\u00e4ndig unsere Skripte\/Programme, die unser Hinting verbessern und optimieren. F\u00fcr unsere Kunden arbeiten wir auf Wunsch an\u00a0einem detaillierten Hinting, damit die Schriften so\u00a0pr\u00e4zise wie m\u00f6glich angezeigt werden. Dar\u00fcber hinaus f\u00fchren wir auch Font Audits durch und geben entsprechende Empfehlungen.<\/p>\n            <\/div>\n                        <img decoding=\"async\" width=\"1536\" height=\"914\" src=\"https:\/\/typetype.org\/de\/wp-content\/uploads\/sites\/5\/hint_text-1-1536x914.jpg\" class=\"img-after\" alt=\"Hinting\" srcset=\"https:\/\/typetype.org\/de\/wp-content\/uploads\/sites\/5\/hint_text-1-1536x914.jpg 1536w, https:\/\/typetype.org\/de\/wp-content\/uploads\/sites\/5\/hint_text-1-795x473.jpg 795w, https:\/\/typetype.org\/de\/wp-content\/uploads\/sites\/5\/hint_text-1-1200x714.jpg 1200w, https:\/\/typetype.org\/de\/wp-content\/uploads\/sites\/5\/hint_text-1-768x457.jpg 768w, https:\/\/typetype.org\/de\/wp-content\/uploads\/sites\/5\/hint_text-1-80x48.jpg 80w, https:\/\/typetype.org\/de\/wp-content\/uploads\/sites\/5\/hint_text-1-600x357.jpg 600w, https:\/\/typetype.org\/de\/wp-content\/uploads\/sites\/5\/hint_text-1-300x179.jpg 300w, https:\/\/typetype.org\/de\/wp-content\/uploads\/sites\/5\/hint_text-1-1024x610.jpg 1024w, https:\/\/typetype.org\/de\/wp-content\/uploads\/sites\/5\/hint_text-1.jpg 1680w\" sizes=\"(max-width: 1536px) 100vw, 1536px\" \/>            <\/section>\n\n<section class=\"row form-blocks\">\n    <div class=\"main-trial-font__form  main-trial-font__form_feedback webforms_feedback\">\n        <div class=\"profile\">\n            <div class=\"container\">\n                <div class=\"profile__list row\">\n                    <div class=\"profile__item\">\n                        \n<div class=\"wpcf7 no-js\" id=\"wpcf7-f4785-o1\" lang=\"de-DE\" dir=\"ltr\" data-wpcf7-id=\"4785\">\n<div class=\"screen-reader-response\"><p role=\"status\" aria-live=\"polite\" aria-atomic=\"true\"><\/p> <ul><\/ul><\/div>\n<form action=\"\/de\/wp-json\/wp\/v2\/pages\/3697#wpcf7-f4785-o1\" method=\"post\" class=\"wpcf7-form init new-form wpcf7-acceptance-as-validation\" id=\"hinting_form\" aria-label=\"Kontaktformular\" novalidate=\"novalidate\" data-status=\"init\">\n<fieldset class=\"hidden-fields-container\"><input type=\"hidden\" name=\"_wpcf7\" value=\"4785\" \/><input type=\"hidden\" name=\"_wpcf7_version\" value=\"6.1\" \/><input type=\"hidden\" name=\"_wpcf7_locale\" value=\"de_DE\" \/><input type=\"hidden\" name=\"_wpcf7_unit_tag\" value=\"wpcf7-f4785-o1\" \/><input type=\"hidden\" name=\"_wpcf7_container_post\" value=\"0\" \/><input type=\"hidden\" name=\"_wpcf7_posted_data_hash\" value=\"\" \/>\n<\/fieldset>\n<input class=\"wpcf7-form-control wpcf7-hidden\" value=\"Hinting form DE\" type=\"hidden\" name=\"subject\" \/>\n<input class=\"wpcf7-form-control wpcf7-hidden\" value=\"\" type=\"hidden\" name=\"guid\" \/>\n<input class=\"wpcf7-form-control wpcf7-hidden\" value=\"\" type=\"hidden\" name=\"utm_source\" \/>\n<input class=\"wpcf7-form-control wpcf7-hidden\" value=\"\" type=\"hidden\" name=\"utm_medium\" \/>\n<input class=\"wpcf7-form-control wpcf7-hidden\" value=\"\" type=\"hidden\" name=\"utm_campaign\" \/>\n<input class=\"wpcf7-form-control wpcf7-hidden\" value=\"\" type=\"hidden\" name=\"utm_term\" \/>\n<input class=\"wpcf7-form-control wpcf7-hidden\" value=\"\" type=\"hidden\" name=\"utm_content\" \/>\n<input class=\"wpcf7-form-control wpcf7-hidden\" value=\"\" type=\"hidden\" name=\"ym_uid\" \/>\n<input class=\"wpcf7-form-control wpcf7-hidden\" value=\"\" type=\"hidden\" name=\"ga\" \/>\n<input class=\"wpcf7-form-control wpcf7-hidden\" value=\"\" type=\"hidden\" name=\"gclid\" \/>\n<input class=\"wpcf7-form-control wpcf7-hidden\" value=\"\" type=\"hidden\" name=\"cl_conversion_event\" \/>\n<input class=\"wpcf7-form-control wpcf7-hidden\" value=\"Hinting\" type=\"hidden\" name=\"lead_type\" \/>\n<input class=\"wpcf7-form-control wpcf7-hidden\" value=\"\" type=\"hidden\" name=\"is_login\" \/>\n   <div class=\"form-group\">\n      <h2 class=\"title\">Wie kann ich einen Hinweis bestellen?<\/h2>\n      <p>Wenn Sie daran interessiert sind, Hilfe bei der Beschriftung von Schriften zu erhalten, f\u00fcllen Sie bitte das nachstehende Formular aus. Wir werden uns so bald wie m\u00f6glich mit Ihnen in Verbindung setzen.<\/p>\n   <\/div>\n   <div class=\"form-group\">\n      <label>\n          <span class=\"input-title\">Name*<\/span>\n          <span class=\"wpcf7-form-control-wrap\" data-name=\"username\"><input size=\"40\" maxlength=\"400\" class=\"wpcf7-form-control wpcf7-text wpcf7-validates-as-required bordered\" aria-required=\"true\" aria-invalid=\"false\" value=\"\" type=\"text\" name=\"username\" \/><\/span>\n      <\/label>\n   <\/div>\n   <div class=\"form-group\">\n      <label>\n          <span class=\"input-title\">E-Mail*<\/span>\n          <span class=\"wpcf7-form-control-wrap\" data-name=\"email\"><input size=\"40\" maxlength=\"400\" class=\"wpcf7-form-control wpcf7-email wpcf7-validates-as-required wpcf7-text wpcf7-validates-as-email bordered\" aria-required=\"true\" aria-invalid=\"false\" value=\"\" type=\"email\" name=\"email\" \/><\/span>\n      <\/label>\n   <\/div>\n   <div class=\"form-group\">\n      <label>\n          <span class=\"input-title\">Nachricht*<\/span>\n          <span class=\"wpcf7-form-control-wrap\" data-name=\"message\"><textarea cols=\"40\" rows=\"2\" maxlength=\"2000\" class=\"wpcf7-form-control wpcf7-textarea wpcf7-validates-as-required\" aria-required=\"true\" aria-invalid=\"false\" name=\"message\"><\/textarea><\/span>\n      <\/label>\n   <\/div>\n   <span class=\"custom-checkbox_squad accept\">\n   <span class=\"wpcf7-form-control-wrap\" data-name=\"accept\"><span class=\"wpcf7-form-control wpcf7-acceptance\"><span class=\"wpcf7-list-item\"><label><input type=\"checkbox\" name=\"accept\" value=\"1\" aria-invalid=\"false\" \/><span class=\"wpcf7-list-item-label\"><span class=\"accept-text\">\n         <span class=\"text_grey-air\">Ich akzeptiere <\/span> \n         <a href=\"\/de\/agreement\/\" target=\"_blank\">die Benutzervereinbarung<\/a>\n         <span class=\"text_grey-air\"> und <\/span>\n         <a href=\"\/de\/agreement\/privacy-policy\/\" target=\"_blank\">die Datenschutzrichtlinie<\/a>\n      <\/span><\/span><\/label><\/span><\/span><\/span>\n   <\/span>\n   <div class=\"btn-group\">\n         <input class=\"wpcf7-form-control wpcf7-submit has-spinner btn\" type=\"submit\" value=\"Absenden\" \/>\n   <\/div><div class=\"wpcf7-response-output\" aria-hidden=\"true\"><\/div>\n<\/form>\n<\/div>\n                    <\/div>\n                <\/div>\n            <\/div>\n        <\/div>\n    <\/div>\n<\/section>\n\n    <section class=\" section-services section-relinking\">\n        <div class=\"text-with-img__title\">\n            <h2 class=\"title\">Das k\u00f6nnte Sie interessieren<\/h2>\n        <\/div>\n        <div class=\"blog container\">\n            <div class=\"blog__list\" data-is-last-page=\"N\">\n                            <div class=\"blog__item\">\n                                        <a class=\"blog__item__img\" href=\"\/de\/custom-fonts\/\" title=\"Personalisierung\">\n                                                   <img decoding=\"async\" width=\"760\" height=\"570\" src=\"https:\/\/typetype.org\/de\/wp-content\/uploads\/Kastomizatsiya-380x285-1.png\" class=\"attachment-medium_large size-medium_large\" alt=\"Personalisierung\" \/>                                            <\/a>\n                    <div class=\"blog__item__title\">\n                        <a href=\"\/de\/custom-fonts\/\" title=\"Personalisierung\">Personalisierung<\/a>\n                    <\/div>\n                    <p>Bei TypeType haben wir viel Erfahrung in\u00a0der Erstellung von vollst\u00e4ndig benutzerdefinierten Schriften und modifizierten kommerziellen Schriften aus unserer Sammlung.<br \/>\nVielleicht finden Sie einige Nuancen bereits vorhandener Schriften ungeeignet f\u00fcr Ihre Zwecke, oder Sie ben\u00f6tigen eine v\u00f6llig neue Schriftart, um\u00a0eine einzigartige Corporate Identity zu\u00a0schaffen.<\/p>\n  \n                    <a href=\"\/de\/custom-fonts\/\" class=\"read-more btn--medium-grey\" aria-label=\"Mehr erfahren: Personalisierung\">Mehr erfahren<\/a>\n                <\/div>\n                            <div class=\"blog__item\">\n                                        <a class=\"blog__item__img\" href=\"\/de\/cyrillization\/\" title=\"Kyrillisierung\">\n                                                   <img decoding=\"async\" width=\"760\" height=\"570\" src=\"https:\/\/typetype.org\/de\/wp-content\/uploads\/Kirillizatsiya-380x285-1.png\" class=\"attachment-medium_large size-medium_large\" alt=\"Kyrillisierung\" \/>                                            <\/a>\n                    <div class=\"blog__item__title\">\n                        <a href=\"\/de\/cyrillization\/\" title=\"Kyrillisierung\">Kyrillisierung<\/a>\n                    <\/div>\n                    <p>Es\u00a0kann eine Reihe von Situationen geben, in\u00a0denen Sie Hilfe bei der Implementierung kyrillischer Zeichen in\u00a0eine Schriftart ben\u00f6tigen. Sie entwerfen beispielsweise eine Schriftart und m\u00f6chten kyrillische Zeichen hinzuf\u00fcgen, sprechen aber keine Sprachen, die kyrillische Zeichen verwenden. Oder vielleicht erschlie\u00dfen Sie neue M\u00e4rkte und m\u00fcssen kyrillische Zeichen in\u00a0eine bestehende Unternehmensschrift einf\u00fcgen?<\/p>\n  \n                    <a href=\"\/de\/cyrillization\/\" class=\"read-more btn--medium-grey\" aria-label=\"Mehr erfahren: Kyrillisierung\">Mehr erfahren<\/a>\n                <\/div>\n                            <div class=\"blog__item\">\n                                        <a class=\"blog__item__img\" href=\"https:\/\/typetype.org\/de\/mastering\/\" title=\"Mastering\">\n                                                   <img decoding=\"async\" width=\"760\" height=\"570\" src=\"https:\/\/typetype.org\/de\/wp-content\/uploads\/Mastering-380x285-1.png\" class=\"attachment-medium_large size-medium_large\" alt=\"Mastering\" \/>                                            <\/a>\n                    <div class=\"blog__item__title\">\n                        <a href=\"https:\/\/typetype.org\/de\/mastering\/\" title=\"Mastering\">Mastering<\/a>\n                    <\/div>\n                    <p class=\"p1\">Dabei handelt es\u00a0sich um\u00a0einen Service, bei dem wir Ihre Entw\u00fcrfe, Schriftz\u00fcge, Vektorbuchstaben oder auch Skizzen aus einem beliebigen Font-Editor in\u00a0eine voll funktionsf\u00e4hige Schrift verwandeln k\u00f6nnen. Wir sind bereit, Ihnen sowohl beim komplexen Mastering als auch bei der L\u00f6sung einzelner visueller oder technischer Probleme zu\u00a0helfen. TypeType Mastering l\u00e4sst sich in\u00a0mehrere Hauptbl\u00f6cke unterteilen: visuelles Mastering, technisches Mastering, Kerning und Font Hinting.<\/p>\n  \n                    <a href=\"https:\/\/typetype.org\/de\/mastering\/\" class=\"read-more btn--medium-grey\" aria-label=\"Mehr erfahren: Mastering\">Mehr erfahren<\/a>\n                <\/div>\n                        <\/div>\n        <\/div>\n    <\/section>\n","protected":false},"excerpt":{"rendered":"<p>Hinting ist ein wesentlicher Bestandteil der Herstellung einer Qualit\u00e4tsschrift. Mit diesem Verfahren lassen sich Schriftarten so anpassen, dass sie auf Computermonitoren optimal lesbar sind. Es ist unverzichtbar f\u00fcr jede Schriftart, die in kleinen Gr\u00f6\u00dfen auf Ausgabeger\u00e4ten mit niedriger Aufl\u00f6sung lesbar sein soll.<\/p>\n","protected":false},"author":1,"featured_media":10000021963,"parent":0,"menu_order":0,"comment_status":"closed","ping_status":"closed","template":"","meta":{"_acf_changed":false,"footnotes":""},"class_list":["post-3697","page","type-page","status-publish","has-post-thumbnail","hentry"],"acf":[],"_links":{"self":[{"href":"https:\/\/typetype.org\/de\/wp-json\/wp\/v2\/pages\/3697","targetHints":{"allow":["GET"]}}],"collection":[{"href":"https:\/\/typetype.org\/de\/wp-json\/wp\/v2\/pages"}],"about":[{"href":"https:\/\/typetype.org\/de\/wp-json\/wp\/v2\/types\/page"}],"author":[{"embeddable":true,"href":"https:\/\/typetype.org\/de\/wp-json\/wp\/v2\/users\/1"}],"replies":[{"embeddable":true,"href":"https:\/\/typetype.org\/de\/wp-json\/wp\/v2\/comments?post=3697"}],"version-history":[{"count":5,"href":"https:\/\/typetype.org\/de\/wp-json\/wp\/v2\/pages\/3697\/revisions"}],"predecessor-version":[{"id":47382,"href":"https:\/\/typetype.org\/de\/wp-json\/wp\/v2\/pages\/3697\/revisions\/47382"}],"wp:featuredmedia":[{"embeddable":true,"href":"https:\/\/typetype.org\/de\/wp-json\/wp\/v2\/media\/10000021963"}],"wp:attachment":[{"href":"https:\/\/typetype.org\/de\/wp-json\/wp\/v2\/media?parent=3697"}],"curies":[{"name":"wp","href":"https:\/\/api.w.org\/{rel}","templated":true}]}}