{"id":3687,"date":"2021-05-03T17:25:58","date_gmt":"2021-05-03T14:25:58","guid":{"rendered":"https:\/\/typetype.org\/de\/?page_id=3687"},"modified":"2026-03-24T12:26:27","modified_gmt":"2026-03-24T09:26:27","slug":"cyrillization-2","status":"publish","type":"page","link":"https:\/\/typetype.org\/de\/cyrillization\/","title":{"rendered":"Kyrillisierung"},"content":{"rendered":"<div class=\"custom-screen \" style=\"max-width:100%\">\n            <div class=\"custom-screen__row\">\n            <h1 class=\"custom-screen__title\">Kyrillische Schriftunterst\u00fctzung durch Muttersprachler<\/h1>\n        <\/div>\n                <div class=\"custom-screen__row\">\n            <div class=\"custom-screen__subtitle\">Wir integrieren kyrillische Zeichen professionell in&nbsp;Ihr Schriftbild: Unser Team besteht aus Muttersprachlern kyrillischer Sprachen.<\/div>\n                    <\/div>\n                <div class=\"custom-screen__row row-btns\">\n        <div class=\"row-btns__one\">\n                                                <button data-url=\"#cirillization_form\" data-position=\"under title\" data-text=\"Anfrage abschicken\" class=\"btn--large btn click_cyrillization\">Anfrage abschicken<\/button>\n                                    <\/div>\n        <div class=\"row-btns__two\">\n                                                <\/div>\n    <\/div>\n    <\/div>\n\n\n\n<section  class=\" text-with-img row     \">\n\n            <div class=\"text-with-img__text\">\n                            <h2 class=\"text-with-img__title title-mf\">Kyrillisierung<\/h2>\n                        <p>Es\u00a0kann eine Reihe von Situationen geben, in\u00a0denen Sie Hilfe bei der Implementierung kyrillischer Zeichen in\u00a0eine Schriftart ben\u00f6tigen. Sie entwerfen beispielsweise eine Schriftart und m\u00f6chten kyrillische Zeichen hinzuf\u00fcgen, sprechen aber keine Sprachen, die kyrillische Zeichen verwenden. Oder vielleicht erschlie\u00dfen Sie neue M\u00e4rkte und m\u00fcssen einer bestehenden Schriftart kyrillische Zeichen hinzuf\u00fcgen?<\/p>\n<p>Wir sind der Meinung, dass die Kyrillisierung nur von Muttersprachlern in\u00a0Auftrag gegeben werden sollte, die nachweislich \u00fcber umfassende Erfahrung im\u00a0Schriftdesign verf\u00fcgen. Wir sind der Meinung, dass TypeType company die folgenden Kriterien erf\u00fcllt:<\/p>\n<p>1. Wir sch\u00e4tzen und respektieren das kyrillische Alphabet. Bei uns arbeiten Muttersprachler der russischen, ukrainischen und wei\u00dfrussischen Sprache.<\/p>\n<p>2. Alle kommerziellen und kostenlosen Schriftarten, die unter der Marke TypeType ver\u00f6ffentlicht werden, unterst\u00fctzen standardm\u00e4\u00dfig kyrillische Zeichen.<\/p>\n<p>3. Wir haben bereits mehrere Kyrillisierungsprojekte in\u00a0Auftrag gegeben. Bitte mailen Sie uns, wenn Sie Fragen haben.<\/p>\n            <\/div>\n                        <img decoding=\"async\" width=\"1536\" height=\"599\" src=\"https:\/\/typetype.org\/de\/wp-content\/uploads\/sites\/5\/cyrillization-1536x599.png\" class=\"img-after\" alt=\"Kyrillisierung\" srcset=\"https:\/\/typetype.org\/de\/wp-content\/uploads\/sites\/5\/cyrillization-1536x599.png 1536w, https:\/\/typetype.org\/de\/wp-content\/uploads\/sites\/5\/cyrillization-944x368.png 944w, https:\/\/typetype.org\/de\/wp-content\/uploads\/sites\/5\/cyrillization-1200x468.png 1200w, https:\/\/typetype.org\/de\/wp-content\/uploads\/sites\/5\/cyrillization-768x299.png 768w, https:\/\/typetype.org\/de\/wp-content\/uploads\/sites\/5\/cyrillization-2048x798.png 2048w, https:\/\/typetype.org\/de\/wp-content\/uploads\/sites\/5\/cyrillization-80x31.png 80w, https:\/\/typetype.org\/de\/wp-content\/uploads\/sites\/5\/cyrillization-600x234.png 600w, https:\/\/typetype.org\/de\/wp-content\/uploads\/sites\/5\/cyrillization-300x117.png 300w, https:\/\/typetype.org\/de\/wp-content\/uploads\/sites\/5\/cyrillization-1024x399.png 1024w\" sizes=\"(max-width: 1536px) 100vw, 1536px\" \/>            <\/section>\n\n<section class=\"row form-blocks\">\n    <div class=\"main-trial-font__form  main-trial-font__form_feedback webforms_feedback\">\n        <div class=\"profile\">\n            <div class=\"container\">\n                <div class=\"profile__list row\">\n                    <div class=\"profile__item\">\n                        \n<div class=\"wpcf7 no-js\" id=\"wpcf7-f4872-o1\" lang=\"de-DE\" dir=\"ltr\" data-wpcf7-id=\"4872\">\n<div class=\"screen-reader-response\"><p role=\"status\" aria-live=\"polite\" aria-atomic=\"true\"><\/p> <ul><\/ul><\/div>\n<form action=\"\/de\/wp-json\/wp\/v2\/pages\/3687#wpcf7-f4872-o1\" method=\"post\" class=\"wpcf7-form init new-form wpcf7-acceptance-as-validation\" id=\"cirillization_form\" aria-label=\"Kontaktformular\" novalidate=\"novalidate\" data-status=\"init\">\n<fieldset class=\"hidden-fields-container\"><input type=\"hidden\" name=\"_wpcf7\" value=\"4872\" \/><input type=\"hidden\" name=\"_wpcf7_version\" value=\"6.1\" \/><input type=\"hidden\" name=\"_wpcf7_locale\" value=\"de_DE\" \/><input type=\"hidden\" name=\"_wpcf7_unit_tag\" value=\"wpcf7-f4872-o1\" \/><input type=\"hidden\" name=\"_wpcf7_container_post\" value=\"0\" \/><input type=\"hidden\" name=\"_wpcf7_posted_data_hash\" value=\"\" \/>\n<\/fieldset>\n<input class=\"wpcf7-form-control wpcf7-hidden\" value=\"Cirillization form DE\" type=\"hidden\" name=\"subject\" \/>\n<input class=\"wpcf7-form-control wpcf7-hidden\" value=\"\" type=\"hidden\" name=\"guid\" \/>\n<input class=\"wpcf7-form-control wpcf7-hidden\" value=\"\" type=\"hidden\" name=\"utm_source\" \/>\n<input class=\"wpcf7-form-control wpcf7-hidden\" value=\"\" type=\"hidden\" name=\"utm_medium\" \/>\n<input class=\"wpcf7-form-control wpcf7-hidden\" value=\"\" type=\"hidden\" name=\"utm_campaign\" \/>\n<input class=\"wpcf7-form-control wpcf7-hidden\" value=\"\" type=\"hidden\" name=\"utm_term\" \/>\n<input class=\"wpcf7-form-control wpcf7-hidden\" value=\"\" type=\"hidden\" name=\"utm_content\" \/>\n<input class=\"wpcf7-form-control wpcf7-hidden\" value=\"\" type=\"hidden\" name=\"ym_uid\" \/>\n<input class=\"wpcf7-form-control wpcf7-hidden\" value=\"\" type=\"hidden\" name=\"ga\" \/>\n<input class=\"wpcf7-form-control wpcf7-hidden\" value=\"\" type=\"hidden\" name=\"gclid\" \/>\n<input class=\"wpcf7-form-control wpcf7-hidden\" value=\"\" type=\"hidden\" name=\"cl_conversion_event\" \/>\n<input class=\"wpcf7-form-control wpcf7-hidden\" value=\"Cyrillization\" type=\"hidden\" name=\"lead_type\" \/>\n<input class=\"wpcf7-form-control wpcf7-hidden\" value=\"\" type=\"hidden\" name=\"is_login\" \/>\n   <div class=\"form-group\">\n      <h2 class=\"title\">Wie bestelle ich cyrillization?<\/h2>\n      <p>Wenn Sie an der Kyrillisierung einer Schriftart interessiert sind, f\u00fcllen Sie bitte das folgende Formular aus. Wir werden uns so schnell wie m\u00f6glich bei Ihnen melden.<\/p>\n   <\/div>\n   <div class=\"form-group\">\n      <label>\n          <span class=\"input-title\">Ihr Name*<\/span>\n          <span class=\"wpcf7-form-control-wrap\" data-name=\"username\"><input size=\"40\" maxlength=\"400\" class=\"wpcf7-form-control wpcf7-text wpcf7-validates-as-required bordered\" aria-required=\"true\" aria-invalid=\"false\" value=\"\" type=\"text\" name=\"username\" \/><\/span>\n      <\/label>\n   <\/div>\n   <div class=\"form-group\">\n      <label>\n          <span class=\"input-title\">E-Mail*<\/span>\n          <span class=\"wpcf7-form-control-wrap\" data-name=\"email\"><input size=\"40\" maxlength=\"400\" class=\"wpcf7-form-control wpcf7-email wpcf7-validates-as-required wpcf7-text wpcf7-validates-as-email bordered\" aria-required=\"true\" aria-invalid=\"false\" value=\"\" type=\"email\" name=\"email\" \/><\/span>\n      <\/label>\n   <\/div>\n   <div class=\"form-group\">\n      <label>\n          <span class=\"input-title\">Nachricht*<\/span>\n          <span class=\"wpcf7-form-control-wrap\" data-name=\"message\"><textarea cols=\"40\" rows=\"2\" maxlength=\"2000\" class=\"wpcf7-form-control wpcf7-textarea wpcf7-validates-as-required\" aria-required=\"true\" aria-invalid=\"false\" name=\"message\"><\/textarea><\/span>\n      <\/label>\n   <\/div>\n   <span class=\"custom-checkbox_squad accept\">\n   <span class=\"wpcf7-form-control-wrap\" data-name=\"accept\"><span class=\"wpcf7-form-control wpcf7-acceptance\"><span class=\"wpcf7-list-item\"><label><input type=\"checkbox\" name=\"accept\" value=\"1\" aria-invalid=\"false\" \/><span class=\"wpcf7-list-item-label\"><span class=\"accept-text\">\n         <span class=\"text_grey-air\">Ich akzeptiere <\/span> \n         <a href=\"\/de\/agreement\/\" target=\"_blank\">die Benutzervereinbarung<\/a>\n         <span class=\"text_grey-air\"> und <\/span>\n         <a href=\"\/de\/agreement\/privacy-policy\/\" target=\"_blank\">die Datenschutzrichtlinie<\/a>\n      <\/span><\/span><\/label><\/span><\/span><\/span>\n   <\/span>\n   <div class=\"btn-group\">\n         <input class=\"wpcf7-form-control wpcf7-submit has-spinner btn\" type=\"submit\" value=\"Senden Sie\" \/>\n   <\/div><div class=\"wpcf7-response-output\" aria-hidden=\"true\"><\/div>\n<\/form>\n<\/div>\n                    <\/div>\n                <\/div>\n            <\/div>\n        <\/div>\n    <\/div>\n<\/section>\n\n    <section class=\" section-services section-relinking\">\n        <div class=\"text-with-img__title\">\n            <h2 class=\"title\">Das k\u00f6nnte Sie interessieren<\/h2>\n        <\/div>\n        <div class=\"blog container\">\n            <div class=\"blog__list\" data-is-last-page=\"N\">\n                            <div class=\"blog__item\">\n                                        <a class=\"blog__item__img\" href=\"\/de\/custom-fonts\/\" title=\"Personalisierung\">\n                                                   <img decoding=\"async\" width=\"760\" height=\"570\" src=\"https:\/\/typetype.org\/de\/wp-content\/uploads\/Kastomizatsiya-380x285-1.png\" class=\"attachment-medium_large size-medium_large\" alt=\"Personalisierung\" \/>                                            <\/a>\n                    <div class=\"blog__item__title\">\n                        <a href=\"\/de\/custom-fonts\/\" title=\"Personalisierung\">Personalisierung<\/a>\n                    <\/div>\n                    <p>Bei TypeType haben wir viel Erfahrung in\u00a0der Erstellung von vollst\u00e4ndig benutzerdefinierten Schriften und modifizierten kommerziellen Schriften aus unserer Sammlung.<br \/>\nVielleicht finden Sie einige Nuancen bereits vorhandener Schriften ungeeignet f\u00fcr Ihre Zwecke, oder Sie ben\u00f6tigen eine v\u00f6llig neue Schriftart, um\u00a0eine einzigartige Corporate Identity zu\u00a0schaffen.<\/p>\n  \n                    <a href=\"\/de\/custom-fonts\/\" class=\"read-more btn--medium-grey\" aria-label=\"Mehr erfahren: Personalisierung\">Mehr erfahren<\/a>\n                <\/div>\n                            <div class=\"blog__item\">\n                                        <a class=\"blog__item__img\" href=\"\/de\/mastering\/\" title=\"Mastering\">\n                                                   <img decoding=\"async\" width=\"760\" height=\"570\" src=\"https:\/\/typetype.org\/de\/wp-content\/uploads\/Mastering-380x285-1.png\" class=\"attachment-medium_large size-medium_large\" alt=\"Mastering\" \/>                                            <\/a>\n                    <div class=\"blog__item__title\">\n                        <a href=\"\/de\/mastering\/\" title=\"Mastering\">Mastering<\/a>\n                    <\/div>\n                    <p>Dabei handelt es\u00a0sich um\u00a0einen Service, bei dem wir Ihre Entw\u00fcrfe, Schriftz\u00fcge, Vektorbuchstaben oder auch Skizzen aus einem beliebigen Font-Editor in\u00a0eine voll funktionsf\u00e4hige Schrift verwandeln k\u00f6nnen. Wir sind bereit, Ihnen sowohl beim komplexen Mastering als auch bei der L\u00f6sung einzelner visueller oder technischer Probleme zu\u00a0helfen. TypeType Mastering l\u00e4sst sich in\u00a0mehrere Hauptbl\u00f6cke unterteilen: visuelles Mastering, technisches Mastering, Kerning und Font Hinting.<\/p>\n  \n                    <a href=\"\/de\/mastering\/\" class=\"read-more btn--medium-grey\" aria-label=\"Mehr erfahren: Mastering\">Mehr erfahren<\/a>\n                <\/div>\n                            <div class=\"blog__item\">\n                                        <a class=\"blog__item__img\" href=\"\/de\/hinting\/\" title=\"Hinting\">\n                                                   <img decoding=\"async\" width=\"760\" height=\"570\" src=\"https:\/\/typetype.org\/de\/wp-content\/uploads\/Hinting-380x285-1.png\" class=\"attachment-medium_large size-medium_large\" alt=\"Hinting\" \/>                                            <\/a>\n                    <div class=\"blog__item__title\">\n                        <a href=\"\/de\/hinting\/\" title=\"Hinting\">Hinting<\/a>\n                    <\/div>\n                    <p>Font hinting (auch als Instructing bekannt) ist die Verwendung von mathematischen Anweisungen, um\u00a0die Anzeige einer Umrissschrift so\u00a0anzupassen, dass sie mit einem gerasterten Raster \u00fcbereinstimmt.<br \/>\nBei niedrigen Bildschirmaufl\u00f6sungen ist das Hinting entscheidend f\u00fcr die Erzeugung eines klaren, lesbaren Textes. Es\u00a0kann durch Antialiasing und (auf Fl\u00fcssigkristallbildschirmen) Subpixel-Rendering erg\u00e4nzt werden, um\u00a0die Klarheit zu\u00a0erh\u00f6hen.<\/p>\n  \n                    <a href=\"\/de\/hinting\/\" class=\"read-more btn--medium-grey\" aria-label=\"Mehr erfahren: Hinting\">Mehr erfahren<\/a>\n                <\/div>\n                        <\/div>\n        <\/div>\n    <\/section>\n","protected":false},"excerpt":{"rendered":"<p>Planen Sie die Unterst\u00fctzung kyrillischer Schriftzeichen in einer bestehenden Hausschrift? Bestellen Sie Kyrillisierung und kyrillische Schriftarten von Muttersprachlern mit nachgewiesener Erfahrung im Schriftdesign.<\/p>\n","protected":false},"author":1,"featured_media":100000350,"parent":0,"menu_order":0,"comment_status":"closed","ping_status":"closed","template":"","meta":{"_acf_changed":false,"footnotes":""},"class_list":["post-3687","page","type-page","status-publish","has-post-thumbnail","hentry"],"acf":[],"_links":{"self":[{"href":"https:\/\/typetype.org\/de\/wp-json\/wp\/v2\/pages\/3687","targetHints":{"allow":["GET"]}}],"collection":[{"href":"https:\/\/typetype.org\/de\/wp-json\/wp\/v2\/pages"}],"about":[{"href":"https:\/\/typetype.org\/de\/wp-json\/wp\/v2\/types\/page"}],"author":[{"embeddable":true,"href":"https:\/\/typetype.org\/de\/wp-json\/wp\/v2\/users\/1"}],"replies":[{"embeddable":true,"href":"https:\/\/typetype.org\/de\/wp-json\/wp\/v2\/comments?post=3687"}],"version-history":[{"count":5,"href":"https:\/\/typetype.org\/de\/wp-json\/wp\/v2\/pages\/3687\/revisions"}],"predecessor-version":[{"id":47384,"href":"https:\/\/typetype.org\/de\/wp-json\/wp\/v2\/pages\/3687\/revisions\/47384"}],"wp:featuredmedia":[{"embeddable":true,"href":"https:\/\/typetype.org\/de\/wp-json\/wp\/v2\/media\/100000350"}],"wp:attachment":[{"href":"https:\/\/typetype.org\/de\/wp-json\/wp\/v2\/media?parent=3687"}],"curies":[{"name":"wp","href":"https:\/\/api.w.org\/{rel}","templated":true}]}}