{"id":28847,"date":"2024-04-04T13:35:10","date_gmt":"2024-04-04T10:35:10","guid":{"rendered":"https:\/\/typetype.org\/de\/?page_id=28847"},"modified":"2025-07-11T14:54:11","modified_gmt":"2025-07-11T11:54:11","slug":"videos","status":"publish","type":"page","link":"https:\/\/typetype.org\/de\/videos\/","title":{"rendered":"Video"},"content":{"rendered":"<div class=\"custom-screen \" style=\"max-width:1280px\">\n            <div class=\"custom-screen__row\">\n            <h1 class=\"custom-screen__title\">Video<\/h1>\n        <\/div>\n                <div class=\"custom-screen__row\">\n            <div class=\"custom-screen__subtitle\">Auf dieser Seite haben wir alle Videos von TypeType gesammelt. Hier finden Sie unsere Webinare, Vortr\u00e4ge \u00fcber Schriftarten und Vortr\u00e4ge von unseren Experten, Filme \u00fcber die Schriftgestaltung und andere n\u00fctzliche Materialien zum Thema Schriftdesign.<\/div>\n                    <\/div>\n            <\/div>","protected":false},"excerpt":{"rendered":"<p>Auf dieser Seite haben wir alle Videos von TypeType gesammelt. Hier finden Sie unsere Webinare, Vortr\u00e4ge \u00fcber Schriftarten und Vortr\u00e4ge von unseren Experten, Filme \u00fcber die Schriftgestaltung und andere n\u00fctzliche Materialien zum Thema Schriftdesign.<\/p>\n","protected":false},"author":10,"featured_media":10000048547,"parent":0,"menu_order":0,"comment_status":"closed","ping_status":"closed","template":"templates\/page-videos.php","meta":{"_acf_changed":false,"footnotes":""},"class_list":["post-28847","page","type-page","status-publish","has-post-thumbnail","hentry"],"acf":[],"_links":{"self":[{"href":"https:\/\/typetype.org\/de\/wp-json\/wp\/v2\/pages\/28847","targetHints":{"allow":["GET"]}}],"collection":[{"href":"https:\/\/typetype.org\/de\/wp-json\/wp\/v2\/pages"}],"about":[{"href":"https:\/\/typetype.org\/de\/wp-json\/wp\/v2\/types\/page"}],"author":[{"embeddable":true,"href":"https:\/\/typetype.org\/de\/wp-json\/wp\/v2\/users\/10"}],"replies":[{"embeddable":true,"href":"https:\/\/typetype.org\/de\/wp-json\/wp\/v2\/comments?post=28847"}],"version-history":[{"count":5,"href":"https:\/\/typetype.org\/de\/wp-json\/wp\/v2\/pages\/28847\/revisions"}],"predecessor-version":[{"id":34180,"href":"https:\/\/typetype.org\/de\/wp-json\/wp\/v2\/pages\/28847\/revisions\/34180"}],"wp:featuredmedia":[{"embeddable":true,"href":"https:\/\/typetype.org\/de\/wp-json\/wp\/v2\/media\/10000048547"}],"wp:attachment":[{"href":"https:\/\/typetype.org\/de\/wp-json\/wp\/v2\/media?parent=28847"}],"curies":[{"name":"wp","href":"https:\/\/api.w.org\/{rel}","templated":true}]}}