{"id":15455,"date":"2023-04-25T21:28:08","date_gmt":"2023-04-25T18:28:08","guid":{"rendered":"https:\/\/typetype.org\/de\/?page_id=15455"},"modified":"2025-07-11T14:55:29","modified_gmt":"2025-07-11T11:55:29","slug":"buying-rules","status":"publish","type":"page","link":"https:\/\/typetype.org\/de\/agreement\/buying-rules\/","title":{"rendered":"Regeln f\u00fcr den Kauf"},"content":{"rendered":"\n<h1 class=\"text-with-img__title  \">Kaufregeln<\/h1>\n\n\n<h3 class=\"wp-block-heading\">Zahlung<\/h3>\n\n\n\n<p>Transaktionen werden \u00fcber <a href=\"https:\/\/stripe.com\/\">Stripe<\/a> abgewickelt. Alle Kreditkarteninformationen werden direkt zwischen dem Browser und Stripe \u00fcbermittelt und nicht \u00fcber unsere Server. Wir verwenden Stripe-Tokens, um&nbsp;Transaktionen zu&nbsp;verfolgen und auf gespeicherte Kreditkarteninformationen zuzugreifen.<\/p>\n\n\n\n<h3 class=\"wp-block-heading\">Lieferung<\/h3>\n\n\n\n<p>Wir senden Ihnen die Font(s)-Dateien zusammen mit der Dokumentation (falls vorhanden) oder dem Download-Link an&nbsp;die von Ihnen bei der Bestellung angegebene E-Mail-Adresse. Dies stellt die Erf\u00fcllung unserer Verpflichtung zur Lizenzerteilung dar.<\/p>\n\n\n\n<p>In&nbsp;der Regel wird die Schriftartdatei am&nbsp;Tag der Zahlung geliefert, sp\u00e4testens jedoch drei Kalendertage nach dem Zahlungsdatum.<\/p>\n\n\n\n<h3 class=\"wp-block-heading\">R\u00fcckgaberecht<\/h3>\n\n\n\n<p>Wir bieten keine R\u00fcckgaben\u00a0an, unsere Regel lautet: \u201cAlle Verk\u00e4ufe sind endg\u00fcltig\u201d. Der Lizenznehmer kann unsere Testschrift verwenden, um\u00a0sicherzustellen, dass sie seinen\/ihren Erwartungen entspricht. In\u00a0Ausnahmef\u00e4llen k\u00f6nnen wir auf Wunsch des Lizenznehmers nach unserem Ermessen einen Rabatt auf zuk\u00fcnftige K\u00e4ufe oder einen Ersatz der Schriftarten gew\u00e4hren, sofern folgende Bedingungen erf\u00fcllt sind:<\/p>\n\n\n\n<ul class=\"wp-block-list\">\n<li>Die Schriftarten wurden vom Lizenznehmer in&nbsp;keinem ver\u00f6ffentlichten oder freigegebenen Kunstwerk verwendet. <\/li>\n\n\n\n<li>Seit dem Kaufdatum, das auf der Quittung angegeben ist, sind nicht mehr als 30&nbsp;Tage vergangen. <\/li>\n\n\n\n<li>Die Schriftarten wurden vollst\u00e4ndig von allen Installationen, Servern und Backups des Lizenznehmers entfernt oder vernichtet. <\/li>\n<\/ul>\n\n\n\n<p>Solche Anfragen werden in&nbsp;der Regel innerhalb von 3-5 Werktagen bearbeitet. Wenn Sie eine Anfrage stellen m\u00f6chten, m\u00fcssen Sie uns unter <a href=\"mailto:commercial@typetype.org\" target=\"_blank\" rel=\"noreferrer noopener\">commercial@typetype.org<\/a> unter Angabe der Bestellnummer und der gew\u00fcnschten Ma\u00dfnahmen schreiben.<\/p>\n\n\n\n<h3 class=\"wp-block-heading\">Gew\u00e4hrleistung<\/h3>\n\n\n\n<p>Die Schriftarten werden \u201cwie besehen\u201d bereitgestellt. Das gesamte Risiko hinsichtlich der Qualit\u00e4t und Leistung der Schriftart liegt bei Ihnen. Es\u00a0gibt keine ausdr\u00fccklichen oder stillschweigenden Garantien oder Bedingungen, einschlie\u00dflich, aber nicht beschr\u00e4nkt auf stillschweigende Garantien der Marktg\u00e4ngigkeit oder Eignung f\u00fcr einen bestimmten Zweck, die von Typetype in\u00a0Bezug auf die Schriftart gemacht werden.<\/p>\n\n\n\n<p>JEDE DURCH GESETZ ENTSTANDENE STILLSCHWEIGENDE GARANTIE ODER BEDINGUNG IST NUR F\u00dcR EINEN GARANTIEZEITRAUM VON DREI\u00dfIG (30) TAGEN WIRKSAM. NACH DEM DREI\u00dfIG (30) TAGE GARANTIEZEITRAUM GIBT ES&nbsp;KEINE GARANTIEN ODER BEDINGUNGEN JEGLICHER ART. <\/p>\n\n\n\n<p>Einige Rechtsordnungen erlauben keine Ausschl\u00fcsse oder Beschr\u00e4nkungen von zuf\u00e4lligen, Folge-, besonderen Sch\u00e4den oder stillschweigenden Garantien, sodass die oben genannten Ausschl\u00fcsse m\u00f6glicherweise nicht zutreffen. Andernfalls stimmt der Kunde, soweit gesetzlich zul\u00e4ssig, zu, dass alle stillschweigenden Garantien nicht l\u00e4nger als drei\u00dfig (30) Tage oder die k\u00fcrzeste gesetzlich zul\u00e4ssige Frist wirksam sind, je&nbsp;nachdem, welcher Zeitraum k\u00fcrzer ist. <\/p>\n\n\n\n<p>Wir sind jedoch bestrebt, Schriftarten von h\u00f6chster Qualit\u00e4t anzubieten. Wenn der Lizenznehmer mit seinem\/ihrem Kauf nicht vollst\u00e4ndig zufrieden ist oder Anmerkungen zur Qualit\u00e4t der Schriftart oder andere Anspr\u00fcche hat, kontaktieren Sie uns bitte per E-Mail unter <a href=\"mailto:commercial@typetype.org\" target=\"_blank\" rel=\"noreferrer noopener\">commercial@typetype.org<\/a>, und wir werden unser Bestes tun, um&nbsp;die Situation zu&nbsp;kl\u00e4ren. <\/p>\n","protected":false},"excerpt":{"rendered":"<p>Zahlung Transaktionen werden \u00fcber Stripe abgewickelt. Alle Kreditkarteninformationen werden direkt zwischen dem Browser und Stripe \u00fcbermittelt und nicht \u00fcber unsere Server. Wir verwenden Stripe-Tokens, um&nbsp;Transaktionen zu&nbsp;verfolgen und auf gespeicherte Kreditkarteninformationen zuzugreifen. Lieferung Wir senden Ihnen die Font(s)-Dateien zusammen mit der Dokumentation (falls vorhanden) oder dem Download-Link an&nbsp;die von Ihnen bei der Bestellung angegebene E-Mail-Adresse. Dies&#8230;<\/p>\n","protected":false},"author":2,"featured_media":100000335,"parent":0,"menu_order":0,"comment_status":"closed","ping_status":"closed","template":"templates\/page-text.php","meta":{"_acf_changed":false,"footnotes":""},"class_list":["post-15455","page","type-page","status-publish","has-post-thumbnail","hentry"],"acf":[],"_links":{"self":[{"href":"https:\/\/typetype.org\/de\/wp-json\/wp\/v2\/pages\/15455","targetHints":{"allow":["GET"]}}],"collection":[{"href":"https:\/\/typetype.org\/de\/wp-json\/wp\/v2\/pages"}],"about":[{"href":"https:\/\/typetype.org\/de\/wp-json\/wp\/v2\/types\/page"}],"author":[{"embeddable":true,"href":"https:\/\/typetype.org\/de\/wp-json\/wp\/v2\/users\/2"}],"replies":[{"embeddable":true,"href":"https:\/\/typetype.org\/de\/wp-json\/wp\/v2\/comments?post=15455"}],"version-history":[{"count":5,"href":"https:\/\/typetype.org\/de\/wp-json\/wp\/v2\/pages\/15455\/revisions"}],"predecessor-version":[{"id":37712,"href":"https:\/\/typetype.org\/de\/wp-json\/wp\/v2\/pages\/15455\/revisions\/37712"}],"wp:featuredmedia":[{"embeddable":true,"href":"https:\/\/typetype.org\/de\/wp-json\/wp\/v2\/media\/100000335"}],"wp:attachment":[{"href":"https:\/\/typetype.org\/de\/wp-json\/wp\/v2\/media?parent=15455"}],"curies":[{"name":"wp","href":"https:\/\/api.w.org\/{rel}","templated":true}]}}